{"id":72097,"date":"2025-02-17T19:18:07","date_gmt":"2025-02-17T19:18:07","guid":{"rendered":"https:\/\/brandss.com.py\/index\/?post_type=product&#038;p=72097"},"modified":"2025-02-17T19:18:36","modified_gmt":"2025-02-17T19:18:36","slug":"calzado-deportivo-femenino-adidas-ultraboost-22-6","status":"publish","type":"product","link":"https:\/\/brandss.com.py\/index\/producto\/calzado-deportivo-femenino-adidas-ultraboost-22-6\/","title":{"rendered":"CALZADO DEPORTIVO FEMENINO ADIDAS ULTRABOOST 22"},"content":{"rendered":"<p><img loading=\"lazy\" decoding=\"async\" class=\"\" src=\"https:\/\/encrypted-tbn0.gstatic.com\/images?q=tbn:ANd9GcQIO9HvRepmQOPQJtDj-jBhpxzG3DGQDZuYWA&amp;s\" alt=\"Logotipo de Adidas PNG transparente - StickPNG\" width=\"156\" height=\"98\" \/><\/p>\n<h1>ULTRABOOST 22<\/h1>\n<h3 class=\"subtitle___9ljbp\">4% M\u00c1S DE RETORNO DE ENERG\u00cdA EN EL ANTEPI\u00c9 QUE LOS ULTRABOOST 21 CON UN AJUSTE MEJORADO PARA ADAPTARSE 360\u00b0 AL PIE FEMENINO<\/h3>\n<p class=\"gl-vspace\">Hemos analizado 1.200.000 pisadas para que Ultraboost evolucione y mejore su ajuste para adaptarse 360\u00b0 al pie femenino. Y a\u00fan hay m\u00e1s. Hemos redise\u00f1ado la suela de caucho. Probamos cientos de prototipos. Hasta que comprobamos las mejoras en su rendimiento. \u00bfEl resultado? Un 4 % m\u00e1s de energ\u00eda que los Ultraboost 21 para mujer. El ajuste en el \u00e1rea del tal\u00f3n del exterior adidas PRIMEKNIT se dise\u00f1\u00f3 para evitar que el tal\u00f3n se deslice y se formen ampollas. Estar\u00e1s corriendo sobre una mediasuela BOOST con tecnolog\u00eda Linear Energy Push. El exterior de este calzado est\u00e1 confeccionado con hilo que contiene un 50% de Parley Ocean Plastic, un material que ha sido recuperado de residuos pl\u00e1sticos recogidos en islas, playas, comunidades costeras y costas evitando que contaminen nuestros oc\u00e9anos.<\/p>\n<div style=\"width: 720px;\" class=\"wp-video\"><video class=\"wp-video-shortcode\" id=\"video-72097-1\" width=\"720\" height=\"720\" preload=\"metadata\" controls=\"controls\"><source type=\"video\/webm\" src=\"https:\/\/brandss.com.py\/index\/wp-content\/uploads\/2025\/02\/TENIS_ULTRABOOST_22_Negro_H01168_video.webm?_=1\" \/><a href=\"https:\/\/brandss.com.py\/index\/wp-content\/uploads\/2025\/02\/TENIS_ULTRABOOST_22_Negro_H01168_video.webm\">https:\/\/brandss.com.py\/index\/wp-content\/uploads\/2025\/02\/TENIS_ULTRABOOST_22_Negro_H01168_video.webm<\/a><\/video><\/div>\n<div class=\"highlight___3fa4r\">\n<div class=\"highlight-text___lgoJI\">\n<h3 class=\"highlight-text__headline___25B2G\">Comodidad adaptada al pie femenino<\/h3>\n<p>Un ajuste mejorado en el tal\u00f3n y una curva del empeine m\u00e1s baja para una mayor comodidad, dise\u00f1ada para una mejor sujeci\u00f3n y evitar heridas en el tal\u00f3n.<\/p>\n<\/div>\n<\/div>\n<div class=\"highlight___3fa4r\"><img loading=\"lazy\" decoding=\"async\" class=\"alignright\" src=\"https:\/\/assets.adidas.com\/images\/h_2000,f_auto,q_auto,fl_lossy,c_fill,g_auto\/5ce1d1ca71354e5095bbaeb500ff87f6_9366\/TENIS_ULTRABOOST_22_Negro_H01168_HM5.jpg\" width=\"612\" height=\"612\" \/><\/p>\n<div class=\"highlight-text___lgoJI\">\n<h3 class=\"highlight-text__headline___25B2G\">Un dise\u00f1o basado en la biomec\u00e1nica del pie femenino.<\/h3>\n<p>Nueva suela redise\u00f1ada al mil\u00edmetro, creada para una amortiguaci\u00f3n m\u00e1s suave y evitar la sobrepronaci\u00f3n.<\/p>\n<\/div>\n<\/div>\n<div class=\"highlight___3fa4r\">\n<div class=\"highlight-text___lgoJI\">\n<h3 class=\"highlight-text__headline___25B2G\">Transforma el problema en la soluci\u00f3n<\/h3>\n<p>Traen una suela de caucho natural continental y un exterior fabricado con hilo que contiene al menos 50% de Parley Ocean Plastic.<\/p>\n<\/div>\n<\/div>\n<div class=\"highlight___3fa4r\">\n<div class=\"highlight-text___lgoJI\">\n<h3 class=\"highlight-text__headline___25B2G\">GANADOR DEL PREMIO T3<\/h3>\n<p>Domina tu energ\u00eda con &#8220;los mejores tenis de running para mujer por mucho&#8221; &#8211; premio otorgado por la revista l\u00edder de tecnolog\u00eda, T3.<\/p>\n<div class=\"accordion__header-text___2o9Im\">\n<h2 class=\"accordion-title___2sTgR\">Tecnolog\u00eda<\/h2>\n<\/div>\n<div class=\"accordion__header-icon___2FuRa\"><\/div>\n<div class=\"accordion__content___29x9h\">\n<div class=\"content-padding___2kVWQ\">\n<div class=\"technologies-section___3gZqW technologies-section--w-img___1dgiS\">\n<div class=\"technologies-asset-container___2eDiC\"><\/div>\n<div class=\"technologies-content-container--w-img___39J4G\">\n<div class=\"technologies-content-name___kkx_0\">BOOST<\/div>\n<div class=\"technologies-content-title___moWj6\">Energ\u00eda ilimitada<\/div>\n<p class=\"technologies-content-subtitle___2bGCf\">La amortiguaci\u00f3n adidas BOOST te proporciona m\u00e1ximo retorno de energ\u00eda y comodidad en cada paso.<\/p>\n<div class=\"accordion__header-text___2o9Im\">\n<h2 class=\"accordion-title___2sTgR\">Caracter\u00edsticas<\/h2>\n<\/div>\n<div class=\"accordion__header-icon___2FuRa\"><\/div>\n<div class=\"accordion__content___29x9h\">\n<div class=\"content-padding___2kVWQ\">\n<div class=\"features-section___1pumR\">\n<div class=\"item___1X-1_\"><img decoding=\"async\" class=\"img_with_fallback___2aHBu feature-icon___3S9eQ\" src=\"https:\/\/brand.assets.adidas.com\/image\/upload\/neutral_16b16d1637.png\" alt=\"\" data-auto-id=\"image\" \/><\/p>\n<p class=\"feature-icon-text___3Owgv\">Neutro<\/p>\n<\/div>\n<div class=\"item___1X-1_\"><img decoding=\"async\" class=\"img_with_fallback___2aHBu feature-icon___3S9eQ\" src=\"https:\/\/brand.assets.adidas.com\/image\/upload\/regular_a176d1f2d6.png\" alt=\"\" data-auto-id=\"image\" \/><\/p>\n<p class=\"feature-icon-text___3Owgv\">Horma cl\u00e1sica Mujer<\/p>\n<\/div>\n<div class=\"special-item___2Ohsx\">\n<h2 class=\"accordion-title___2sTgR\">Detalles<\/h2>\n<\/div>\n<div class=\"special-item___2Ohsx\">\n<p class=\"feature-icon-summary-small___31Rc0\">\n<\/div>\n<\/div>\n<div class=\"bullets___3bsSs\" data-auto-id=\"specifications-section\" data-testid=\"specifications-section\">\n<ul class=\"gl-list\">\n<li class=\"gl-vspace-bpall-small\">Ajuste cl\u00e1sico.<\/li>\n<li class=\"gl-vspace-bpall-small\">Sistema de amarre de cordones.<\/li>\n<li class=\"gl-vspace-bpall-small\">Exterior de tejido adidas Primeknit.<\/li>\n<li class=\"gl-vspace-bpall-small\">Ajuste suave en el tal\u00f3n.<\/li>\n<li class=\"gl-vspace-bpall-small\">Sistema Linear Energy Push.<\/li>\n<li class=\"gl-vspace-bpall-small\">Mediasuela BOOST.<\/li>\n<li class=\"gl-vspace-bpall-small\">Suela Stretchweb con caucho Continental\u2122 Better Rubber.<\/li>\n<li class=\"gl-vspace-bpall-small\">El hilo del exterior contiene al menos un 50% de Parley Ocean Plastic y un 50% de poli\u00e9ster reciclado.<\/li>\n<li class=\"gl-vspace-bpall-small\">Color: Core Black \/ Core Black \/ Legacy Purple.<\/li>\n<li class=\"gl-vspace-bpall-small\">Modelo: H01168.<\/li>\n<\/ul>\n<\/div>\n<\/div>\n<\/div>\n<\/div>\n<\/div>\n<\/div>\n<\/div>\n<\/div>\n<\/div>\n","protected":false},"excerpt":{"rendered":"<p>ULTRABOOST 22 4% M\u00c1S DE RETORNO DE ENERG\u00cdA EN EL ANTEPI\u00c9 QUE LOS ULTRABOOST 21 CON UN AJUSTE MEJORADO PARA<\/p>\n","protected":false},"featured_media":72099,"comment_status":"open","ping_status":"closed","template":"","meta":{"nf_dc_page":""},"product_brand":[],"product_cat":[73],"product_tag":[],"class_list":{"0":"post-72097","1":"product","2":"type-product","3":"status-publish","4":"has-post-thumbnail","6":"product_cat-femenino","8":"first","9":"instock","10":"shipping-taxable","11":"purchasable","12":"product-type-simple"},"_links":{"self":[{"href":"https:\/\/brandss.com.py\/index\/wp-json\/wp\/v2\/product\/72097","targetHints":{"allow":["GET"]}}],"collection":[{"href":"https:\/\/brandss.com.py\/index\/wp-json\/wp\/v2\/product"}],"about":[{"href":"https:\/\/brandss.com.py\/index\/wp-json\/wp\/v2\/types\/product"}],"replies":[{"embeddable":true,"href":"https:\/\/brandss.com.py\/index\/wp-json\/wp\/v2\/comments?post=72097"}],"version-history":[{"count":1,"href":"https:\/\/brandss.com.py\/index\/wp-json\/wp\/v2\/product\/72097\/revisions"}],"predecessor-version":[{"id":72113,"href":"https:\/\/brandss.com.py\/index\/wp-json\/wp\/v2\/product\/72097\/revisions\/72113"}],"wp:featuredmedia":[{"embeddable":true,"href":"https:\/\/brandss.com.py\/index\/wp-json\/wp\/v2\/media\/72099"}],"wp:attachment":[{"href":"https:\/\/brandss.com.py\/index\/wp-json\/wp\/v2\/media?parent=72097"}],"wp:term":[{"taxonomy":"product_brand","embeddable":true,"href":"https:\/\/brandss.com.py\/index\/wp-json\/wp\/v2\/product_brand?post=72097"},{"taxonomy":"product_cat","embeddable":true,"href":"https:\/\/brandss.com.py\/index\/wp-json\/wp\/v2\/product_cat?post=72097"},{"taxonomy":"product_tag","embeddable":true,"href":"https:\/\/brandss.com.py\/index\/wp-json\/wp\/v2\/product_tag?post=72097"}],"curies":[{"name":"wp","href":"https:\/\/api.w.org\/{rel}","templated":true}]}}