{"id":72114,"date":"2025-02-18T12:03:01","date_gmt":"2025-02-18T12:03:01","guid":{"rendered":"https:\/\/brandss.com.py\/index\/?post_type=product&#038;p=72114"},"modified":"2025-02-18T12:03:45","modified_gmt":"2025-02-18T12:03:45","slug":"calzado-deportivo-femnino-adidas-ultraboost-22-heat-rdy","status":"publish","type":"product","link":"https:\/\/brandss.com.py\/index\/producto\/calzado-deportivo-femnino-adidas-ultraboost-22-heat-rdy\/","title":{"rendered":"CALZADO DEPORTIVO FEMNINO ADIDAS ULTRABOOST 22 HEAT.RDY"},"content":{"rendered":"<p><img loading=\"lazy\" decoding=\"async\" class=\"\" src=\"https:\/\/upload.wikimedia.org\/wikipedia\/commons\/2\/20\/Adidas_Logo.svg\" alt=\"Archivo:Adidas Logo.svg - Wikipedia, la enciclopedia libre\" width=\"109\" height=\"75\" \/><\/p>\n<h1>ULTRABOOST 22 HEAT.RDY<\/h1>\n<h3 class=\"subtitle___9ljbp\"><span>Calzados de running ventiladas con entresuela que retorna energ\u00eda.<\/span><\/h3>\n<p class=\"gl-vspace\"><span>Cuando la temperatura es alta, pero tu motivaci\u00f3n es mayor. Ponte estos calzados para correr adidas Ultraboost y sal a la sombra de la calle. La combinaci\u00f3n de comodidad, capacidad de respuesta y transpirabilidad te har\u00e1 sentir bien durante los kil\u00f3metros que recorres en climas c\u00e1lidos. HEAT.RDY te mantiene fresco y BOOST te devuelve energ\u00eda con cada paso. No olvides beber agua.<\/span><\/p>\n<div class=\"highlight___3fa4r\">\n<div class=\"highlight-text___lgoJI\">\n<h3 class=\"highlight-text__headline___25B2G\"><span>Energ\u00eda sin fin<\/span><\/h3>\n<p><span>adidas BOOST ofrece un incre\u00edble retorno de energ\u00eda y comodidad instant\u00e1nea en cada paso para que sigas adelante.<\/span><\/p>\n<\/div>\n<\/div>\n<div class=\"highlight___3fa4r\">\n<div class=\"highlight-text___lgoJI\">\n<h3 class=\"highlight-text__headline___25B2G\"><span>Parte superior que abraza el pie<\/span><\/h3>\n<p><span>La parte superior adidas PRIMEKNIT envuelve el pie con un ajuste firme que mejora el movimiento.<\/span><\/p>\n<\/div>\n<\/div>\n<div class=\"highlight___3fa4r\">\n<div class=\"highlight-text___lgoJI\">\n<h3 class=\"highlight-text__headline___25B2G\">Ultra impulso<\/h3>\n<p>C\u00f3modo y con capacidad de respuesta, Ultraboost se convirti\u00f3 en nuestro primer calzado tan popular en el estilo cotidiano como en el running de alto rendimiento.<\/p>\n<div class=\"accordion__header-text___2o9Im\">\n<h2 class=\"accordion-title___2sTgR\">Caracter\u00edsticas<\/h2>\n<\/div>\n<div class=\"accordion__header-icon___2FuRa\"><\/div>\n<div class=\"accordion__content___29x9h\">\n<div class=\"content-padding___2kVWQ\">\n<div class=\"features-section___1pumR\">\n<div class=\"item___1X-1_\"><img decoding=\"async\" class=\"img_with_fallback___2aHBu feature-icon___3S9eQ\" src=\"https:\/\/brand.assets.adidas.com\/image\/upload\/long_882a03b686.png\" alt=\"\" data-auto-id=\"image\" \/><\/p>\n<p class=\"feature-icon-text___3Owgv\">Larga distancia (0 &#8211; 42+ Km)<\/p>\n<p class=\"feature-icon-summary-small___31Rc0\">Larga distancia (0 &#8211; 42+ Km)<\/p>\n<\/div>\n<div class=\"item___1X-1_\"><img decoding=\"async\" class=\"img_with_fallback___2aHBu feature-icon___3S9eQ\" src=\"https:\/\/brand.assets.adidas.com\/image\/upload\/neutral_16b16d1637.png\" alt=\"\" data-auto-id=\"image\" \/><\/p>\n<p class=\"feature-icon-text___3Owgv\">Neutral<\/p>\n<p class=\"feature-icon-summary-small___31Rc0\">Neutral<\/p>\n<\/div>\n<div class=\"item___1X-1_\"><img decoding=\"async\" class=\"img_with_fallback___2aHBu feature-icon___3S9eQ\" src=\"https:\/\/brand.assets.adidas.com\/image\/upload\/regular_a176d1f2d6.png\" alt=\"\" data-auto-id=\"image\" \/><\/p>\n<p class=\"feature-icon-text___3Owgv\">Mujeres de ancho regular<\/p>\n<p class=\"feature-icon-summary-small___31Rc0\">Ancho regular<\/p>\n<\/div>\n<div class=\"special-item___2Ohsx\">\n<h2 class=\"accordion-title___2sTgR\">Detalles<\/h2>\n<p class=\"feature-icon-summary-small___31Rc0\">\n<\/div>\n<\/div>\n<div class=\"bullets___3bsSs\" data-auto-id=\"specifications-section\" data-testid=\"specifications-section\">\n<ul class=\"gl-list\">\n<li class=\"gl-vspace-bpall-small\">Cierre de encaje.<\/li>\n<li class=\"gl-vspace-bpall-small\">Parte superior textil adidas PRIMEKNIT.<\/li>\n<li class=\"gl-vspace-bpall-small\">Entresuela BOOST.<\/li>\n<li class=\"gl-vspace-bpall-small\">Sistema de empuje de energ\u00eda lineal.<\/li>\n<li class=\"gl-vspace-bpall-small\">Peso: 289 g.<\/li>\n<li class=\"gl-vspace-bpall-small\">Suela Stretchweb con caucho Continental\u2122 Better.<\/li>\n<li class=\"gl-vspace-bpall-small\">Color: Negro b\u00e1sico \/ Naranja transparente \/ Blanco cristal.<\/li>\n<li class=\"gl-vspace-bpall-small\">Modelo: H01174.<\/li>\n<\/ul>\n<\/div>\n<\/div>\n<\/div>\n<\/div>\n<\/div>\n","protected":false},"excerpt":{"rendered":"<p>ULTRABOOST 22 HEAT.RDY Calzados de running ventiladas con entresuela que retorna energ\u00eda. Cuando la temperatura es alta, pero tu motivaci\u00f3n<\/p>\n","protected":false},"featured_media":72115,"comment_status":"open","ping_status":"closed","template":"","meta":{"nf_dc_page":""},"product_brand":[],"product_cat":[73],"product_tag":[],"class_list":{"0":"post-72114","1":"product","2":"type-product","3":"status-publish","4":"has-post-thumbnail","6":"product_cat-femenino","8":"first","9":"instock","10":"shipping-taxable","11":"purchasable","12":"product-type-simple"},"_links":{"self":[{"href":"https:\/\/brandss.com.py\/index\/wp-json\/wp\/v2\/product\/72114","targetHints":{"allow":["GET"]}}],"collection":[{"href":"https:\/\/brandss.com.py\/index\/wp-json\/wp\/v2\/product"}],"about":[{"href":"https:\/\/brandss.com.py\/index\/wp-json\/wp\/v2\/types\/product"}],"replies":[{"embeddable":true,"href":"https:\/\/brandss.com.py\/index\/wp-json\/wp\/v2\/comments?post=72114"}],"version-history":[{"count":1,"href":"https:\/\/brandss.com.py\/index\/wp-json\/wp\/v2\/product\/72114\/revisions"}],"predecessor-version":[{"id":72124,"href":"https:\/\/brandss.com.py\/index\/wp-json\/wp\/v2\/product\/72114\/revisions\/72124"}],"wp:featuredmedia":[{"embeddable":true,"href":"https:\/\/brandss.com.py\/index\/wp-json\/wp\/v2\/media\/72115"}],"wp:attachment":[{"href":"https:\/\/brandss.com.py\/index\/wp-json\/wp\/v2\/media?parent=72114"}],"wp:term":[{"taxonomy":"product_brand","embeddable":true,"href":"https:\/\/brandss.com.py\/index\/wp-json\/wp\/v2\/product_brand?post=72114"},{"taxonomy":"product_cat","embeddable":true,"href":"https:\/\/brandss.com.py\/index\/wp-json\/wp\/v2\/product_cat?post=72114"},{"taxonomy":"product_tag","embeddable":true,"href":"https:\/\/brandss.com.py\/index\/wp-json\/wp\/v2\/product_tag?post=72114"}],"curies":[{"name":"wp","href":"https:\/\/api.w.org\/{rel}","templated":true}]}}