{"id":72125,"date":"2025-02-18T12:49:53","date_gmt":"2025-02-18T12:49:53","guid":{"rendered":"https:\/\/brandss.com.py\/index\/?post_type=product&#038;p=72125"},"modified":"2025-02-18T12:51:21","modified_gmt":"2025-02-18T12:51:21","slug":"calzado-deportivo-femenino-adidas-ozelia","status":"publish","type":"product","link":"https:\/\/brandss.com.py\/index\/producto\/calzado-deportivo-femenino-adidas-ozelia\/","title":{"rendered":"CALZADO DEPORTIVO FEMENINO ADIDAS OZELIA"},"content":{"rendered":"<p><img loading=\"lazy\" decoding=\"async\" class=\"\" src=\"https:\/\/upload.wikimedia.org\/wikipedia\/commons\/2\/20\/Adidas_Logo.svg\" alt=\"Archivo:Adidas Logo.svg - Wikipedia, la enciclopedia libre\" width=\"97\" height=\"67\" \/><\/p>\n<h1>OZELIA<\/h1>\n<h3 class=\"subtitle___9ljbp\"><span>Logra un look impactante con estos zapatos gruesos y progresistas.<\/span><\/h3>\n<p class=\"gl-vspace\"><span>Si todo tiene que empezar en alg\u00fan lado, dir\u00edamos que los a\u00f1os 90 son un buen punto de partida. Tomemos como ejemplo estos CALZADOS OZELIA. El ADN proviene directamente del pasado de adidas, pero el aspecto futurista es m\u00e1s maduro con una estructura monocrom\u00e1tica y elegante. La amortiguaci\u00f3n Adiprene hace que cada paso se sienta como un buen paso.<\/span><\/p>\n<div class=\"accordion__header-text___2o9Im\">\n<h2 class=\"accordion-title___2sTgR\"><span>Detalles<\/span><\/h2>\n<\/div>\n<div class=\"accordion__header-icon___2FuRa\"><\/div>\n<div class=\"accordion__content___29x9h\">\n<div class=\"content-padding___2kVWQ\">\n<div class=\"bullets___3bsSs\" data-auto-id=\"specifications-section\" data-testid=\"specifications-section\">\n<ul class=\"gl-list\">\n<li class=\"gl-vspace-bpall-small\"><span>Ajuste perfecto.<\/span><\/li>\n<li class=\"gl-vspace-bpall-small\"><span>Cierre de encaje.<\/span><\/li>\n<li class=\"gl-vspace-bpall-small\"><span>Parte superior de textil y cuero.<\/span><\/li>\n<li class=\"gl-vspace-bpall-small\"><span>Abraza el pie.<\/span><\/li>\n<li class=\"gl-vspace-bpall-small\"><span>Amortiguaci\u00f3n Adiprene.<\/span><\/li>\n<li class=\"gl-vspace-bpall-small\"><span>Suela de goma.<\/span><\/li>\n<li class=\"gl-vspace-bpall-small\"><span>Color: Negro b\u00e1sico \/ Rosa transparente \/ Blanco nube.<\/span><\/li>\n<li class=\"gl-vspace-bpall-small\"><span>Modelo: H04266.<\/span><\/li>\n<\/ul>\n<\/div>\n<\/div>\n<\/div>\n","protected":false},"excerpt":{"rendered":"<p>OZELIA Logra un look impactante con estos zapatos gruesos y progresistas. Si todo tiene que empezar en alg\u00fan lado, dir\u00edamos<\/p>\n","protected":false},"featured_media":72126,"comment_status":"open","ping_status":"closed","template":"","meta":{"nf_dc_page":""},"product_brand":[],"product_cat":[73],"product_tag":[],"class_list":{"0":"post-72125","1":"product","2":"type-product","3":"status-publish","4":"has-post-thumbnail","6":"product_cat-femenino","8":"first","9":"instock","10":"shipping-taxable","11":"purchasable","12":"product-type-simple"},"_links":{"self":[{"href":"https:\/\/brandss.com.py\/index\/wp-json\/wp\/v2\/product\/72125","targetHints":{"allow":["GET"]}}],"collection":[{"href":"https:\/\/brandss.com.py\/index\/wp-json\/wp\/v2\/product"}],"about":[{"href":"https:\/\/brandss.com.py\/index\/wp-json\/wp\/v2\/types\/product"}],"replies":[{"embeddable":true,"href":"https:\/\/brandss.com.py\/index\/wp-json\/wp\/v2\/comments?post=72125"}],"version-history":[{"count":1,"href":"https:\/\/brandss.com.py\/index\/wp-json\/wp\/v2\/product\/72125\/revisions"}],"predecessor-version":[{"id":72137,"href":"https:\/\/brandss.com.py\/index\/wp-json\/wp\/v2\/product\/72125\/revisions\/72137"}],"wp:featuredmedia":[{"embeddable":true,"href":"https:\/\/brandss.com.py\/index\/wp-json\/wp\/v2\/media\/72126"}],"wp:attachment":[{"href":"https:\/\/brandss.com.py\/index\/wp-json\/wp\/v2\/media?parent=72125"}],"wp:term":[{"taxonomy":"product_brand","embeddable":true,"href":"https:\/\/brandss.com.py\/index\/wp-json\/wp\/v2\/product_brand?post=72125"},{"taxonomy":"product_cat","embeddable":true,"href":"https:\/\/brandss.com.py\/index\/wp-json\/wp\/v2\/product_cat?post=72125"},{"taxonomy":"product_tag","embeddable":true,"href":"https:\/\/brandss.com.py\/index\/wp-json\/wp\/v2\/product_tag?post=72125"}],"curies":[{"name":"wp","href":"https:\/\/api.w.org\/{rel}","templated":true}]}}