{"id":72156,"date":"2025-02-18T17:49:18","date_gmt":"2025-02-18T17:49:18","guid":{"rendered":"https:\/\/brandss.com.py\/index\/?post_type=product&#038;p=72156"},"modified":"2026-04-16T12:25:43","modified_gmt":"2026-04-16T12:25:43","slug":"perfume-masculino-lattafa-fakhar-men-edp-100ml","status":"publish","type":"product","link":"https:\/\/brandss.com.py\/index\/producto\/perfume-masculino-lattafa-fakhar-men-edp-100ml\/","title":{"rendered":"PERFUME MASCULINO LATTAFA FAKHAR MEN EDP 100ML"},"content":{"rendered":"<p><img loading=\"lazy\" decoding=\"async\" class=\"\" src=\"https:\/\/myscentjourney.s3.us-east-2.amazonaws.com\/2022\/02\/14\/29KIascent_j_marca_1644871114_202.png\" alt=\"MSJ::LATTAFA\" width=\"107\" height=\"127\" \/><\/p>\n<h1>FAKHAR MEN<\/h1>\n<p>Es un Eau de Parfum afrutado y fresco dise\u00f1ado espec\u00edficamente para los c\u00e1lidos d\u00edas de primavera y verano. Con su refrescante combinaci\u00f3n de notas afrutadas , especiadas y amaderadas , esta fragancia captura la esencia del verano, el sol y la libertad. Perfecta para hombres que buscan realzar su aura masculina con un toque de elegancia.<img loading=\"lazy\" decoding=\"async\" class=\"alignleft\" src=\"https:\/\/hookain.de\/media\/weedesign_images2webp\/1600\/lattafa-fakhar-men-100-ml-1.webp\" width=\"331\" height=\"331\" \/><\/p>\n<p>Fakhar Men es el compa\u00f1ero perfecto para los calurosos d\u00edas de verano. Su composici\u00f3n ligera y refrescante ofrece una agradable experiencia de uso, evocando una sensaci\u00f3n de vacaciones y relajaci\u00f3n. Desde su lanzamiento en 2021, esta fragancia se ha convertido en una de las favoritas por su frescura y ligereza veraniegas.<\/p>\n<p>&nbsp;<\/p>\n<h3>Notas Olfativas<\/h3>\n<p>&nbsp;<\/p>\n<p>Fakhar Black Eau de Parfum Lattafa Perfumes se clasifica como una fragancia para hombres y pertenece a la familia Chypre. Fakhar Black Eau de Parfum forma parte de la colecci\u00f3n Fakhar.<\/p>\n<p>&nbsp;<\/p>\n<ul>\n<li><strong><span>Notas de salida<\/span><\/strong><span>: <\/span>Manzana, Bergamota, Jengibre.<\/li>\n<li><strong><span>Notas de coraz\u00f3n<\/span><\/strong><span>: <\/span>Lavanda, Sabio, Bayas de enebro, Geranio.<\/li>\n<li><strong><span>Notas\u00a0 de base<\/span><\/strong><span>: <\/span>Habas tonka, Madera de \u00e1mbar, Cedro, Vetiver.<\/li>\n<\/ul>\n","protected":false},"excerpt":{"rendered":"<p>FAKHAR MEN Es un Eau de Parfum afrutado y fresco dise\u00f1ado espec\u00edficamente para los c\u00e1lidos d\u00edas de primavera y verano.<\/p>\n","protected":false},"featured_media":72159,"comment_status":"open","ping_status":"closed","template":"","meta":{"nf_dc_page":""},"product_brand":[109],"product_cat":[76],"product_tag":[902],"class_list":{"0":"post-72156","1":"product","2":"type-product","3":"status-publish","4":"has-post-thumbnail","6":"product_brand-lattafa","7":"product_cat-masculino","8":"product_tag-902","10":"first","11":"instock","12":"sale","13":"shipping-taxable","14":"purchasable","15":"product-type-simple"},"_links":{"self":[{"href":"https:\/\/brandss.com.py\/index\/wp-json\/wp\/v2\/product\/72156","targetHints":{"allow":["GET"]}}],"collection":[{"href":"https:\/\/brandss.com.py\/index\/wp-json\/wp\/v2\/product"}],"about":[{"href":"https:\/\/brandss.com.py\/index\/wp-json\/wp\/v2\/types\/product"}],"replies":[{"embeddable":true,"href":"https:\/\/brandss.com.py\/index\/wp-json\/wp\/v2\/comments?post=72156"}],"version-history":[{"count":1,"href":"https:\/\/brandss.com.py\/index\/wp-json\/wp\/v2\/product\/72156\/revisions"}],"predecessor-version":[{"id":72168,"href":"https:\/\/brandss.com.py\/index\/wp-json\/wp\/v2\/product\/72156\/revisions\/72168"}],"wp:featuredmedia":[{"embeddable":true,"href":"https:\/\/brandss.com.py\/index\/wp-json\/wp\/v2\/media\/72159"}],"wp:attachment":[{"href":"https:\/\/brandss.com.py\/index\/wp-json\/wp\/v2\/media?parent=72156"}],"wp:term":[{"taxonomy":"product_brand","embeddable":true,"href":"https:\/\/brandss.com.py\/index\/wp-json\/wp\/v2\/product_brand?post=72156"},{"taxonomy":"product_cat","embeddable":true,"href":"https:\/\/brandss.com.py\/index\/wp-json\/wp\/v2\/product_cat?post=72156"},{"taxonomy":"product_tag","embeddable":true,"href":"https:\/\/brandss.com.py\/index\/wp-json\/wp\/v2\/product_tag?post=72156"}],"curies":[{"name":"wp","href":"https:\/\/api.w.org\/{rel}","templated":true}]}}