{"id":72175,"date":"2025-02-18T18:47:39","date_gmt":"2025-02-18T18:47:39","guid":{"rendered":"https:\/\/brandss.com.py\/index\/?post_type=product&#038;p=72175"},"modified":"2026-04-16T11:55:43","modified_gmt":"2026-04-16T11:55:43","slug":"spray-corporal-masculino-lattafa-fakhar-silver-200ml","status":"publish","type":"product","link":"https:\/\/brandss.com.py\/index\/producto\/spray-corporal-masculino-lattafa-fakhar-silver-200ml\/","title":{"rendered":"SPRAY CORPORAL MASCULINO LATTAFA FAKHAR SILVER 200ML"},"content":{"rendered":"<p><img loading=\"lazy\" decoding=\"async\" class=\"\" src=\"https:\/\/myscentjourney.s3.us-east-2.amazonaws.com\/2022\/02\/14\/29KIascent_j_marca_1644871114_202.png\" alt=\"MSJ::LATTAFA\" width=\"122\" height=\"145\" \/><\/p>\n<h1>FAKHAR<\/h1>\n<p>Descubra la esencia cautivadora del spray corporal Lattafa Men\u2019s Fakhar, una fragancia lujosa que encarna la sofisticaci\u00f3n y el encanto. Lanzada en 2021, esta exquisita fragancia de la reconocida casa de dise\u00f1o de Oriente Medio Lattafa, con sede en los Emiratos \u00c1rabes Unidos. Fakhar, que pertenece a la familia de fragancias Amber, se abre con vigorizantes notas de salida de manzana fresca, jengibre picante y bergamota refrescante. Estas notas crean una explosi\u00f3n inmediata de frescura que despierta los sentidos. A medida que se despliega la fragancia, las notas de coraz\u00f3n de salvia arom\u00e1tica, jugosas bayas de enebro, lavanda relajante y geranio intenso se mezclan, agregando una capa de profundidad e intriga.<\/p>\n<p>El viaje del aroma concluye con una base c\u00e1lida y terrosa, que presenta madera de \u00e1mbar, haba tonka dulce, vetiver ahumado y cedro robusto, que deja una impresi\u00f3n duradera que es a la vez audaz y elegante.<\/p>\n<p>Dise\u00f1ado espec\u00edficamente para hombres, Fakhar es m\u00e1s que una simple fragancia: es una declaraci\u00f3n de gusto refinado y estilo atemporal. Ya sea que se dirija a una reuni\u00f3n de negocios o a una salida informal, este espray corporal realza su presencia con su aroma sofisticado. Envasado en una elegante botella, Fakhar de Lattafa es una incorporaci\u00f3n esencial a cualquier colecci\u00f3n de fragancias, ya que brinda una experiencia olfativa excepcional que refleja la rica herencia cultural de sus or\u00edgenes en Medio Oriente.<\/p>\n<p>&nbsp;<\/p>\n<h3>Notas Olfativas<\/h3>\n<p>&nbsp;<\/p>\n<ul>\n<li><strong>Notas de salida:<\/strong> Manzana, bergamota y jengibre.<\/li>\n<li><strong>Notas de coraz\u00f3n:<\/strong> Lavanda, salvia, bayas de enebro y geranio.<\/li>\n<li><strong>Notas de fondo:<\/strong> Haba tonka, Amberwood, cedro y vetiver.<\/li>\n<\/ul>\n","protected":false},"excerpt":{"rendered":"<p>FAKHAR Descubra la esencia cautivadora del spray corporal Lattafa Men\u2019s Fakhar, una fragancia lujosa que encarna la sofisticaci\u00f3n y el<\/p>\n","protected":false},"featured_media":72179,"comment_status":"open","ping_status":"closed","template":"","meta":{"nf_dc_page":""},"product_brand":[109],"product_cat":[94],"product_tag":[1488],"class_list":{"0":"post-72175","1":"product","2":"type-product","3":"status-publish","4":"has-post-thumbnail","6":"product_brand-lattafa","7":"product_cat-higiene-personal","8":"product_tag-1488","10":"first","11":"instock","12":"sale","13":"shipping-taxable","14":"purchasable","15":"product-type-simple"},"_links":{"self":[{"href":"https:\/\/brandss.com.py\/index\/wp-json\/wp\/v2\/product\/72175","targetHints":{"allow":["GET"]}}],"collection":[{"href":"https:\/\/brandss.com.py\/index\/wp-json\/wp\/v2\/product"}],"about":[{"href":"https:\/\/brandss.com.py\/index\/wp-json\/wp\/v2\/types\/product"}],"replies":[{"embeddable":true,"href":"https:\/\/brandss.com.py\/index\/wp-json\/wp\/v2\/comments?post=72175"}],"version-history":[{"count":2,"href":"https:\/\/brandss.com.py\/index\/wp-json\/wp\/v2\/product\/72175\/revisions"}],"predecessor-version":[{"id":102129,"href":"https:\/\/brandss.com.py\/index\/wp-json\/wp\/v2\/product\/72175\/revisions\/102129"}],"wp:featuredmedia":[{"embeddable":true,"href":"https:\/\/brandss.com.py\/index\/wp-json\/wp\/v2\/media\/72179"}],"wp:attachment":[{"href":"https:\/\/brandss.com.py\/index\/wp-json\/wp\/v2\/media?parent=72175"}],"wp:term":[{"taxonomy":"product_brand","embeddable":true,"href":"https:\/\/brandss.com.py\/index\/wp-json\/wp\/v2\/product_brand?post=72175"},{"taxonomy":"product_cat","embeddable":true,"href":"https:\/\/brandss.com.py\/index\/wp-json\/wp\/v2\/product_cat?post=72175"},{"taxonomy":"product_tag","embeddable":true,"href":"https:\/\/brandss.com.py\/index\/wp-json\/wp\/v2\/product_tag?post=72175"}],"curies":[{"name":"wp","href":"https:\/\/api.w.org\/{rel}","templated":true}]}}