{"id":72188,"date":"2025-02-18T19:07:38","date_gmt":"2025-02-18T19:07:38","guid":{"rendered":"https:\/\/brandss.com.py\/index\/?post_type=product&#038;p=72188"},"modified":"2026-03-17T17:50:49","modified_gmt":"2026-03-17T17:50:49","slug":"spray-corporal-unisex-lattafa-yara-200ml","status":"publish","type":"product","link":"https:\/\/brandss.com.py\/index\/producto\/spray-corporal-unisex-lattafa-yara-200ml\/","title":{"rendered":"SPRAY CORPORAL UNISEX LATTAFA YARA 200ML"},"content":{"rendered":"<p><img loading=\"lazy\" decoding=\"async\" class=\"\" src=\"https:\/\/myscentjourney.s3.us-east-2.amazonaws.com\/2022\/02\/14\/29KIascent_j_marca_1644871114_202.png\" alt=\"MSJ::LATTAFA\" width=\"92\" height=\"110\" \/><\/p>\n<h1>YARA<\/h1>\n<p>Sum\u00e9rgete en el encantador mundo de Lattafa Yara, una fragancia lanzada en 2020 que combina con maestr\u00eda el encanto tradicional con el estilo contempor\u00e1neo.\u00a0<span>Su fragancia intensamente magn\u00e9tica te permite captar la atenci\u00f3n y despertar la curiosidad en los momentos importantes.<img loading=\"lazy\" decoding=\"async\" class=\"alignleft\" src=\"https:\/\/zacshop.com\/cdn\/shop\/files\/BB2F646F-9DEC-4C07-BE92-29C6484C9479__27040_1800x1800.jpg?v=1700949620\" width=\"425\" height=\"425\" \/><\/span><\/p>\n<ul>\n<li><span>Yara de Lattafa es un aroma lujoso y misterioso que encantar\u00e1 cualquier habitaci\u00f3n.<\/span><\/li>\n<li><span>Con su aroma c\u00e1lido y delicado, este perfume en spray para mujer es una adici\u00f3n imprescindible a tu colecci\u00f3n.<\/span><\/li>\n<li><span>\u00a1Adem\u00e1s, obtendr\u00e1s 200 ml de esta brujer\u00eda de dulce aroma, para que puedas llamar la atenci\u00f3n durante d\u00edas!<\/span><\/li>\n<\/ul>\n<p>&nbsp;<\/p>\n<h3>Notas Olfativas<\/h3>\n<p>Esta fragancia sorprendente y duradera evoca un aura misteriosa que es dif\u00edcil de ignorar u olvidar.<\/p>\n<p>&nbsp;<\/p>\n<p><strong><span>Notas de salida:<\/span><\/strong>\u00a0<span> naranja, mandarina.<br \/>\n<\/span><br \/>\n<strong><span>Notas de coraz\u00f3n:<\/span><\/strong>\u00a0<span> flor, rosa.<br \/>\n<\/span><br \/>\n<strong><span>Notas de fondo:<\/span><\/strong>\u00a0<span> jazm\u00edn, fresco, floral.<\/span><\/p>\n","protected":false},"excerpt":{"rendered":"<p>YARA Sum\u00e9rgete en el encantador mundo de Lattafa Yara, una fragancia lanzada en 2020 que combina con maestr\u00eda el encanto<\/p>\n","protected":false},"featured_media":72189,"comment_status":"open","ping_status":"closed","template":"","meta":{"nf_dc_page":""},"product_brand":[109],"product_cat":[94],"product_tag":[911],"class_list":{"0":"post-72188","1":"product","2":"type-product","3":"status-publish","4":"has-post-thumbnail","6":"product_brand-lattafa","7":"product_cat-higiene-personal","8":"product_tag-911","10":"first","11":"instock","12":"sale","13":"shipping-taxable","14":"purchasable","15":"product-type-simple"},"_links":{"self":[{"href":"https:\/\/brandss.com.py\/index\/wp-json\/wp\/v2\/product\/72188","targetHints":{"allow":["GET"]}}],"collection":[{"href":"https:\/\/brandss.com.py\/index\/wp-json\/wp\/v2\/product"}],"about":[{"href":"https:\/\/brandss.com.py\/index\/wp-json\/wp\/v2\/types\/product"}],"replies":[{"embeddable":true,"href":"https:\/\/brandss.com.py\/index\/wp-json\/wp\/v2\/comments?post=72188"}],"version-history":[{"count":1,"href":"https:\/\/brandss.com.py\/index\/wp-json\/wp\/v2\/product\/72188\/revisions"}],"predecessor-version":[{"id":72193,"href":"https:\/\/brandss.com.py\/index\/wp-json\/wp\/v2\/product\/72188\/revisions\/72193"}],"wp:featuredmedia":[{"embeddable":true,"href":"https:\/\/brandss.com.py\/index\/wp-json\/wp\/v2\/media\/72189"}],"wp:attachment":[{"href":"https:\/\/brandss.com.py\/index\/wp-json\/wp\/v2\/media?parent=72188"}],"wp:term":[{"taxonomy":"product_brand","embeddable":true,"href":"https:\/\/brandss.com.py\/index\/wp-json\/wp\/v2\/product_brand?post=72188"},{"taxonomy":"product_cat","embeddable":true,"href":"https:\/\/brandss.com.py\/index\/wp-json\/wp\/v2\/product_cat?post=72188"},{"taxonomy":"product_tag","embeddable":true,"href":"https:\/\/brandss.com.py\/index\/wp-json\/wp\/v2\/product_tag?post=72188"}],"curies":[{"name":"wp","href":"https:\/\/api.w.org\/{rel}","templated":true}]}}