{"id":72195,"date":"2025-02-19T11:40:16","date_gmt":"2025-02-19T11:40:16","guid":{"rendered":"https:\/\/brandss.com.py\/index\/?post_type=product&#038;p=72195"},"modified":"2026-03-14T11:26:01","modified_gmt":"2026-03-14T11:26:01","slug":"perfume-femenino-christian-dior-addict-edt-100ml","status":"publish","type":"product","link":"https:\/\/brandss.com.py\/index\/producto\/perfume-femenino-christian-dior-addict-edt-100ml\/","title":{"rendered":"PERFUME FEMENINO CHRISTIAN DIOR ADDICT EDT 100ML"},"content":{"rendered":"<p><img loading=\"lazy\" decoding=\"async\" class=\"\" src=\"https:\/\/upload.wikimedia.org\/wikipedia\/commons\/thumb\/a\/a8\/Dior_Logo.svg\/2560px-Dior_Logo.svg.png\" alt=\"Archivo:Dior Logo.svg - Wikipedia, la enciclopedia libre\" width=\"102\" height=\"44\" \/><\/p>\n<h1>ADDICT<\/h1>\n<p><span>Sum\u00e9rgete en el cautivador encanto de <\/span><strong><span>Addict<\/span><\/strong><span>, una vibrante fragancia floral oriental para mujer. Creada por el maestro perfumista Fran\u00e7ois Demachy, esta fragancia encarna la sensualidad y el resplandor, ofreciendo una experiencia olfativa alegre que eleva y encanta.<\/span><\/p>\n<p>Atractiva al instante,\u00a0<b>Dior Addict<\/b>\u00a0<b>Eau<\/b>\u00a0de Toilette es una fragancia en armon\u00eda con el tiempo, intuitivamente bella y libremente seductora.<\/p>\n<blockquote>\n<p class=\"text-center\">Dior Addict Eau de Toilette es una fragancia floral<i>amaderada\u00a0<\/i>, fresca y luminosa.<img loading=\"lazy\" decoding=\"async\" class=\"alignleft\" src=\"https:\/\/perfumedubai.com\/cdn\/shop\/files\/11_6d92d0a4-ef7d-4bfb-bab5-42801f607d41_720x@2x.png?v=1729581520\" width=\"530\" height=\"573\" \/><\/p>\n<\/blockquote>\n<p align=\"left\"><span>Este vers\u00e1til perfume de Dior es perfecto tanto para el d\u00eda como para la noche, lo que lo convierte en una excelente opci\u00f3n para cualquier ocasi\u00f3n. Su car\u00e1cter vibrante y seductor es especialmente adecuado para quienes aprecian una fragancia que irradia confianza y feminidad.<\/span><\/p>\n<p align=\"left\"><span>Dior Addict EDT est\u00e1 dise\u00f1ado para la mujer moderna que encarna la elegancia y el encanto. Con su estela cautivadora, esta fragancia deja una impresi\u00f3n memorable, realzando su presencia durante el d\u00eda y la noche.<\/span><\/p>\n<p align=\"left\">\n<h3 align=\"left\">Notas Olfativas<\/h3>\n<p>&nbsp;<\/p>\n<p align=\"left\">Dior Addict Eau de Toilette es una fragancia floral oriental de Dior para mujeres. Atractiva fragancia, que destaca por su identidad seductora y bella.<\/p>\n<ul>\n<li><strong><span>Nota de salida:<\/span><\/strong><span>\u00a0mandarina siciliana<\/span><\/li>\n<li><strong><span>Notas de coraz\u00f3n:<\/span><\/strong><span>\u00a0jazm\u00edn sambac, neroli tunecino<\/span><\/li>\n<li><strong><span>Notas de fondo:<\/span><\/strong><span>\u00a0vainilla, s\u00e1ndalo.<\/span><\/li>\n<\/ul>\n","protected":false},"excerpt":{"rendered":"<p>ADDICT Sum\u00e9rgete en el cautivador encanto de Addict, una vibrante fragancia floral oriental para mujer. Creada por el maestro perfumista<\/p>\n","protected":false},"featured_media":72196,"comment_status":"open","ping_status":"closed","template":"","meta":{"nf_dc_page":""},"product_brand":[852],"product_cat":[84],"product_tag":[1996],"class_list":{"0":"post-72195","1":"product","2":"type-product","3":"status-publish","4":"has-post-thumbnail","6":"product_brand-christian-dior","7":"product_cat-perfumeria","8":"product_tag-1996","10":"first","11":"outofstock","12":"shipping-taxable","13":"purchasable","14":"product-type-simple"},"_links":{"self":[{"href":"https:\/\/brandss.com.py\/index\/wp-json\/wp\/v2\/product\/72195","targetHints":{"allow":["GET"]}}],"collection":[{"href":"https:\/\/brandss.com.py\/index\/wp-json\/wp\/v2\/product"}],"about":[{"href":"https:\/\/brandss.com.py\/index\/wp-json\/wp\/v2\/types\/product"}],"replies":[{"embeddable":true,"href":"https:\/\/brandss.com.py\/index\/wp-json\/wp\/v2\/comments?post=72195"}],"version-history":[{"count":1,"href":"https:\/\/brandss.com.py\/index\/wp-json\/wp\/v2\/product\/72195\/revisions"}],"predecessor-version":[{"id":72200,"href":"https:\/\/brandss.com.py\/index\/wp-json\/wp\/v2\/product\/72195\/revisions\/72200"}],"wp:featuredmedia":[{"embeddable":true,"href":"https:\/\/brandss.com.py\/index\/wp-json\/wp\/v2\/media\/72196"}],"wp:attachment":[{"href":"https:\/\/brandss.com.py\/index\/wp-json\/wp\/v2\/media?parent=72195"}],"wp:term":[{"taxonomy":"product_brand","embeddable":true,"href":"https:\/\/brandss.com.py\/index\/wp-json\/wp\/v2\/product_brand?post=72195"},{"taxonomy":"product_cat","embeddable":true,"href":"https:\/\/brandss.com.py\/index\/wp-json\/wp\/v2\/product_cat?post=72195"},{"taxonomy":"product_tag","embeddable":true,"href":"https:\/\/brandss.com.py\/index\/wp-json\/wp\/v2\/product_tag?post=72195"}],"curies":[{"name":"wp","href":"https:\/\/api.w.org\/{rel}","templated":true}]}}