{"id":72203,"date":"2025-02-19T16:30:51","date_gmt":"2025-02-19T16:30:51","guid":{"rendered":"https:\/\/brandss.com.py\/index\/?post_type=product&#038;p=72203"},"modified":"2025-02-19T16:31:07","modified_gmt":"2025-02-19T16:31:07","slug":"calzado-casual-masculino-adidas-forum-exhibt-low","status":"publish","type":"product","link":"https:\/\/brandss.com.py\/index\/producto\/calzado-casual-masculino-adidas-forum-exhibt-low\/","title":{"rendered":"CALZADO CASUAL MASCULINO ADIDAS FORUM EXHIBT LOW"},"content":{"rendered":"<p><img loading=\"lazy\" decoding=\"async\" class=\"\" src=\"https:\/\/upload.wikimedia.org\/wikipedia\/commons\/2\/20\/Adidas_Logo.svg\" alt=\"Archivo:Adidas Logo.svg - Wikipedia, la enciclopedia libre\" width=\"406\" height=\"280\" \/><\/p>\n<h1>HO1914<\/h1>\n<p data-start=\"0\" data-end=\"341\">Es una versi\u00f3n moderna del ic\u00f3nico modelo Forum, combinando un dise\u00f1o retro con detalles contempor\u00e1neos que lo hacen destacar. Su silueta baja lo convierte en una opci\u00f3n vers\u00e1til y c\u00f3moda para el d\u00eda a d\u00eda, manteniendo el estilo cl\u00e1sico que ha caracterizado a esta l\u00ednea desde su lanzamiento en los a\u00f1os 80.<\/p>\n<ul data-start=\"343\" data-end=\"1706\">\n<li data-start=\"343\" data-end=\"567\"><strong data-start=\"345\" data-end=\"356\">Dise\u00f1o:<\/strong> Inspirado en el modelo original Forum, pero con un toque renovado que ofrece un equilibrio entre lo cl\u00e1sico y lo moderno. Su perfil bajo brinda mayor movilidad y facilidad para combinar con distintos estilos.<\/li>\n<li data-start=\"568\" data-end=\"731\"><strong data-start=\"570\" data-end=\"583\">Material:<\/strong> Construcci\u00f3n en cuero y materiales sint\u00e9ticos de alta calidad que garantizan durabilidad y resistencia al desgaste, ideal para un uso prolongado.<\/li>\n<li data-start=\"732\" data-end=\"884\"><strong data-start=\"734\" data-end=\"744\">Color:<\/strong> Predominantemente blanco con detalles en negro y crema, lo que le da un aspecto sofisticado y atemporal que se adapta a cualquier outfit.<\/li>\n<li data-start=\"885\" data-end=\"1008\"><strong data-start=\"887\" data-end=\"898\">Ajuste:<\/strong> Sistema de cordones tradicional que proporciona un ajuste seguro y estable, adapt\u00e1ndose c\u00f3modamente al pie.<\/li>\n<li data-start=\"1009\" data-end=\"1180\"><strong data-start=\"1011\" data-end=\"1021\">Suela:<\/strong> Fabricada en goma resistente, dise\u00f1ada para ofrecer una excelente tracci\u00f3n y agarre en diferentes superficies, adem\u00e1s de amortiguaci\u00f3n para mayor comodidad.<\/li>\n<li data-start=\"1181\" data-end=\"1500\"><strong data-start=\"1183\" data-end=\"1203\">Logo y detalles:<\/strong> Presenta el ic\u00f3nico logo Trefoil de Adidas en la leng\u00fceta y el lateral, junto con las emblem\u00e1ticas tres franjas en los costados, resaltando la esencia de la marca. Adem\u00e1s, incorpora perforaciones en la puntera para mejorar la transpirabilidad y refuerzos en las costuras para mayor durabilidad.<\/li>\n<li data-start=\"1501\" data-end=\"1706\"><strong data-start=\"1503\" data-end=\"1526\">Comodidad y estilo:<\/strong> Pensado para quienes buscan un calzado urbano con un toque retro, este modelo es ideal para usar en cualquier ocasi\u00f3n, desde salidas casuales hasta combinaciones m\u00e1s deportivas.<\/li>\n<\/ul>\n","protected":false},"excerpt":{"rendered":"<p>HO1914 Es una versi\u00f3n moderna del ic\u00f3nico modelo Forum, combinando un dise\u00f1o retro con detalles contempor\u00e1neos que lo hacen destacar.<\/p>\n","protected":false},"featured_media":72204,"comment_status":"open","ping_status":"closed","template":"","meta":{"nf_dc_page":""},"product_brand":[],"product_cat":[76],"product_tag":[],"class_list":{"0":"post-72203","1":"product","2":"type-product","3":"status-publish","4":"has-post-thumbnail","6":"product_cat-masculino","8":"first","9":"instock","10":"shipping-taxable","11":"purchasable","12":"product-type-simple"},"_links":{"self":[{"href":"https:\/\/brandss.com.py\/index\/wp-json\/wp\/v2\/product\/72203","targetHints":{"allow":["GET"]}}],"collection":[{"href":"https:\/\/brandss.com.py\/index\/wp-json\/wp\/v2\/product"}],"about":[{"href":"https:\/\/brandss.com.py\/index\/wp-json\/wp\/v2\/types\/product"}],"replies":[{"embeddable":true,"href":"https:\/\/brandss.com.py\/index\/wp-json\/wp\/v2\/comments?post=72203"}],"version-history":[{"count":1,"href":"https:\/\/brandss.com.py\/index\/wp-json\/wp\/v2\/product\/72203\/revisions"}],"predecessor-version":[{"id":72213,"href":"https:\/\/brandss.com.py\/index\/wp-json\/wp\/v2\/product\/72203\/revisions\/72213"}],"wp:featuredmedia":[{"embeddable":true,"href":"https:\/\/brandss.com.py\/index\/wp-json\/wp\/v2\/media\/72204"}],"wp:attachment":[{"href":"https:\/\/brandss.com.py\/index\/wp-json\/wp\/v2\/media?parent=72203"}],"wp:term":[{"taxonomy":"product_brand","embeddable":true,"href":"https:\/\/brandss.com.py\/index\/wp-json\/wp\/v2\/product_brand?post=72203"},{"taxonomy":"product_cat","embeddable":true,"href":"https:\/\/brandss.com.py\/index\/wp-json\/wp\/v2\/product_cat?post=72203"},{"taxonomy":"product_tag","embeddable":true,"href":"https:\/\/brandss.com.py\/index\/wp-json\/wp\/v2\/product_tag?post=72203"}],"curies":[{"name":"wp","href":"https:\/\/api.w.org\/{rel}","templated":true}]}}