{"id":72215,"date":"2025-02-19T16:41:16","date_gmt":"2025-02-19T16:41:16","guid":{"rendered":"https:\/\/brandss.com.py\/index\/?post_type=product&#038;p=72215"},"modified":"2025-02-19T16:41:16","modified_gmt":"2025-02-19T16:41:16","slug":"calzado-deportivo-femenino-adidas-nmd-r1-primeblue","status":"publish","type":"product","link":"https:\/\/brandss.com.py\/index\/producto\/calzado-deportivo-femenino-adidas-nmd-r1-primeblue\/","title":{"rendered":"CALZADO DEPORTIVO FEMENINO ADIDAS NMD-R1 PRIMEBLUE"},"content":{"rendered":"<p><img loading=\"lazy\" decoding=\"async\" class=\"\" src=\"https:\/\/upload.wikimedia.org\/wikipedia\/commons\/2\/20\/Adidas_Logo.svg\" alt=\"Archivo:Adidas Logo.svg - Wikipedia, la enciclopedia libre\" width=\"357\" height=\"246\" \/><\/p>\n<h1>HO2333<\/h1>\n<p data-start=\"0\" data-end=\"261\">Es una combinaci\u00f3n perfecta de innovaci\u00f3n, comodidad y estilo urbano. Dise\u00f1ado para ofrecer un ajuste c\u00f3modo y un look moderno, este modelo es ideal para quienes buscan rendimiento y sostenibilidad en un solo calzado.<\/p>\n<ul data-start=\"263\" data-end=\"1187\">\n<li data-start=\"263\" data-end=\"374\"><strong data-start=\"265\" data-end=\"284\">Ajuste cl\u00e1sico:<\/strong> Su dise\u00f1o ergon\u00f3mico brinda una sensaci\u00f3n c\u00f3moda y adaptable, ideal para el uso diario.<\/li>\n<li data-start=\"375\" data-end=\"496\"><strong data-start=\"377\" data-end=\"411\">Sistema de amarre de cordones:<\/strong> Proporciona un ajuste seguro y personalizado, asegurando estabilidad en cada paso.<\/li>\n<li data-start=\"497\" data-end=\"624\"><strong data-start=\"499\" data-end=\"521\">Exterior de malla:<\/strong> Material transpirable que ofrece frescura y flexibilidad, adapt\u00e1ndose al movimiento natural del pie.<\/li>\n<li data-start=\"625\" data-end=\"782\"><strong data-start=\"627\" data-end=\"648\">Mediasuela Boost:<\/strong> Tecnolog\u00eda de amortiguaci\u00f3n de Adidas que brinda un retorno de energ\u00eda excepcional, asegurando comodidad y suavidad en cada pisada.<\/li>\n<li data-start=\"783\" data-end=\"891\"><strong data-start=\"785\" data-end=\"805\">Suela de caucho:<\/strong> Aporta tracci\u00f3n y durabilidad, permitiendo un buen agarre en distintas superficies.<\/li>\n<li data-start=\"892\" data-end=\"1059\"><strong data-start=\"894\" data-end=\"908\">Primeblue:<\/strong> Material sostenible fabricado con pl\u00e1stico reciclado Parley Ocean Plastic, reafirmando el compromiso de Adidas con la protecci\u00f3n del medio ambiente.<\/li>\n<li data-start=\"1060\" data-end=\"1187\"><strong data-start=\"1062\" data-end=\"1072\">Color:<\/strong> <strong data-start=\"1073\" data-end=\"1114\">Core Black \/ Core Black \/ Cloud White<\/strong>, una combinaci\u00f3n elegante y vers\u00e1til que se adapta a cualquier estilo.<\/li>\n<\/ul>\n<p data-start=\"1189\" data-end=\"1348\" data-is-last-node=\"\">Este modelo fusiona innovaci\u00f3n tecnol\u00f3gica con conciencia ecol\u00f3gica, ofreciendo un calzado ligero, c\u00f3modo y con un dise\u00f1o moderno perfecto para la vida urbana.<\/p>\n","protected":false},"excerpt":{"rendered":"<p>HO2333 Es una combinaci\u00f3n perfecta de innovaci\u00f3n, comodidad y estilo urbano. Dise\u00f1ado para ofrecer un ajuste c\u00f3modo y un look<\/p>\n","protected":false},"featured_media":72216,"comment_status":"open","ping_status":"closed","template":"","meta":{"nf_dc_page":""},"product_brand":[],"product_cat":[73],"product_tag":[],"class_list":{"0":"post-72215","1":"product","2":"type-product","3":"status-publish","4":"has-post-thumbnail","6":"product_cat-femenino","8":"first","9":"instock","10":"shipping-taxable","11":"purchasable","12":"product-type-simple"},"_links":{"self":[{"href":"https:\/\/brandss.com.py\/index\/wp-json\/wp\/v2\/product\/72215","targetHints":{"allow":["GET"]}}],"collection":[{"href":"https:\/\/brandss.com.py\/index\/wp-json\/wp\/v2\/product"}],"about":[{"href":"https:\/\/brandss.com.py\/index\/wp-json\/wp\/v2\/types\/product"}],"replies":[{"embeddable":true,"href":"https:\/\/brandss.com.py\/index\/wp-json\/wp\/v2\/comments?post=72215"}],"version-history":[{"count":1,"href":"https:\/\/brandss.com.py\/index\/wp-json\/wp\/v2\/product\/72215\/revisions"}],"predecessor-version":[{"id":72225,"href":"https:\/\/brandss.com.py\/index\/wp-json\/wp\/v2\/product\/72215\/revisions\/72225"}],"wp:featuredmedia":[{"embeddable":true,"href":"https:\/\/brandss.com.py\/index\/wp-json\/wp\/v2\/media\/72216"}],"wp:attachment":[{"href":"https:\/\/brandss.com.py\/index\/wp-json\/wp\/v2\/media?parent=72215"}],"wp:term":[{"taxonomy":"product_brand","embeddable":true,"href":"https:\/\/brandss.com.py\/index\/wp-json\/wp\/v2\/product_brand?post=72215"},{"taxonomy":"product_cat","embeddable":true,"href":"https:\/\/brandss.com.py\/index\/wp-json\/wp\/v2\/product_cat?post=72215"},{"taxonomy":"product_tag","embeddable":true,"href":"https:\/\/brandss.com.py\/index\/wp-json\/wp\/v2\/product_tag?post=72215"}],"curies":[{"name":"wp","href":"https:\/\/api.w.org\/{rel}","templated":true}]}}