{"id":72235,"date":"2025-02-19T17:11:58","date_gmt":"2025-02-19T17:11:58","guid":{"rendered":"https:\/\/brandss.com.py\/index\/?post_type=product&#038;p=72235"},"modified":"2026-03-17T10:57:04","modified_gmt":"2026-03-17T10:57:04","slug":"perfume-femenino-lattafa-fakhar-gold-extrait-edp-100ml","status":"publish","type":"product","link":"https:\/\/brandss.com.py\/index\/producto\/perfume-femenino-lattafa-fakhar-gold-extrait-edp-100ml\/","title":{"rendered":"PERFUME FEMENINO LATTAFA FAKHAR GOLD EXTRAIT EDP 100ML"},"content":{"rendered":"<p><img loading=\"lazy\" decoding=\"async\" class=\"\" src=\"https:\/\/myscentjourney.s3.us-east-2.amazonaws.com\/2022\/02\/14\/29KIascent_j_marca_1644871114_202.png\" alt=\"MSJ::LATTAFA\" width=\"119\" height=\"142\" \/><\/p>\n<h1>FAKHAR GOLD EXTRAIT<\/h1>\n<p>Es el s\u00edmbolo de la elegancia y el lujo atemporales. Este aroma \u00fanico captura la esencia del misterio seductor y la sofisticaci\u00f3n sofisticada, ofreciendo una experiencia olfativa inigualable que deja una huella indeleble dondequiera que vayas.<img loading=\"lazy\" decoding=\"async\" class=\"alignleft\" src=\"https:\/\/dcdn.mitiendanube.com\/stores\/004\/517\/757\/products\/fakhar-3-ebbf59efa4e4e0ef5217259966754456-1024-1024.jpg\" width=\"617\" height=\"617\" \/><\/p>\n<p>Fakhar Gold Extrait es mucho m\u00e1s que un simple perfume: es una obra de arte olfativa que te envuelve en un abrazo de lujo y refinamiento. Descubre el poder de esta fragancia ic\u00f3nica y d\u00e9jate seducir por su elegancia atemporal.<\/p>\n<p>&nbsp;<\/p>\n<h3>Notas Olfativas<\/h3>\n<p>&nbsp;<\/p>\n<p><span>El aroma inconfundible de Fakhar Gold Extrait se abre con una combinaci\u00f3n chispeante de pomelo, pimienta rosa y cardamomo. Estas notas de salida le dan a la fragancia una frescura y vivacidad iniciales, preparando los sentidos para un viaje sensorial extraordinario.<\/span><\/p>\n<p><span>En el coraz\u00f3n de esta fragancia se encuentra un bouquet floral y soleado, caracterizado por el nardo, las notas soleadas y la artemisa. Estas notas medias aportan profundidad y calidez a la fragancia, creando una atm\u00f3sfera envolvente y cautivadora que captura la imaginaci\u00f3n.<\/span><\/p>\n<p><span>Por \u00faltimo, las notas de fondo de l\u00e1dano, \u00e1mbar, cachemira y cuero le dan a Fakhar Gold Extrait una base rica y sensual. Estas notas persistentes envuelven la piel con una estela sensual y seductora, dejando una impresi\u00f3n duradera e inolvidable que te distingue del resto.<\/span><\/p>\n<p>Fakhar Extrait\u00a0de\u00a0Lattafa Perfumes\u00a0es una fragancia de la familia olfativa para Mujeres. Esta fragrancia es nueva.\u00a0Fakhar Extrait\u00a0se lanz\u00f3 en 2023.<\/p>\n<p><strong>Notas de salida:<\/strong> cardamomo, toronja (pomelo) y pimienta rosa.<\/p>\n<p><strong>Notas de coraz\u00f3n:<\/strong> nardos, notas solares y abr\u00f3tano.<\/p>\n<p><strong>Notas de fondo:<\/strong> \u00e1mbar, cachemira, l\u00e1dano y cuero.<\/p>\n","protected":false},"excerpt":{"rendered":"<p>FAKHAR GOLD EXTRAIT Es el s\u00edmbolo de la elegancia y el lujo atemporales. Este aroma \u00fanico captura la esencia del<\/p>\n","protected":false},"featured_media":72238,"comment_status":"open","ping_status":"closed","template":"","meta":{"nf_dc_page":""},"product_brand":[109],"product_cat":[84],"product_tag":[638],"class_list":{"0":"post-72235","1":"product","2":"type-product","3":"status-publish","4":"has-post-thumbnail","6":"product_brand-lattafa","7":"product_cat-perfumeria","8":"product_tag-638","10":"first","11":"instock","12":"sale","13":"shipping-taxable","14":"purchasable","15":"product-type-simple"},"_links":{"self":[{"href":"https:\/\/brandss.com.py\/index\/wp-json\/wp\/v2\/product\/72235","targetHints":{"allow":["GET"]}}],"collection":[{"href":"https:\/\/brandss.com.py\/index\/wp-json\/wp\/v2\/product"}],"about":[{"href":"https:\/\/brandss.com.py\/index\/wp-json\/wp\/v2\/types\/product"}],"replies":[{"embeddable":true,"href":"https:\/\/brandss.com.py\/index\/wp-json\/wp\/v2\/comments?post=72235"}],"version-history":[{"count":1,"href":"https:\/\/brandss.com.py\/index\/wp-json\/wp\/v2\/product\/72235\/revisions"}],"predecessor-version":[{"id":72245,"href":"https:\/\/brandss.com.py\/index\/wp-json\/wp\/v2\/product\/72235\/revisions\/72245"}],"wp:featuredmedia":[{"embeddable":true,"href":"https:\/\/brandss.com.py\/index\/wp-json\/wp\/v2\/media\/72238"}],"wp:attachment":[{"href":"https:\/\/brandss.com.py\/index\/wp-json\/wp\/v2\/media?parent=72235"}],"wp:term":[{"taxonomy":"product_brand","embeddable":true,"href":"https:\/\/brandss.com.py\/index\/wp-json\/wp\/v2\/product_brand?post=72235"},{"taxonomy":"product_cat","embeddable":true,"href":"https:\/\/brandss.com.py\/index\/wp-json\/wp\/v2\/product_cat?post=72235"},{"taxonomy":"product_tag","embeddable":true,"href":"https:\/\/brandss.com.py\/index\/wp-json\/wp\/v2\/product_tag?post=72235"}],"curies":[{"name":"wp","href":"https:\/\/api.w.org\/{rel}","templated":true}]}}