{"id":72251,"date":"2025-02-19T17:36:36","date_gmt":"2025-02-19T17:36:36","guid":{"rendered":"https:\/\/brandss.com.py\/index\/?post_type=product&#038;p=72251"},"modified":"2025-02-19T17:36:56","modified_gmt":"2025-02-19T17:36:56","slug":"calzado-deportivo-juvenil-adidas-ozelia","status":"publish","type":"product","link":"https:\/\/brandss.com.py\/index\/producto\/calzado-deportivo-juvenil-adidas-ozelia\/","title":{"rendered":"CALZADO DEPORTIVO JUVENIL ADIDAS OZELIA"},"content":{"rendered":"<p><img loading=\"lazy\" decoding=\"async\" class=\"\" src=\"https:\/\/upload.wikimedia.org\/wikipedia\/commons\/2\/20\/Adidas_Logo.svg\" alt=\"Archivo:Adidas Logo.svg - Wikipedia, la enciclopedia libre\" width=\"421\" height=\"290\" \/><\/p>\n<h1>HO3131<\/h1>\n<div class=\"flex max-w-full flex-col flex-grow\">\n<div class=\"min-h-8 text-message flex w-full flex-col items-end gap-2 whitespace-normal break-words text-start [.text-message+&amp;]:mt-5\" dir=\"auto\" data-message-author-role=\"assistant\" data-message-id=\"5a015048-a70d-450a-90c6-e06224b5eb11\" data-message-model-slug=\"gpt-4o\">\n<div class=\"flex w-full flex-col gap-1 empty:hidden first:pt-[3px]\">\n<div class=\"markdown prose w-full break-words dark:prose-invert light\">\n<p data-start=\"0\" data-end=\"333\">Un dise\u00f1o inspirado en la est\u00e9tica futurista de los a\u00f1os 90, combinando estilo, comodidad y tecnolog\u00eda avanzada. Dise\u00f1ado para j\u00f3venes que buscan un calzado vers\u00e1til y lleno de personalidad, este modelo ofrece una estructura robusta con un ajuste c\u00f3modo y un look din\u00e1mico.<\/p>\n<ul data-start=\"335\" data-end=\"1171\">\n<li data-start=\"335\" data-end=\"460\"><strong data-start=\"337\" data-end=\"357\">Ajuste perfecto:<\/strong> Su dise\u00f1o ergon\u00f3mico envuelve el pie de manera c\u00f3moda, brindando estabilidad y soporte en cada paso.<\/li>\n<li data-start=\"461\" data-end=\"562\"><strong data-start=\"463\" data-end=\"484\">Cierre de encaje:<\/strong> Sistema de amarre de cordones que permite un ajuste seguro y personalizado.<\/li>\n<li data-start=\"563\" data-end=\"724\"><strong data-start=\"565\" data-end=\"591\">Parte superior textil:<\/strong> Material ligero y transpirable que se adapta al movimiento natural del pie, proporcionando frescura y confort durante todo el d\u00eda.<\/li>\n<li data-start=\"725\" data-end=\"882\"><strong data-start=\"727\" data-end=\"754\">Amortiguaci\u00f3n Adiprene:<\/strong> Tecnolog\u00eda de absorci\u00f3n de impactos que ofrece una pisada suave y protegida, reduciendo la fatiga y mejorando el rendimiento.<\/li>\n<li data-start=\"883\" data-end=\"1045\"><strong data-start=\"885\" data-end=\"910\">Plantilla OrthoLite\u00ae:<\/strong> Dise\u00f1o pensado para mayor comodidad, proporcionando transpirabilidad y control de la humedad para mantener los pies frescos y secos.<\/li>\n<li data-start=\"1046\" data-end=\"1171\"><strong data-start=\"1048\" data-end=\"1066\">Suela de goma:<\/strong> Ofrece un excelente agarre y durabilidad, garantizando estabilidad en diferentes tipos de superficies.<\/li>\n<\/ul>\n<p data-start=\"1173\" data-end=\"1389\" data-is-last-node=\"\">El <strong data-start=\"1176\" data-end=\"1201\">Adidas Ozelia Juvenil<\/strong> es la opci\u00f3n ideal para j\u00f3venes que buscan un calzado con un dise\u00f1o llamativo y futurista sin comprometer la comodidad, siendo perfecto para el d\u00eda a d\u00eda o actividades deportivas ligeras.<\/p>\n<\/div>\n<\/div>\n<\/div>\n<\/div>\n<div class=\"mb-2 flex gap-3 empty:hidden -ml-2\">\n<div class=\"items-center justify-start rounded-xl p-1 flex\">\n<div class=\"flex items-center\">\n<div class=\"flex items-center pb-0\"><\/div>\n<\/div>\n<\/div>\n<\/div>\n<p>&nbsp;<\/p>\n","protected":false},"excerpt":{"rendered":"<p>HO3131 Un dise\u00f1o inspirado en la est\u00e9tica futurista de los a\u00f1os 90, combinando estilo, comodidad y tecnolog\u00eda avanzada. Dise\u00f1ado para<\/p>\n","protected":false},"featured_media":72252,"comment_status":"open","ping_status":"closed","template":"","meta":{"nf_dc_page":""},"product_brand":[],"product_cat":[75],"product_tag":[],"class_list":{"0":"post-72251","1":"product","2":"type-product","3":"status-publish","4":"has-post-thumbnail","6":"product_cat-infantil","8":"first","9":"instock","10":"shipping-taxable","11":"purchasable","12":"product-type-simple"},"_links":{"self":[{"href":"https:\/\/brandss.com.py\/index\/wp-json\/wp\/v2\/product\/72251","targetHints":{"allow":["GET"]}}],"collection":[{"href":"https:\/\/brandss.com.py\/index\/wp-json\/wp\/v2\/product"}],"about":[{"href":"https:\/\/brandss.com.py\/index\/wp-json\/wp\/v2\/types\/product"}],"replies":[{"embeddable":true,"href":"https:\/\/brandss.com.py\/index\/wp-json\/wp\/v2\/comments?post=72251"}],"version-history":[{"count":1,"href":"https:\/\/brandss.com.py\/index\/wp-json\/wp\/v2\/product\/72251\/revisions"}],"predecessor-version":[{"id":72262,"href":"https:\/\/brandss.com.py\/index\/wp-json\/wp\/v2\/product\/72251\/revisions\/72262"}],"wp:featuredmedia":[{"embeddable":true,"href":"https:\/\/brandss.com.py\/index\/wp-json\/wp\/v2\/media\/72252"}],"wp:attachment":[{"href":"https:\/\/brandss.com.py\/index\/wp-json\/wp\/v2\/media?parent=72251"}],"wp:term":[{"taxonomy":"product_brand","embeddable":true,"href":"https:\/\/brandss.com.py\/index\/wp-json\/wp\/v2\/product_brand?post=72251"},{"taxonomy":"product_cat","embeddable":true,"href":"https:\/\/brandss.com.py\/index\/wp-json\/wp\/v2\/product_cat?post=72251"},{"taxonomy":"product_tag","embeddable":true,"href":"https:\/\/brandss.com.py\/index\/wp-json\/wp\/v2\/product_tag?post=72251"}],"curies":[{"name":"wp","href":"https:\/\/api.w.org\/{rel}","templated":true}]}}