{"id":72263,"date":"2025-02-19T18:38:32","date_gmt":"2025-02-19T18:38:32","guid":{"rendered":"https:\/\/brandss.com.py\/index\/?post_type=product&#038;p=72263"},"modified":"2026-04-22T17:36:00","modified_gmt":"2026-04-22T17:36:00","slug":"perfume-femenino-lattafa-yara-tous-edp-100ml","status":"publish","type":"product","link":"https:\/\/brandss.com.py\/index\/producto\/perfume-femenino-lattafa-yara-tous-edp-100ml\/","title":{"rendered":"PERFUME FEMENINO LATTAFA YARA TOUS EDP 100ML"},"content":{"rendered":"<p><img loading=\"lazy\" decoding=\"async\" class=\"\" src=\"https:\/\/myscentjourney.s3.us-east-2.amazonaws.com\/2022\/02\/14\/29KIascent_j_marca_1644871114_202.png\" alt=\"MSJ::LATTAFA\" width=\"121\" height=\"144\" \/><\/p>\n<h1>YARA TOUS<\/h1>\n<p>Es una fragancia femenina que refleja elegancia y sofisticaci\u00f3n. Su aroma \u00fanico te har\u00e1 sentir especial y te acompa\u00f1ar\u00e1 en cada momento, ya sea en una reuni\u00f3n de trabajo o en una cita rom\u00e1ntica.<\/p>\n<p>Si buscas un perfume que te haga destacar y que se convierta en tu sello personal, es la elecci\u00f3n perfecta. Es un perfume que ha conquistado los corazones de muchas mujeres gracias a su exquisita fragancia. Pertenece a la familia olfativa FRUTAL, lo que lo convierte en una opci\u00f3n perfecta para la primavera y el verano.<img loading=\"lazy\" decoding=\"async\" class=\"alignleft\" src=\"https:\/\/www.lmching.com\/cdn\/shop\/files\/D_anm_i-95_e2301c8f-dceb-4d46-a90b-4fb27ffa2149_1800x1800.jpg?v=1723314316\" width=\"676\" height=\"676\" \/><\/p>\n<p>Su envase de 100 ml te permitir\u00e1 disfrutar de esta maravillosa fragancia durante mucho tiempo, convirti\u00e9ndose en un imprescindible en tu tocador.<\/p>\n<p>&nbsp;<\/p>\n<h3>Notas Olfativas<\/h3>\n<p>&nbsp;<\/p>\n<p>Yara Tous de Lattafa es una fragancia cautivadora y ex\u00f3tica gracias a una armoniosa combinaci\u00f3n de notas olfativas. Desde el primer instante, se despliega una apertura jugosa y tropical gracias al mango, el coco y el maracuy\u00e1, evocando la frescura de un para\u00edso exuberante.<\/p>\n<p>En su coraz\u00f3n, se entrelazan el jazm\u00edn, el heliotropo y la flor de azahar del naranjo, creando una sinfon\u00eda floral dulce y sutil que aporta feminidad y delicadeza. La fragancia evoluciona hacia una calidez seductora con la presencia envolvente de la vainilla, que se combina con el almizcle y la cachemira para brindar una profundidad cautivadora y una estela duradera.<\/p>\n<p>Esta mezcla \u00fanica culmina en una sensualidad inconfundible, ideal para la mujer que busca un aroma que exuda elegancia y misterio, perfecto para ocasiones especiales o para el d\u00eda a d\u00eda. Yara Tous de Lattafa es un testimonio olfativo de sofisticaci\u00f3n y encanto, destinado a envolver y enamorar a quienes lo perciben!!!<\/p>\n<p>Yara Tous\u00a0de\u00a0Lattafa Perfumes\u00a0es una fragancia para mujer.\u00a0Esta es una nueva fragancia de la familia frutal.\u00a0Yara Tous\u00a0se lanz\u00f3 en 2023.<\/p>\n<p><strong>Notas de salida:<\/strong> coco, mango y maracuy\u00e1.<\/p>\n<p><strong>Notas de coraz\u00f3n:<\/strong> jazm\u00edn, heliotropo y azahar.<\/p>\n<p><strong>Notas de fondo:<\/strong> vainilla, cachemira y almizcle.<\/p>\n","protected":false},"excerpt":{"rendered":"<p>YARA TOUS Es una fragancia femenina que refleja elegancia y sofisticaci\u00f3n. Su aroma \u00fanico te har\u00e1 sentir especial y te<\/p>\n","protected":false},"featured_media":72264,"comment_status":"open","ping_status":"closed","template":"","meta":{"nf_dc_page":""},"product_brand":[109],"product_cat":[84],"product_tag":[701],"class_list":{"0":"post-72263","1":"product","2":"type-product","3":"status-publish","4":"has-post-thumbnail","6":"product_brand-lattafa","7":"product_cat-perfumeria","8":"product_tag-701","10":"first","11":"instock","12":"shipping-taxable","13":"purchasable","14":"product-type-simple"},"_links":{"self":[{"href":"https:\/\/brandss.com.py\/index\/wp-json\/wp\/v2\/product\/72263","targetHints":{"allow":["GET"]}}],"collection":[{"href":"https:\/\/brandss.com.py\/index\/wp-json\/wp\/v2\/product"}],"about":[{"href":"https:\/\/brandss.com.py\/index\/wp-json\/wp\/v2\/types\/product"}],"replies":[{"embeddable":true,"href":"https:\/\/brandss.com.py\/index\/wp-json\/wp\/v2\/comments?post=72263"}],"version-history":[{"count":1,"href":"https:\/\/brandss.com.py\/index\/wp-json\/wp\/v2\/product\/72263\/revisions"}],"predecessor-version":[{"id":72270,"href":"https:\/\/brandss.com.py\/index\/wp-json\/wp\/v2\/product\/72263\/revisions\/72270"}],"wp:featuredmedia":[{"embeddable":true,"href":"https:\/\/brandss.com.py\/index\/wp-json\/wp\/v2\/media\/72264"}],"wp:attachment":[{"href":"https:\/\/brandss.com.py\/index\/wp-json\/wp\/v2\/media?parent=72263"}],"wp:term":[{"taxonomy":"product_brand","embeddable":true,"href":"https:\/\/brandss.com.py\/index\/wp-json\/wp\/v2\/product_brand?post=72263"},{"taxonomy":"product_cat","embeddable":true,"href":"https:\/\/brandss.com.py\/index\/wp-json\/wp\/v2\/product_cat?post=72263"},{"taxonomy":"product_tag","embeddable":true,"href":"https:\/\/brandss.com.py\/index\/wp-json\/wp\/v2\/product_tag?post=72263"}],"curies":[{"name":"wp","href":"https:\/\/api.w.org\/{rel}","templated":true}]}}