{"id":72271,"date":"2025-02-19T18:49:08","date_gmt":"2025-02-19T18:49:08","guid":{"rendered":"https:\/\/brandss.com.py\/index\/?post_type=product&#038;p=72271"},"modified":"2025-02-19T18:50:53","modified_gmt":"2025-02-19T18:50:53","slug":"calzado-casual-juvenil-adidas-ozelia","status":"publish","type":"product","link":"https:\/\/brandss.com.py\/index\/producto\/calzado-casual-juvenil-adidas-ozelia\/","title":{"rendered":"CALZADO CASUAL JUVENIL ADIDAS OZELIA"},"content":{"rendered":"<p><img loading=\"lazy\" decoding=\"async\" class=\"\" src=\"https:\/\/upload.wikimedia.org\/wikipedia\/commons\/2\/20\/Adidas_Logo.svg\" alt=\"Archivo:Adidas Logo.svg - Wikipedia, la enciclopedia libre\" width=\"390\" height=\"269\" \/><\/p>\n<h1>HO3132<\/h1>\n<div class=\"flex-1 overflow-hidden @container\/thread translate-y-[2rem] -mt-[2rem] pb-[1.5rem]\">\n<div class=\"flex h-full flex-col overflow-y-auto\">\n<div class=\"flex flex-col text-sm md:pb-9\">\n<article class=\"w-full text-token-text-primary focus-visible:outline-2 focus-visible:outline-offset-[-4px]\" dir=\"auto\" data-testid=\"conversation-turn-15\" data-scroll-anchor=\"true\">\n<div class=\"m-auto text-base py-[18px] px-6\">\n<div class=\"mx-auto flex flex-1 text-base gap-4 md:gap-5 lg:gap-6 md:max-w-3xl lg:max-w-[40rem] xl:max-w-[48rem]\">\n<div class=\"group\/conversation-turn relative flex w-full min-w-0 flex-col agent-turn @xs\/thread:px-0 @sm\/thread:px-1.5 @md\/thread:px-4\">\n<div class=\"flex-col gap-1 md:gap-3\">\n<div class=\"flex max-w-full flex-col flex-grow\">\n<div class=\"min-h-8 text-message flex w-full flex-col items-end gap-2 whitespace-normal break-words text-start [.text-message+&amp;]:mt-5\" dir=\"auto\" data-message-author-role=\"assistant\" data-message-id=\"6e3da02a-3e1f-465b-88e9-cedbad38ed61\" data-message-model-slug=\"gpt-4o\">\n<div class=\"flex w-full flex-col gap-1 empty:hidden first:pt-[3px]\">\n<div class=\"markdown prose w-full break-words dark:prose-invert light\">\n<p data-start=\"0\" data-end=\"306\">inspirado en la moda de los a\u00f1os 90, con un dise\u00f1o aerodin\u00e1mico y detalles modernos que lo hacen destacar. Su estructura robusta y su tecnolog\u00eda de amortiguaci\u00f3n garantizan comodidad en cada paso, convirti\u00e9ndolo en una opci\u00f3n ideal para el uso diario.<\/p>\n<ul data-start=\"308\" data-end=\"991\">\n<li data-start=\"308\" data-end=\"424\"><strong data-start=\"310\" data-end=\"330\">Ajuste perfecto:<\/strong> Su silueta envolvente se adapta c\u00f3modamente al pie, proporcionando estabilidad y seguridad.<\/li>\n<li data-start=\"425\" data-end=\"515\"><strong data-start=\"427\" data-end=\"448\">Cierre de encaje:<\/strong> Sistema de cordones que permite un ajuste firme y personalizado.<\/li>\n<li data-start=\"516\" data-end=\"634\"><strong data-start=\"518\" data-end=\"544\">Parte superior textil:<\/strong> Material ligero y transpirable con capas superpuestas que aportan estilo y resistencia.<\/li>\n<li data-start=\"635\" data-end=\"754\"><strong data-start=\"637\" data-end=\"664\">Amortiguaci\u00f3n Adiprene:<\/strong> Tecnolog\u00eda que absorbe impactos y brinda una pisada suave y c\u00f3moda durante todo el d\u00eda.<\/li>\n<li data-start=\"755\" data-end=\"881\"><strong data-start=\"757\" data-end=\"782\">Plantilla OrthoLite\u00ae:<\/strong> Dise\u00f1o que mejora la transpirabilidad y el control de la humedad, asegurando frescura y confort.<\/li>\n<li data-start=\"882\" data-end=\"991\"><strong data-start=\"884\" data-end=\"902\">Suela de goma:<\/strong> Aporta tracci\u00f3n y durabilidad, garantizando un agarre \u00f3ptimo en distintas superficies.<\/li>\n<\/ul>\n<p data-start=\"993\" data-end=\"1172\" data-is-last-node=\"\">Con un dise\u00f1o vanguardista y una estructura pensada para la comodidad, el <strong data-start=\"1067\" data-end=\"1092\">Adidas Ozelia Juvenil<\/strong> es perfecto para quienes buscan un calzado con personalidad y alto rendimiento.<\/p>\n<\/div>\n<\/div>\n<\/div>\n<\/div>\n<div class=\"mb-2 flex gap-3 empty:hidden -ml-2\">\n<div class=\"items-center justify-start rounded-xl p-1 flex\">\n<div class=\"flex items-center\">\n<p>&nbsp;<\/p>\n<div class=\"flex\"><\/div>\n<p>&nbsp;<\/p>\n<div class=\"flex items-center pb-0\"><\/div>\n<\/div>\n<\/div>\n<\/div>\n<\/div>\n<\/div>\n<\/div>\n<\/div>\n<\/article>\n<\/div>\n<\/div>\n<\/div>\n<div class=\"flex-1 overflow-hidden @container\/thread translate-y-[2rem] -mt-[2rem] pb-[1.5rem]\">\n<div class=\"flex h-full flex-col overflow-y-auto\">\n<div class=\"flex flex-col text-sm md:pb-9\">\n<article class=\"w-full text-token-text-primary focus-visible:outline-2 focus-visible:outline-offset-[-4px]\" dir=\"auto\" data-testid=\"conversation-turn-15\" data-scroll-anchor=\"true\">\n<div class=\"m-auto text-base py-[18px] px-6\">\n<div class=\"mx-auto flex flex-1 text-base gap-4 md:gap-5 lg:gap-6 md:max-w-3xl lg:max-w-[40rem] xl:max-w-[48rem]\">\n<div class=\"group\/conversation-turn relative flex w-full min-w-0 flex-col agent-turn @xs\/thread:px-0 @sm\/thread:px-1.5 @md\/thread:px-4\">\n<div class=\"flex-col gap-1 md:gap-3\">\n<div class=\"flex max-w-full flex-col flex-grow\">\n<div class=\"min-h-8 text-message flex w-full flex-col items-end gap-2 whitespace-normal break-words text-start [.text-message+&amp;]:mt-5\" dir=\"auto\" data-message-author-role=\"assistant\" data-message-id=\"6e3da02a-3e1f-465b-88e9-cedbad38ed61\" data-message-model-slug=\"gpt-4o\">\n<div class=\"flex w-full flex-col gap-1 empty:hidden first:pt-[3px]\">\n<div class=\"markdown prose w-full break-words dark:prose-invert light\">\n<p data-start=\"993\" data-end=\"1172\" data-is-last-node=\"\">\n<\/div>\n<\/div>\n<\/div>\n<\/div>\n<\/div>\n<\/div>\n<\/div>\n<\/div>\n<\/article>\n<\/div>\n<\/div>\n<\/div>\n","protected":false},"excerpt":{"rendered":"<p>HO3132 inspirado en la moda de los a\u00f1os 90, con un dise\u00f1o aerodin\u00e1mico y detalles modernos que lo hacen destacar.<\/p>\n","protected":false},"featured_media":72272,"comment_status":"open","ping_status":"closed","template":"","meta":{"nf_dc_page":""},"product_brand":[],"product_cat":[75],"product_tag":[],"class_list":{"0":"post-72271","1":"product","2":"type-product","3":"status-publish","4":"has-post-thumbnail","6":"product_cat-infantil","8":"first","9":"instock","10":"shipping-taxable","11":"purchasable","12":"product-type-simple"},"_links":{"self":[{"href":"https:\/\/brandss.com.py\/index\/wp-json\/wp\/v2\/product\/72271","targetHints":{"allow":["GET"]}}],"collection":[{"href":"https:\/\/brandss.com.py\/index\/wp-json\/wp\/v2\/product"}],"about":[{"href":"https:\/\/brandss.com.py\/index\/wp-json\/wp\/v2\/types\/product"}],"replies":[{"embeddable":true,"href":"https:\/\/brandss.com.py\/index\/wp-json\/wp\/v2\/comments?post=72271"}],"version-history":[{"count":2,"href":"https:\/\/brandss.com.py\/index\/wp-json\/wp\/v2\/product\/72271\/revisions"}],"predecessor-version":[{"id":72281,"href":"https:\/\/brandss.com.py\/index\/wp-json\/wp\/v2\/product\/72271\/revisions\/72281"}],"wp:featuredmedia":[{"embeddable":true,"href":"https:\/\/brandss.com.py\/index\/wp-json\/wp\/v2\/media\/72272"}],"wp:attachment":[{"href":"https:\/\/brandss.com.py\/index\/wp-json\/wp\/v2\/media?parent=72271"}],"wp:term":[{"taxonomy":"product_brand","embeddable":true,"href":"https:\/\/brandss.com.py\/index\/wp-json\/wp\/v2\/product_brand?post=72271"},{"taxonomy":"product_cat","embeddable":true,"href":"https:\/\/brandss.com.py\/index\/wp-json\/wp\/v2\/product_cat?post=72271"},{"taxonomy":"product_tag","embeddable":true,"href":"https:\/\/brandss.com.py\/index\/wp-json\/wp\/v2\/product_tag?post=72271"}],"curies":[{"name":"wp","href":"https:\/\/api.w.org\/{rel}","templated":true}]}}