{"id":72312,"date":"2025-02-20T13:05:48","date_gmt":"2025-02-20T13:05:48","guid":{"rendered":"https:\/\/brandss.com.py\/index\/?post_type=product&#038;p=72312"},"modified":"2025-02-20T13:06:43","modified_gmt":"2025-02-20T13:06:43","slug":"calzado-deportivo-masculino-adidas-ozelia","status":"publish","type":"product","link":"https:\/\/brandss.com.py\/index\/producto\/calzado-deportivo-masculino-adidas-ozelia\/","title":{"rendered":"CALZADO DEPORTIVO MASCULINO ADIDAS OZELIA"},"content":{"rendered":"<p><img loading=\"lazy\" decoding=\"async\" class=\"\" src=\"https:\/\/upload.wikimedia.org\/wikipedia\/commons\/2\/20\/Adidas_Logo.svg\" alt=\"Archivo:Adidas Logo.svg - Wikipedia, la enciclopedia libre\" width=\"484\" height=\"334\" \/><\/p>\n<h1>HO4255<\/h1>\n<p data-start=\"147\" data-end=\"394\">Est\u00e1n dise\u00f1ados para quienes buscan un estilo audaz y una comodidad incomparable. Inspirados en el estilo retro de los a\u00f1os 90 pero con un toque futurista, estos tenis destacan por su silueta aerodin\u00e1mica y su dise\u00f1o llamativo.<\/p>\n<p data-start=\"396\" data-end=\"703\">Construidos con una <strong data-start=\"416\" data-end=\"464\">parte superior de malla y material sint\u00e9tico<\/strong>, ofrecen un ajuste c\u00f3modo y envolvente, permitiendo transpirabilidad y flexibilidad en cada movimiento. Su tecnolog\u00eda de amortiguaci\u00f3n <strong data-start=\"600\" data-end=\"612\">Adiprene<\/strong> absorbe los impactos, brindando una sensaci\u00f3n de suavidad y soporte durante todo el d\u00eda.<\/p>\n<p data-start=\"705\" data-end=\"964\">Adem\u00e1s, su dise\u00f1o incorpora materiales reciclados como parte del compromiso de Adidas con la sustentabilidad, sin perder la calidad ni el rendimiento. La suela de goma proporciona excelente tracci\u00f3n, ideal para caminar con seguridad en cualquier superficie.<\/p>\n<h3 data-start=\"966\" data-end=\"1003\"><strong data-start=\"970\" data-end=\"1001\">Caracter\u00edsticas destacadas:<\/strong><\/h3>\n<p data-start=\"1004\" data-end=\"1494\">\u2714 <strong data-start=\"1006\" data-end=\"1039\">Dise\u00f1o aerodin\u00e1mico y moderno<\/strong>, con un toque retro de los a\u00f1os 90.<br data-start=\"1075\" data-end=\"1078\" \/>\u2714 <strong data-start=\"1080\" data-end=\"1137\">Parte superior de malla con revestimientos sint\u00e9ticos<\/strong>, para mayor confort y durabilidad.<br data-start=\"1172\" data-end=\"1175\" \/>\u2714 <strong data-start=\"1177\" data-end=\"1203\">Amortiguaci\u00f3n Adiprene<\/strong>, que absorbe impactos y brinda una pisada c\u00f3moda.<br data-start=\"1253\" data-end=\"1256\" \/>\u2714 <strong data-start=\"1258\" data-end=\"1286\">Suela de goma resistente<\/strong>, asegurando tracci\u00f3n y estabilidad.<br data-start=\"1322\" data-end=\"1325\" \/>\u2714 <strong data-start=\"1327\" data-end=\"1352\">Materiales reciclados<\/strong>, como parte del compromiso sostenible de Adidas.<br data-start=\"1401\" data-end=\"1404\" \/>\u2714 <strong data-start=\"1406\" data-end=\"1430\">Ajuste tipo calcet\u00edn<\/strong>, que se adapta al pie para una sensaci\u00f3n envolvente y segura.<\/p>\n<p data-start=\"1496\" data-end=\"1706\">Los Adidas Ozelia son la opci\u00f3n perfecta para quienes buscan fusionar moda, comodidad y un dise\u00f1o innovador. Ya sea para el d\u00eda a d\u00eda o para complementar un look urbano, estos tenis no pasar\u00e1n desapercibidos.<\/p>\n","protected":false},"excerpt":{"rendered":"<p>HO4255 Est\u00e1n dise\u00f1ados para quienes buscan un estilo audaz y una comodidad incomparable. Inspirados en el estilo retro de los<\/p>\n","protected":false},"featured_media":72314,"comment_status":"open","ping_status":"closed","template":"","meta":{"nf_dc_page":""},"product_brand":[],"product_cat":[76],"product_tag":[],"class_list":{"0":"post-72312","1":"product","2":"type-product","3":"status-publish","4":"has-post-thumbnail","6":"product_cat-masculino","8":"first","9":"instock","10":"shipping-taxable","11":"purchasable","12":"product-type-simple"},"_links":{"self":[{"href":"https:\/\/brandss.com.py\/index\/wp-json\/wp\/v2\/product\/72312","targetHints":{"allow":["GET"]}}],"collection":[{"href":"https:\/\/brandss.com.py\/index\/wp-json\/wp\/v2\/product"}],"about":[{"href":"https:\/\/brandss.com.py\/index\/wp-json\/wp\/v2\/types\/product"}],"replies":[{"embeddable":true,"href":"https:\/\/brandss.com.py\/index\/wp-json\/wp\/v2\/comments?post=72312"}],"version-history":[{"count":1,"href":"https:\/\/brandss.com.py\/index\/wp-json\/wp\/v2\/product\/72312\/revisions"}],"predecessor-version":[{"id":72320,"href":"https:\/\/brandss.com.py\/index\/wp-json\/wp\/v2\/product\/72312\/revisions\/72320"}],"wp:featuredmedia":[{"embeddable":true,"href":"https:\/\/brandss.com.py\/index\/wp-json\/wp\/v2\/media\/72314"}],"wp:attachment":[{"href":"https:\/\/brandss.com.py\/index\/wp-json\/wp\/v2\/media?parent=72312"}],"wp:term":[{"taxonomy":"product_brand","embeddable":true,"href":"https:\/\/brandss.com.py\/index\/wp-json\/wp\/v2\/product_brand?post=72312"},{"taxonomy":"product_cat","embeddable":true,"href":"https:\/\/brandss.com.py\/index\/wp-json\/wp\/v2\/product_cat?post=72312"},{"taxonomy":"product_tag","embeddable":true,"href":"https:\/\/brandss.com.py\/index\/wp-json\/wp\/v2\/product_tag?post=72312"}],"curies":[{"name":"wp","href":"https:\/\/api.w.org\/{rel}","templated":true}]}}