{"id":72321,"date":"2025-02-20T13:53:55","date_gmt":"2025-02-20T13:53:55","guid":{"rendered":"https:\/\/brandss.com.py\/index\/?post_type=product&#038;p=72321"},"modified":"2026-03-27T14:55:34","modified_gmt":"2026-03-27T14:55:34","slug":"perfume-masculino-vurv-royce-bleu-edp-100ml","status":"publish","type":"product","link":"https:\/\/brandss.com.py\/index\/producto\/perfume-masculino-vurv-royce-bleu-edp-100ml\/","title":{"rendered":"PERFUME MASCULINO VURV ROYCE BLEU EDP 100ML"},"content":{"rendered":"<p><img loading=\"lazy\" decoding=\"async\" class=\"\" src=\"https:\/\/www.parfumonline.ch\/media\/brand\/brand\/vurv.png\" alt=\"Vurv\" width=\"134\" height=\"72\" \/><\/p>\n<h1>ROYCE BLEU<\/h1>\n<p>Experimente una fragancia masculina con Vurv Parfum Royce Bleu Eau de Parfum 100 ml. Impresiona por su composici\u00f3n c\u00edtrica y acu\u00e1tica. <img loading=\"lazy\" decoding=\"async\" class=\"alignleft\" src=\"https:\/\/perfumescardales.com.ar\/wp-content\/uploads\/2024\/11\/royce-blue-3.jpg\" width=\"662\" height=\"662\" \/><\/p>\n<p>El elegante frasco refleja la elegancia de la fragancia y hace que Royce Bleu sea el compa\u00f1ero perfecto para el hombre moderno. Ya sea en la vida cotidiana o en ocasiones especiales, esta fragancia siempre deja una impresi\u00f3n duradera y subraya tu personalidad individual.<\/p>\n<p>Cada acorde resuena con una masculinidad cruda, entrelazando frescura y calidez en una combinaci\u00f3n magn\u00e9tica. La fragancia es un soplo de intensidad que se vuelve adictiva, envolviendo con su car\u00e1cter potente y elegante. Royce Bleu es un aroma que no solo se lleva, se deja sentir, se impone. Una explosi\u00f3n de frescura con una base feroz y envolvente que nunca pasa desapercibida!!!<\/p>\n<p>&nbsp;<\/p>\n<h3>Notas Olfativas<\/h3>\n<p>&nbsp;<\/p>\n<p>Royce Bleu es un aut\u00e9ntico perfume masculino. Royce Bleu de V\u00dbRV es una fragancia c\u00edtrica arom\u00e1tica, lanzada en 2021. Es un \u00e9xito entre el p\u00fablico y es perfecta para una fiesta nocturna. Tiene una estela duradera y pesada.<\/p>\n<p>Royce Bleu es una fragancia que despierta una energ\u00eda viril e imparable, donde la pimienta rosa y el jengibre se entrelazan con la frescura c\u00edtrica de la naranja y el lim\u00f3n, creando una apertura audaz que electriza. En su coraz\u00f3n, el jazm\u00edn aporta una suavidad inesperada, mientras las notas amaderadas se despliegan con fuerza, dejando una estela profunda y sofisticada.<\/p>\n<p>&nbsp;<\/p>\n<ul style=\"font-weight: 400\">\n<li><strong>Nota de salida<\/strong>: naranja, pimienta rosa, lim\u00f3n<\/li>\n<li><strong>Nota de coraz\u00f3n<\/strong>: jengibre, jazm\u00edn<\/li>\n<li><strong>Nota de fondo<\/strong>: notas amaderadas<\/li>\n<\/ul>\n","protected":false},"excerpt":{"rendered":"<p>ROYCE BLEU Experimente una fragancia masculina con Vurv Parfum Royce Bleu Eau de Parfum 100 ml. Impresiona por su composici\u00f3n<\/p>\n","protected":false},"featured_media":72322,"comment_status":"open","ping_status":"closed","template":"","meta":{"nf_dc_page":""},"product_brand":[785],"product_cat":[84],"product_tag":[1529],"class_list":{"0":"post-72321","1":"product","2":"type-product","3":"status-publish","4":"has-post-thumbnail","6":"product_brand-vurv","7":"product_cat-perfumeria","8":"product_tag-1529","10":"first","11":"outofstock","12":"shipping-taxable","13":"purchasable","14":"product-type-simple"},"_links":{"self":[{"href":"https:\/\/brandss.com.py\/index\/wp-json\/wp\/v2\/product\/72321","targetHints":{"allow":["GET"]}}],"collection":[{"href":"https:\/\/brandss.com.py\/index\/wp-json\/wp\/v2\/product"}],"about":[{"href":"https:\/\/brandss.com.py\/index\/wp-json\/wp\/v2\/types\/product"}],"replies":[{"embeddable":true,"href":"https:\/\/brandss.com.py\/index\/wp-json\/wp\/v2\/comments?post=72321"}],"version-history":[{"count":2,"href":"https:\/\/brandss.com.py\/index\/wp-json\/wp\/v2\/product\/72321\/revisions"}],"predecessor-version":[{"id":72327,"href":"https:\/\/brandss.com.py\/index\/wp-json\/wp\/v2\/product\/72321\/revisions\/72327"}],"wp:featuredmedia":[{"embeddable":true,"href":"https:\/\/brandss.com.py\/index\/wp-json\/wp\/v2\/media\/72322"}],"wp:attachment":[{"href":"https:\/\/brandss.com.py\/index\/wp-json\/wp\/v2\/media?parent=72321"}],"wp:term":[{"taxonomy":"product_brand","embeddable":true,"href":"https:\/\/brandss.com.py\/index\/wp-json\/wp\/v2\/product_brand?post=72321"},{"taxonomy":"product_cat","embeddable":true,"href":"https:\/\/brandss.com.py\/index\/wp-json\/wp\/v2\/product_cat?post=72321"},{"taxonomy":"product_tag","embeddable":true,"href":"https:\/\/brandss.com.py\/index\/wp-json\/wp\/v2\/product_tag?post=72321"}],"curies":[{"name":"wp","href":"https:\/\/api.w.org\/{rel}","templated":true}]}}