{"id":72354,"date":"2025-02-20T16:46:54","date_gmt":"2025-02-20T16:46:54","guid":{"rendered":"https:\/\/brandss.com.py\/index\/?post_type=product&#038;p=72354"},"modified":"2025-02-20T16:47:42","modified_gmt":"2025-02-20T16:47:42","slug":"calzado-deportivo-femenino-adidas-ozelia-2","status":"publish","type":"product","link":"https:\/\/brandss.com.py\/index\/producto\/calzado-deportivo-femenino-adidas-ozelia-2\/","title":{"rendered":"CALZADO DEPORTIVO FEMENINO ADIDAS OZELIA"},"content":{"rendered":"<p><img loading=\"lazy\" decoding=\"async\" class=\"\" src=\"https:\/\/upload.wikimedia.org\/wikipedia\/commons\/2\/20\/Adidas_Logo.svg\" alt=\"Archivo:Adidas Logo.svg - Wikipedia, la enciclopedia libre\" width=\"360\" height=\"248\" \/><\/p>\n<h1>HO4266<\/h1>\n<p data-start=\"187\" data-end=\"472\">Combinan un dise\u00f1o moderno con detalles elegantes, perfectos para quienes buscan lucir con estilo y a la moda. Inspirados en el calzado de los a\u00f1os 90, pero con un enfoque futurista, estos tenis destacan por su est\u00e9tica sofisticada y su ajuste c\u00f3modo.<\/p>\n<p data-start=\"474\" data-end=\"802\">Las l\u00edneas del calzado son\u00a0<strong data-start=\"501\" data-end=\"526\">delicadas y definidas<\/strong>, proporcionando un aspecto din\u00e1mico y estilizado. Su\u00a0<strong data-start=\"580\" data-end=\"624\">suela voluminosa con tecnolog\u00eda adiPRENE<\/strong>\u00a0est\u00e1 dise\u00f1ada para ofrecer una amortiguaci\u00f3n \u00f3ptima y absorber impactos en cada paso, garantizando comodidad y estabilidad tanto para el uso diario como para largas caminatas.<\/p>\n<h3 data-start=\"804\" data-end=\"841\"><strong data-start=\"808\" data-end=\"839\">Caracter\u00edsticas destacadas:<\/strong><\/h3>\n<p data-start=\"842\" data-end=\"1551\">\u2714\u00a0<strong data-start=\"844\" data-end=\"884\">Parte superior de malla transpirable<\/strong>, que mantiene los pies frescos y c\u00f3modos durante todo el d\u00eda.<br data-start=\"946\" data-end=\"949\" \/>\u2714\u00a0<strong data-start=\"951\" data-end=\"974\">Entresuela adiPRENE<\/strong>, proporcionando suavidad y absorci\u00f3n de impactos en cada pisada.<br data-start=\"1039\" data-end=\"1042\" \/>\u2714\u00a0<strong data-start=\"1044\" data-end=\"1079\">Suela de goma ligera y flexible<\/strong>, con excelente agarre para una mayor estabilidad al moverse.<br data-start=\"1140\" data-end=\"1143\" \/>\u2714\u00a0<strong data-start=\"1145\" data-end=\"1185\">Las ic\u00f3nicas tres rayas sin costuras<\/strong>, reflejando el ADN de Adidas con un dise\u00f1o moderno.<br data-start=\"1237\" data-end=\"1240\" \/>\u2714\u00a0<strong data-start=\"1242\" data-end=\"1276\">Colores juveniles y llamativos<\/strong>, f\u00e1ciles de combinar con distintos atuendos, ideales para cualquier ocasi\u00f3n.<br data-start=\"1353\" data-end=\"1356\" \/>\u2714\u00a0<strong data-start=\"1358\" data-end=\"1384\">Ajuste c\u00f3modo y seguro<\/strong>, con un dise\u00f1o que se adapta al pie para mayor soporte.<br data-start=\"1440\" data-end=\"1443\" \/>\u2714\u00a0<strong data-start=\"1445\" data-end=\"1489\">Parte superior con materiales reciclados<\/strong>, como parte del compromiso de Adidas con la sostenibilidad.<\/p>\n<h1>6<strong style=\"font-size: 22px\" data-start=\"1557\" data-end=\"1614\">Recomendaciones para el cuidado de los Adidas Ozelia:<\/strong><\/h1>\n<ul data-start=\"1617\" data-end=\"2079\">\n<li data-start=\"1617\" data-end=\"1714\">Si los usas con frecuencia, l\u00edmpialos <strong data-start=\"1657\" data-end=\"1683\">1 o 2 veces por semana<\/strong> para mantener su apariencia.<\/li>\n<li data-start=\"1715\" data-end=\"1780\"><strong data-start=\"1717\" data-end=\"1745\">No los laves en lavadora<\/strong>, ya que podr\u00edan perder su forma.<\/li>\n<li data-start=\"1781\" data-end=\"1861\"><strong data-start=\"1783\" data-end=\"1828\">Evita remojarlos en agua por mucho tiempo<\/strong> para conservar los materiales.<\/li>\n<li data-start=\"1862\" data-end=\"1963\"><strong data-start=\"1864\" data-end=\"1914\">No uses detergentes agresivos ni blanqueadores<\/strong>, ya que pueden da\u00f1ar los colores y la textura.<\/li>\n<li data-start=\"1964\" data-end=\"2079\">Gu\u00e1rdalos en un <strong data-start=\"1982\" data-end=\"2013\">lugar seco y bien ventilado<\/strong>, preferiblemente en un estante separado para mayor durabilidad.<\/li>\n<\/ul>\n","protected":false},"excerpt":{"rendered":"<p>HO4266 Combinan un dise\u00f1o moderno con detalles elegantes, perfectos para quienes buscan lucir con estilo y a la moda. Inspirados<\/p>\n","protected":false},"featured_media":72356,"comment_status":"open","ping_status":"closed","template":"","meta":{"nf_dc_page":""},"product_brand":[],"product_cat":[73],"product_tag":[],"class_list":{"0":"post-72354","1":"product","2":"type-product","3":"status-publish","4":"has-post-thumbnail","6":"product_cat-femenino","8":"first","9":"instock","10":"shipping-taxable","11":"purchasable","12":"product-type-simple"},"_links":{"self":[{"href":"https:\/\/brandss.com.py\/index\/wp-json\/wp\/v2\/product\/72354","targetHints":{"allow":["GET"]}}],"collection":[{"href":"https:\/\/brandss.com.py\/index\/wp-json\/wp\/v2\/product"}],"about":[{"href":"https:\/\/brandss.com.py\/index\/wp-json\/wp\/v2\/types\/product"}],"replies":[{"embeddable":true,"href":"https:\/\/brandss.com.py\/index\/wp-json\/wp\/v2\/comments?post=72354"}],"version-history":[{"count":2,"href":"https:\/\/brandss.com.py\/index\/wp-json\/wp\/v2\/product\/72354\/revisions"}],"predecessor-version":[{"id":72366,"href":"https:\/\/brandss.com.py\/index\/wp-json\/wp\/v2\/product\/72354\/revisions\/72366"}],"wp:featuredmedia":[{"embeddable":true,"href":"https:\/\/brandss.com.py\/index\/wp-json\/wp\/v2\/media\/72356"}],"wp:attachment":[{"href":"https:\/\/brandss.com.py\/index\/wp-json\/wp\/v2\/media?parent=72354"}],"wp:term":[{"taxonomy":"product_brand","embeddable":true,"href":"https:\/\/brandss.com.py\/index\/wp-json\/wp\/v2\/product_brand?post=72354"},{"taxonomy":"product_cat","embeddable":true,"href":"https:\/\/brandss.com.py\/index\/wp-json\/wp\/v2\/product_cat?post=72354"},{"taxonomy":"product_tag","embeddable":true,"href":"https:\/\/brandss.com.py\/index\/wp-json\/wp\/v2\/product_tag?post=72354"}],"curies":[{"name":"wp","href":"https:\/\/api.w.org\/{rel}","templated":true}]}}