{"id":72372,"date":"2025-02-20T17:03:08","date_gmt":"2025-02-20T17:03:08","guid":{"rendered":"https:\/\/brandss.com.py\/index\/?post_type=product&#038;p=72372"},"modified":"2025-02-20T17:06:10","modified_gmt":"2025-02-20T17:06:10","slug":"calzadco-deportivo-femenino-zx-2z-boost-pure","status":"publish","type":"product","link":"https:\/\/brandss.com.py\/index\/producto\/calzadco-deportivo-femenino-zx-2z-boost-pure\/","title":{"rendered":"CALZADO DEPORTIVO FEMEMINO ADIDAS ZX 2K BOOST PURE"},"content":{"rendered":"<p><img loading=\"lazy\" decoding=\"async\" class=\"\" src=\"https:\/\/upload.wikimedia.org\/wikipedia\/commons\/2\/20\/Adidas_Logo.svg\" alt=\"Archivo:Adidas Logo.svg - Wikipedia, la enciclopedia libre\" width=\"386\" height=\"266\" \/><\/p>\n<h1>GZ7875<\/h1>\n<p data-start=\"72\" data-end=\"339\">Los <strong data-start=\"76\" data-end=\"103\">Adidas ZX 2K Boost Pure<\/strong> son la combinaci\u00f3n perfecta entre innovaci\u00f3n, rendimiento y dise\u00f1o vanguardista. Inspirados en la ic\u00f3nica l\u00ednea ZX, estos tenis ofrecen una est\u00e9tica moderna con una explosi\u00f3n de confort gracias a la tecnolog\u00eda Boost en la entresuela.<\/p>\n<p data-start=\"341\" data-end=\"618\">Su <strong data-start=\"344\" data-end=\"369\">parte superior textil<\/strong> proporciona una sensaci\u00f3n ligera y transpirable, mientras que el <strong data-start=\"435\" data-end=\"466\">sistema de cierre de encaje<\/strong> garantiza un ajuste seguro y c\u00f3modo. La <strong data-start=\"507\" data-end=\"531\">plantilla OrthoLite\u00ae<\/strong> a\u00f1ade una capa extra de amortiguaci\u00f3n y frescura, ideal para largas jornadas de uso.<\/p>\n<p data-start=\"620\" data-end=\"920\">La <strong data-start=\"623\" data-end=\"643\">entresuela Boost<\/strong> es la clave de su comodidad, ofreciendo un <strong data-start=\"687\" data-end=\"721\">retorno de energ\u00eda inigualable<\/strong> en cada paso, haciendo que caminar o correr sea m\u00e1s din\u00e1mico y eficiente. La <strong data-start=\"799\" data-end=\"816\">suela de goma<\/strong> proporciona un excelente agarre y estabilidad en diferentes superficies, asegurando una pisada firme.<\/p>\n<h3 data-start=\"922\" data-end=\"959\"><strong data-start=\"926\" data-end=\"957\">Caracter\u00edsticas destacadas:<\/strong><\/h3>\n<p data-start=\"960\" data-end=\"1458\">\u2714 <strong data-start=\"962\" data-end=\"982\">Cierre de encaje<\/strong>, para un ajuste seguro y personalizado.<br data-start=\"1022\" data-end=\"1025\" \/>\u2714 <strong data-start=\"1027\" data-end=\"1052\">Parte superior textil<\/strong>, que brinda transpirabilidad y ligereza.<br data-start=\"1093\" data-end=\"1096\" \/>\u2714 <strong data-start=\"1098\" data-end=\"1122\">Plantilla OrthoLite\u00ae<\/strong>, que ofrece comodidad duradera y frescura.<br data-start=\"1165\" data-end=\"1168\" \/>\u2714 <strong data-start=\"1170\" data-end=\"1190\" data-is-only-node=\"\">Entresuela Boost<\/strong>, para una amortiguaci\u00f3n superior y m\u00e1xima absorci\u00f3n de impacto.<br data-start=\"1254\" data-end=\"1257\" \/>\u2714 <strong data-start=\"1259\" data-end=\"1287\">Suela de goma resistente<\/strong>, que proporciona tracci\u00f3n y estabilidad.<br data-start=\"1328\" data-end=\"1331\" \/>\u2714 <strong data-start=\"1333\" data-end=\"1399\">Dise\u00f1o moderno en tonos Wonder White, Orange Tint y Solar Gold<\/strong>, combinando un estilo deportivo con un look sofisticado.<\/p>\n<p data-start=\"1460\" data-end=\"1678\">Los <strong data-start=\"1464\" data-end=\"1491\">Adidas ZX 2K Boost Pure<\/strong> son la opci\u00f3n ideal para quienes buscan rendimiento y dise\u00f1o en un solo calzado. Perfectos para el d\u00eda a d\u00eda, el entrenamiento o simplemente para lucir con estilo en cualquier ocasi\u00f3n.<\/p>\n<p>&nbsp;<\/p>\n","protected":false},"excerpt":{"rendered":"<p>GZ7875 Los Adidas ZX 2K Boost Pure son la combinaci\u00f3n perfecta entre innovaci\u00f3n, rendimiento y dise\u00f1o vanguardista. Inspirados en la<\/p>\n","protected":false},"featured_media":72376,"comment_status":"open","ping_status":"closed","template":"","meta":{"nf_dc_page":""},"product_brand":[],"product_cat":[73],"product_tag":[],"class_list":{"0":"post-72372","1":"product","2":"type-product","3":"status-publish","4":"has-post-thumbnail","6":"product_cat-femenino","8":"first","9":"instock","10":"shipping-taxable","11":"purchasable","12":"product-type-simple"},"_links":{"self":[{"href":"https:\/\/brandss.com.py\/index\/wp-json\/wp\/v2\/product\/72372","targetHints":{"allow":["GET"]}}],"collection":[{"href":"https:\/\/brandss.com.py\/index\/wp-json\/wp\/v2\/product"}],"about":[{"href":"https:\/\/brandss.com.py\/index\/wp-json\/wp\/v2\/types\/product"}],"replies":[{"embeddable":true,"href":"https:\/\/brandss.com.py\/index\/wp-json\/wp\/v2\/comments?post=72372"}],"version-history":[{"count":3,"href":"https:\/\/brandss.com.py\/index\/wp-json\/wp\/v2\/product\/72372\/revisions"}],"predecessor-version":[{"id":72391,"href":"https:\/\/brandss.com.py\/index\/wp-json\/wp\/v2\/product\/72372\/revisions\/72391"}],"wp:featuredmedia":[{"embeddable":true,"href":"https:\/\/brandss.com.py\/index\/wp-json\/wp\/v2\/media\/72376"}],"wp:attachment":[{"href":"https:\/\/brandss.com.py\/index\/wp-json\/wp\/v2\/media?parent=72372"}],"wp:term":[{"taxonomy":"product_brand","embeddable":true,"href":"https:\/\/brandss.com.py\/index\/wp-json\/wp\/v2\/product_brand?post=72372"},{"taxonomy":"product_cat","embeddable":true,"href":"https:\/\/brandss.com.py\/index\/wp-json\/wp\/v2\/product_cat?post=72372"},{"taxonomy":"product_tag","embeddable":true,"href":"https:\/\/brandss.com.py\/index\/wp-json\/wp\/v2\/product_tag?post=72372"}],"curies":[{"name":"wp","href":"https:\/\/api.w.org\/{rel}","templated":true}]}}