{"id":72397,"date":"2025-02-20T17:59:04","date_gmt":"2025-02-20T17:59:04","guid":{"rendered":"https:\/\/brandss.com.py\/index\/?post_type=product&#038;p=72397"},"modified":"2026-04-22T17:17:57","modified_gmt":"2026-04-22T17:17:57","slug":"perfume-unisex-al-haramain-amber-oud-gold-edp-120ml","status":"publish","type":"product","link":"https:\/\/brandss.com.py\/index\/producto\/perfume-unisex-al-haramain-amber-oud-gold-edp-120ml\/","title":{"rendered":"PERFUME UNISEX AL HARAMAIN AMBER OUD GOLD EDP 120ML"},"content":{"rendered":"<p><img loading=\"lazy\" decoding=\"async\" class=\"\" src=\"https:\/\/perfumesyperfumes.com\/cdn\/shop\/collections\/LOGO_AL_HARAMAIN.png?v=1717038567\" alt=\"Al Haramain | Perfumes y Perfumes\" width=\"107\" height=\"107\" \/><\/p>\n<h1>AMBER OUD GOLD<\/h1>\n<p>Siente el aroma dulce y sensual con Amber Oud Gold de Al Haramain, una encantadora fragancia para mujeres. El fascinante perfume, compuesto por acordes frutales, verdes y amaderados para una combinaci\u00f3n decadente que garantiza que ser\u00e1s el centro de atenci\u00f3n en cualquier situaci\u00f3n.<img loading=\"lazy\" decoding=\"async\" class=\"alignleft\" src=\"https:\/\/flora-parfums.com\/wp-content\/uploads\/2022\/05\/2540-Al-Haramain-120ml-Amber-Oud-Gold-Edition-768x1365.jpg\" width=\"623\" height=\"1107\" \/><\/p>\n<p>Perfecta para climas frescos y noches especiales, te envolver\u00e1 en un aura c\u00e1lida y sofisticada. Descubre su elegancia atemporal y su esencia dorada.<\/p>\n<p>&nbsp;<\/p>\n<h3>Notas Olfativas<\/h3>\n<p>&nbsp;<\/p>\n<p>Sum\u00e9rgete en la opulencia y el lujo de Al Haramain Amber Oud Gold Edition. Esta fragancia, lanzada en el a\u00f1o 2018, combina acordes amaderados, orientales y \u00e1mbar con la rica madera de oud y toques dulces.<\/p>\n<p style=\"font-weight: 400\">Amber Oud es una exquisita y moderna mezcla de c\u00edtricos y frutas delicadas, sobre una base de \u00e1mbar muy oriental y sensual. El coraz\u00f3n y la base de la fragancia est\u00e1n compuestos por notas frescas y cautivadoras. Gracias a una t\u00e9cnica de extracci\u00f3n, este elixir afrutado\/floral tiene un efecto aterciopelado sobre la piel.<\/p>\n<p style=\"font-weight: 400\"><b><strong>Notas de salida:<\/strong><\/b>\u00a0bergamota, verde.<\/p>\n<p style=\"font-weight: 400\"><b><strong>Notas de coraz\u00f3n:<\/strong><\/b>\u00a0mel\u00f3n, pi\u00f1a, gourmand.<\/p>\n<p style=\"font-weight: 400\"><b><strong>Notas de fondo:<\/strong><\/b>\u00a0amaderado, vainilla, almizcle.<\/p>\n","protected":false},"excerpt":{"rendered":"<p>AMBER OUD GOLD Siente el aroma dulce y sensual con Amber Oud Gold de Al Haramain, una encantadora fragancia para<\/p>\n","protected":false},"featured_media":72398,"comment_status":"open","ping_status":"closed","template":"","meta":{"nf_dc_page":""},"product_brand":[114],"product_cat":[84],"product_tag":[603],"class_list":{"0":"post-72397","1":"product","2":"type-product","3":"status-publish","4":"has-post-thumbnail","6":"product_brand-al-haramain","7":"product_cat-perfumeria","8":"product_tag-603","10":"first","11":"instock","12":"sale","13":"shipping-taxable","14":"purchasable","15":"product-type-simple"},"_links":{"self":[{"href":"https:\/\/brandss.com.py\/index\/wp-json\/wp\/v2\/product\/72397","targetHints":{"allow":["GET"]}}],"collection":[{"href":"https:\/\/brandss.com.py\/index\/wp-json\/wp\/v2\/product"}],"about":[{"href":"https:\/\/brandss.com.py\/index\/wp-json\/wp\/v2\/types\/product"}],"replies":[{"embeddable":true,"href":"https:\/\/brandss.com.py\/index\/wp-json\/wp\/v2\/comments?post=72397"}],"version-history":[{"count":2,"href":"https:\/\/brandss.com.py\/index\/wp-json\/wp\/v2\/product\/72397\/revisions"}],"predecessor-version":[{"id":99629,"href":"https:\/\/brandss.com.py\/index\/wp-json\/wp\/v2\/product\/72397\/revisions\/99629"}],"wp:featuredmedia":[{"embeddable":true,"href":"https:\/\/brandss.com.py\/index\/wp-json\/wp\/v2\/media\/72398"}],"wp:attachment":[{"href":"https:\/\/brandss.com.py\/index\/wp-json\/wp\/v2\/media?parent=72397"}],"wp:term":[{"taxonomy":"product_brand","embeddable":true,"href":"https:\/\/brandss.com.py\/index\/wp-json\/wp\/v2\/product_brand?post=72397"},{"taxonomy":"product_cat","embeddable":true,"href":"https:\/\/brandss.com.py\/index\/wp-json\/wp\/v2\/product_cat?post=72397"},{"taxonomy":"product_tag","embeddable":true,"href":"https:\/\/brandss.com.py\/index\/wp-json\/wp\/v2\/product_tag?post=72397"}],"curies":[{"name":"wp","href":"https:\/\/api.w.org\/{rel}","templated":true}]}}