{"id":72430,"date":"2025-02-20T18:38:20","date_gmt":"2025-02-20T18:38:20","guid":{"rendered":"https:\/\/brandss.com.py\/index\/?post_type=product&#038;p=72430"},"modified":"2025-04-24T10:30:18","modified_gmt":"2025-04-24T10:30:18","slug":"mochila-unisex-adidas-originals","status":"publish","type":"product","link":"https:\/\/brandss.com.py\/index\/producto\/mochila-unisex-adidas-originals\/","title":{"rendered":"MOCHILA UNISEX ADIDAS ORIGINALS"},"content":{"rendered":"<p><img loading=\"lazy\" decoding=\"async\" class=\"\" src=\"https:\/\/upload.wikimedia.org\/wikipedia\/commons\/2\/20\/Adidas_Logo.svg\" alt=\"Archivo:Adidas Logo.svg - Wikipedia, la enciclopedia libre\" width=\"126\" height=\"87\" \/><\/p>\n<h1>ORIGINALS<\/h1>\n<div class=\"h4\"><span>Una mochila atrevida que es imposible pasar por alto.<\/span><\/div>\n<div class=\"text_wrapper\"><span>\u00bfLa forma m\u00e1s f\u00e1cil de dejar una impresi\u00f3n duradera? Simplemente camina por la calle con esta mochila adidas. Est\u00e1 hecho de un material brillante y arrugado artificialmente, que atrae la atenci\u00f3n por su singularidad. El compartimento principal tiene espacio para art\u00edculos de uso diario. Un bolsillo externo con cremallera permite tener peque\u00f1os objetos esenciales a mano. \\n\\nEste modelo est\u00e1 fabricado con materiales reciclados como parte de nuestro compromiso de reducir los residuos pl\u00e1sticos.<\/span><\/div>\n<ul>\n<li><span>Dimensiones: 13 cm x 30 cm x 45 cm.<\/span><\/li>\n<li><span>Volumen: 21,5 l.<\/span><\/li>\n<li><span>Material principal: 50% nailon, 50% pel\u00edcula de poliuretano.<\/span><\/li>\n<li><span>Forro: 100% poli\u00e9ster reciclado.<\/span><\/li>\n<li><span>Compartimento principal con cremallera.<\/span><\/li>\n<li><span>Bolsillo frontal con cremallera.<\/span><\/li>\n<li><span>Correas de hombro suaves y ajustables.<\/span><\/li>\n<li><span>Color: verde \u00f3rbita.<\/span><\/li>\n<li>Modelo: H09127.<\/li>\n<\/ul>\n","protected":false},"excerpt":{"rendered":"<p>ORIGINALS Una mochila atrevida que es imposible pasar por alto. \u00bfLa forma m\u00e1s f\u00e1cil de dejar una impresi\u00f3n duradera? Simplemente<\/p>\n","protected":false},"featured_media":72431,"comment_status":"open","ping_status":"closed","template":"","meta":{"nf_dc_page":""},"product_brand":[],"product_cat":[74,77],"product_tag":[],"class_list":{"0":"post-72430","1":"product","2":"type-product","3":"status-publish","4":"has-post-thumbnail","6":"product_cat-accesorios-fem","7":"product_cat-accesorios-masc","9":"first","10":"instock","11":"shipping-taxable","12":"purchasable","13":"product-type-simple"},"_links":{"self":[{"href":"https:\/\/brandss.com.py\/index\/wp-json\/wp\/v2\/product\/72430","targetHints":{"allow":["GET"]}}],"collection":[{"href":"https:\/\/brandss.com.py\/index\/wp-json\/wp\/v2\/product"}],"about":[{"href":"https:\/\/brandss.com.py\/index\/wp-json\/wp\/v2\/types\/product"}],"replies":[{"embeddable":true,"href":"https:\/\/brandss.com.py\/index\/wp-json\/wp\/v2\/comments?post=72430"}],"version-history":[{"count":1,"href":"https:\/\/brandss.com.py\/index\/wp-json\/wp\/v2\/product\/72430\/revisions"}],"predecessor-version":[{"id":72441,"href":"https:\/\/brandss.com.py\/index\/wp-json\/wp\/v2\/product\/72430\/revisions\/72441"}],"wp:featuredmedia":[{"embeddable":true,"href":"https:\/\/brandss.com.py\/index\/wp-json\/wp\/v2\/media\/72431"}],"wp:attachment":[{"href":"https:\/\/brandss.com.py\/index\/wp-json\/wp\/v2\/media?parent=72430"}],"wp:term":[{"taxonomy":"product_brand","embeddable":true,"href":"https:\/\/brandss.com.py\/index\/wp-json\/wp\/v2\/product_brand?post=72430"},{"taxonomy":"product_cat","embeddable":true,"href":"https:\/\/brandss.com.py\/index\/wp-json\/wp\/v2\/product_cat?post=72430"},{"taxonomy":"product_tag","embeddable":true,"href":"https:\/\/brandss.com.py\/index\/wp-json\/wp\/v2\/product_tag?post=72430"}],"curies":[{"name":"wp","href":"https:\/\/api.w.org\/{rel}","templated":true}]}}