{"id":72457,"date":"2025-02-20T19:09:36","date_gmt":"2025-02-20T19:09:36","guid":{"rendered":"https:\/\/brandss.com.py\/index\/?post_type=product&#038;p=72457"},"modified":"2026-04-11T13:21:32","modified_gmt":"2026-04-11T13:21:32","slug":"legging-deportivo-femnino-adidas-adicolor-classics-3-stripes","status":"publish","type":"product","link":"https:\/\/brandss.com.py\/index\/producto\/legging-deportivo-femnino-adidas-adicolor-classics-3-stripes\/","title":{"rendered":"LEGGING DEPORTIVO FEMNINO ADIDAS ADICOLOR CLASSICS 3 STRIPES"},"content":{"rendered":"<p><img loading=\"lazy\" decoding=\"async\" class=\"\" src=\"https:\/\/upload.wikimedia.org\/wikipedia\/commons\/2\/20\/Adidas_Logo.svg\" alt=\"Archivo:Adidas Logo.svg - Wikipedia, la enciclopedia libre\" width=\"102\" height=\"71\" \/><\/p>\n<h1>ADICOLOR CLASSICS 3 STRIPES<\/h1>\n<p><span>Aunque solo salgas de casa hoy para comprar algo para picar, no dejes pasar la oportunidad de lucir un poco de estilo. Estas mallas adidas con las caracter\u00edsticas 3 rayas son una apuesta segura. El algod\u00f3n suave es lo suficientemente c\u00f3modo como para que puedas terminar tu marat\u00f3n de series en una sola sesi\u00f3n. Los leggings de corte alto con las 3 bandas de adidas est\u00e1n confeccionados en algod\u00f3n suave y cuentan con una cintura el\u00e1stica con cord\u00f3n. El legendario logotipo de las 3 bandas y el tr\u00e9bol le dan el estilo inconfundible de adidas.<\/span><\/p>\n<h3><span>Caracter\u00edsticas:<\/span><\/h3>\n<ul>\n<li><span>Cintura el\u00e1stica.<\/span><\/li>\n<li><span>Tacto suave.<\/span><\/li>\n<li><span>Tejido el\u00e1stico.<\/span><\/li>\n<li><span>Ajuste ce\u00f1ido.<\/span><\/li>\n<li><span>Composici\u00f3n: 92% Algod\u00f3n, 8% Elastano jersey sencillo.<\/span><\/li>\n<li><span>Los productos de algod\u00f3n de Adidas apoyan el cultivo sostenible del algod\u00f3n.<\/span><\/li>\n<li><span>Esto es parte de la ambici\u00f3n de adidas de acabar con los residuos pl\u00e1sticos.<\/span><\/li>\n<li>Color: Negro.<\/li>\n<li>Modelo: H09426.<\/li>\n<\/ul>\n","protected":false},"excerpt":{"rendered":"<p>ADICOLOR CLASSICS 3 STRIPES Aunque solo salgas de casa hoy para comprar algo para picar, no dejes pasar la oportunidad<\/p>\n","protected":false},"featured_media":72458,"comment_status":"open","ping_status":"closed","template":"","meta":{"nf_dc_page":""},"product_brand":[],"product_cat":[73],"product_tag":[],"class_list":{"0":"post-72457","1":"product","2":"type-product","3":"status-publish","4":"has-post-thumbnail","6":"product_cat-femenino","8":"first","9":"outofstock","10":"shipping-taxable","11":"purchasable","12":"product-type-simple"},"_links":{"self":[{"href":"https:\/\/brandss.com.py\/index\/wp-json\/wp\/v2\/product\/72457","targetHints":{"allow":["GET"]}}],"collection":[{"href":"https:\/\/brandss.com.py\/index\/wp-json\/wp\/v2\/product"}],"about":[{"href":"https:\/\/brandss.com.py\/index\/wp-json\/wp\/v2\/types\/product"}],"replies":[{"embeddable":true,"href":"https:\/\/brandss.com.py\/index\/wp-json\/wp\/v2\/comments?post=72457"}],"version-history":[{"count":1,"href":"https:\/\/brandss.com.py\/index\/wp-json\/wp\/v2\/product\/72457\/revisions"}],"predecessor-version":[{"id":72466,"href":"https:\/\/brandss.com.py\/index\/wp-json\/wp\/v2\/product\/72457\/revisions\/72466"}],"wp:featuredmedia":[{"embeddable":true,"href":"https:\/\/brandss.com.py\/index\/wp-json\/wp\/v2\/media\/72458"}],"wp:attachment":[{"href":"https:\/\/brandss.com.py\/index\/wp-json\/wp\/v2\/media?parent=72457"}],"wp:term":[{"taxonomy":"product_brand","embeddable":true,"href":"https:\/\/brandss.com.py\/index\/wp-json\/wp\/v2\/product_brand?post=72457"},{"taxonomy":"product_cat","embeddable":true,"href":"https:\/\/brandss.com.py\/index\/wp-json\/wp\/v2\/product_cat?post=72457"},{"taxonomy":"product_tag","embeddable":true,"href":"https:\/\/brandss.com.py\/index\/wp-json\/wp\/v2\/product_tag?post=72457"}],"curies":[{"name":"wp","href":"https:\/\/api.w.org\/{rel}","templated":true}]}}