{"id":72490,"date":"2025-02-21T13:44:57","date_gmt":"2025-02-21T13:44:57","guid":{"rendered":"https:\/\/brandss.com.py\/index\/?post_type=product&#038;p=72490"},"modified":"2025-02-21T15:26:24","modified_gmt":"2025-02-21T15:26:24","slug":"calzado-femenino-fila-calzini-ii-lifestyle","status":"publish","type":"product","link":"https:\/\/brandss.com.py\/index\/producto\/calzado-femenino-fila-calzini-ii-lifestyle\/","title":{"rendered":"CALZADO FEMENINO CASUAL FILA CALZINI II LIFESTYLE"},"content":{"rendered":"<h1 data-start=\"0\" data-end=\"74\"><img loading=\"lazy\" decoding=\"async\" class=\"\" src=\"https:\/\/i0.wp.com\/1000marcas.net\/wp-content\/uploads\/2019\/12\/logo-Fila.png?resize=101%2C57&amp;ssl=1\" width=\"179\" height=\"101\" \/><\/h1>\n<h1 data-start=\"0\" data-end=\"74\"><strong data-start=\"0\" data-end=\"72\">Fila Calzini II Lifestyle Femenino<\/strong><\/h1>\n<p data-start=\"76\" data-end=\"498\">El Fila Calzini II es un calzado femenino dise\u00f1ado para brindar confort y versatilidad en el d\u00eda a d\u00eda. Su dise\u00f1o slip-on permite un ajuste perfecto y f\u00e1cil colocaci\u00f3n, mientras que su confecci\u00f3n en material Knit proporciona flexibilidad y transpirabilidad. Ideal para un look moderno y casual, este modelo combina ligereza y amortiguaci\u00f3n, convirti\u00e9ndose en una excelente opci\u00f3n para caminatas y uso diario.<\/p>\n<h3 data-start=\"500\" data-end=\"526\"><strong data-start=\"504\" data-end=\"524\">Caracter\u00edsticas:<\/strong><\/h3>\n<ul data-start=\"527\" data-end=\"1044\">\n<li data-start=\"527\" data-end=\"546\"><strong data-start=\"529\" data-end=\"539\">Marca:<\/strong> Fila<\/li>\n<li data-start=\"547\" data-end=\"586\"><strong data-start=\"549\" data-end=\"560\">Modelo:<\/strong> Calzini II (F02TR00009)<\/li>\n<li data-start=\"587\" data-end=\"627\"><strong data-start=\"589\" data-end=\"598\">Tipo:<\/strong> Calzado Lifestyle Femenino<\/li>\n<li data-start=\"628\" data-end=\"702\"><strong data-start=\"630\" data-end=\"643\">Material:<\/strong> Tejido Knit transpirable con detalles en cuero sint\u00e9tico<\/li>\n<li data-start=\"703\" data-end=\"760\"><strong data-start=\"705\" data-end=\"716\">Dise\u00f1o:<\/strong> Slip-on sin cordones para mayor comodidad<\/li>\n<li data-start=\"761\" data-end=\"815\"><strong data-start=\"763\" data-end=\"773\">Suela:<\/strong> Goma antideslizante para mejor tracci\u00f3n<\/li>\n<li data-start=\"816\" data-end=\"877\"><strong data-start=\"818\" data-end=\"836\">Amortiguaci\u00f3n:<\/strong> Plantilla acolchada para mayor confort<\/li>\n<li data-start=\"878\" data-end=\"949\"><strong data-start=\"880\" data-end=\"900\">Uso recomendado:<\/strong> Caminatas, entrenamientos ligeros y uso diario<\/li>\n<li data-start=\"950\" data-end=\"1006\"><strong data-start=\"952\" data-end=\"976\">Colores disponibles:<\/strong> Variados seg\u00fan la colecci\u00f3n<\/li>\n<li data-start=\"1007\" data-end=\"1044\"><strong data-start=\"1009\" data-end=\"1020\">Estilo:<\/strong> Moderno y minimalista<\/li>\n<\/ul>\n<h3 data-start=\"1046\" data-end=\"1075\"><strong data-start=\"1050\" data-end=\"1073\">El paquete incluye:<\/strong><\/h3>\n<ul>\n<li data-start=\"1076\" data-end=\"1146\">1 x Par de tenis Fila Calzini II<\/li>\n<li data-start=\"1076\" data-end=\"1146\">1 x Caja original de la marca<\/li>\n<\/ul>\n<p data-start=\"1148\" data-end=\"1200\" data-is-last-node=\"\" data-is-only-node=\"\"><strong data-start=\"1148\" data-end=\"1169\">Tipo de producto:<\/strong> Zapatillas deportivas casuales<\/p>\n","protected":false},"excerpt":{"rendered":"<p>Fila Calzini II Lifestyle Femenino El Fila Calzini II es un calzado femenino dise\u00f1ado para brindar confort y versatilidad en<\/p>\n","protected":false},"featured_media":72496,"comment_status":"open","ping_status":"closed","template":"","meta":{"nf_dc_page":""},"product_brand":[],"product_cat":[73],"product_tag":[],"class_list":{"0":"post-72490","1":"product","2":"type-product","3":"status-publish","4":"has-post-thumbnail","6":"product_cat-femenino","8":"first","9":"instock","10":"shipping-taxable","11":"purchasable","12":"product-type-simple"},"_links":{"self":[{"href":"https:\/\/brandss.com.py\/index\/wp-json\/wp\/v2\/product\/72490","targetHints":{"allow":["GET"]}}],"collection":[{"href":"https:\/\/brandss.com.py\/index\/wp-json\/wp\/v2\/product"}],"about":[{"href":"https:\/\/brandss.com.py\/index\/wp-json\/wp\/v2\/types\/product"}],"replies":[{"embeddable":true,"href":"https:\/\/brandss.com.py\/index\/wp-json\/wp\/v2\/comments?post=72490"}],"version-history":[{"count":2,"href":"https:\/\/brandss.com.py\/index\/wp-json\/wp\/v2\/product\/72490\/revisions"}],"predecessor-version":[{"id":72553,"href":"https:\/\/brandss.com.py\/index\/wp-json\/wp\/v2\/product\/72490\/revisions\/72553"}],"wp:featuredmedia":[{"embeddable":true,"href":"https:\/\/brandss.com.py\/index\/wp-json\/wp\/v2\/media\/72496"}],"wp:attachment":[{"href":"https:\/\/brandss.com.py\/index\/wp-json\/wp\/v2\/media?parent=72490"}],"wp:term":[{"taxonomy":"product_brand","embeddable":true,"href":"https:\/\/brandss.com.py\/index\/wp-json\/wp\/v2\/product_brand?post=72490"},{"taxonomy":"product_cat","embeddable":true,"href":"https:\/\/brandss.com.py\/index\/wp-json\/wp\/v2\/product_cat?post=72490"},{"taxonomy":"product_tag","embeddable":true,"href":"https:\/\/brandss.com.py\/index\/wp-json\/wp\/v2\/product_tag?post=72490"}],"curies":[{"name":"wp","href":"https:\/\/api.w.org\/{rel}","templated":true}]}}