{"id":72521,"date":"2025-02-21T14:27:53","date_gmt":"2025-02-21T14:27:53","guid":{"rendered":"https:\/\/brandss.com.py\/index\/?post_type=product&#038;p=72521"},"modified":"2026-03-11T11:51:54","modified_gmt":"2026-03-11T11:51:54","slug":"perfume-femenino-antonio-banderas-the-icon-woman-edp-100ml","status":"publish","type":"product","link":"https:\/\/brandss.com.py\/index\/producto\/perfume-femenino-antonio-banderas-the-icon-woman-edp-100ml\/","title":{"rendered":"PERFUME FEMENINO ANTONIO BANDERAS THE ICON WOMAN EDP 100ML"},"content":{"rendered":"<p><img loading=\"lazy\" decoding=\"async\" class=\"\" src=\"https:\/\/encrypted-tbn0.gstatic.com\/images?q=tbn:ANd9GcTDqRm3VnVXuCbpTugdrtZT8rU7TNChWb_bPw&amp;s\" alt=\"PERFUME ANTONIO BANDERAS THE ICON FOR MEN E...\" width=\"98\" height=\"98\" \/><\/p>\n<h1>THE ICON WOMAN<\/h1>\n<p>El perfume The Icon para ella de Banderas, lleno de actitud, para una mujer empoderada. \u00bfQu\u00e9 es el \u00e9xito? \u00bfEs fama? \u00bfPoder? \u00bfFortuna?<br \/>\nSiempre ha estado relacionado con esos conceptos, pero las cosas est\u00e1n cambiando. Ha llegado el momento de redefinirlo y transformarlo a trav\u00e9s de una visi\u00f3n femenina y actual. El nuevo Eau de parfum The Icon abandera nuevos conceptos. \u00bfPuede ser algo delicado y, al mismo tiempo, estar lleno de fuerza? Es la premisa de una fragancia que, como la mujer a la que representa, evita la obviedad y se adentra en territorios llenos de sutilezas en los que se mueve con libertad y audacia.<\/p>\n<div style=\"width: 1280px;\" class=\"wp-video\"><video class=\"wp-video-shortcode\" id=\"video-72521-1\" width=\"1280\" height=\"720\" preload=\"metadata\" controls=\"controls\"><source type=\"video\/mp4\" src=\"https:\/\/brandss.com.py\/index\/wp-content\/uploads\/2025\/02\/03-icon-femenino-720_1678102800.mp4?_=1\" \/><a href=\"https:\/\/brandss.com.py\/index\/wp-content\/uploads\/2025\/02\/03-icon-femenino-720_1678102800.mp4\">https:\/\/brandss.com.py\/index\/wp-content\/uploads\/2025\/02\/03-icon-femenino-720_1678102800.mp4<\/a><\/video><\/div>\n<p><strong>Success is an attitude. La valent\u00eda, la libertad, el entusiasmo y la autenticidad son los nuevos valores al alza.\u00a0<\/strong><\/p>\n<p>&nbsp;<\/p>\n<h3>Notas Olfativas<\/h3>\n<p>Un Eau de Parfum que, como la mujer a la que representa, evita la obviedad y se adentra en territorios llenos de sutilezas en los que se mueve con libertad y audacia. La bergamota y la grosella negra comienzan captando la atenci\u00f3n irremediablemente. Preceden al elixir floral del jazm\u00edn y el azahar. La vainilla y el almizcle aportan calidez y le otorgan un aire de exotismo que permanecer\u00e1 para siempre en la memoria. Juntos, sus acordes componen una esencia capaz de cambiar las reglas del juego. \u00bfPuede ser algo delicado y, al mismo tiempo, estar lleno de fuerza? Este dise\u00f1o demuestra que s\u00ed. Sus formas se inspiran en el reflejo del \u00e9xito: est\u00edmulo, dinamismo y fuerza, sin perder su faceta femenina. Un frasco que atrapa la esencia crom\u00e1tica de una flor, llena de matices.<\/p>\n<div class=\"col-md-4 elem\">\n<p class=\"product-ingredients__subtitle\"><strong>Notas de salida:<\/strong> Bergamota, Grosella Negra.<\/p>\n<p><strong>Notas de coraz\u00f3n:<\/strong> Jazm\u00edn, Flor de naranjo.<\/p>\n<p><strong>Notas de fondo:<\/strong> Vainilla, Musc.<\/p>\n<\/div>\n<div class=\"col-md-4 elem\">\n<div style=\"width: 1280px;\" class=\"wp-video\"><video class=\"wp-video-shortcode\" id=\"video-72521-2\" width=\"1280\" height=\"720\" preload=\"metadata\" controls=\"controls\"><source type=\"video\/mp4\" src=\"https:\/\/brandss.com.py\/index\/wp-content\/uploads\/2025\/02\/wip-icon-agatha-30s-v24-eng-720p-v2_1678806212.mp4?_=2\" \/><a href=\"https:\/\/brandss.com.py\/index\/wp-content\/uploads\/2025\/02\/wip-icon-agatha-30s-v24-eng-720p-v2_1678806212.mp4\">https:\/\/brandss.com.py\/index\/wp-content\/uploads\/2025\/02\/wip-icon-agatha-30s-v24-eng-720p-v2_1678806212.mp4<\/a><\/video><\/div>\n<\/div>\n","protected":false},"excerpt":{"rendered":"<p>THE ICON WOMAN El perfume The Icon para ella de Banderas, lleno de actitud, para una mujer empoderada. \u00bfQu\u00e9 es<\/p>\n","protected":false},"featured_media":72526,"comment_status":"open","ping_status":"closed","template":"","meta":{"nf_dc_page":""},"product_brand":[870],"product_cat":[84],"product_tag":[1998],"class_list":{"0":"post-72521","1":"product","2":"type-product","3":"status-publish","4":"has-post-thumbnail","6":"product_brand-antonio-banderas","7":"product_cat-perfumeria","8":"product_tag-1998","10":"first","11":"instock","12":"shipping-taxable","13":"purchasable","14":"product-type-simple"},"_links":{"self":[{"href":"https:\/\/brandss.com.py\/index\/wp-json\/wp\/v2\/product\/72521","targetHints":{"allow":["GET"]}}],"collection":[{"href":"https:\/\/brandss.com.py\/index\/wp-json\/wp\/v2\/product"}],"about":[{"href":"https:\/\/brandss.com.py\/index\/wp-json\/wp\/v2\/types\/product"}],"replies":[{"embeddable":true,"href":"https:\/\/brandss.com.py\/index\/wp-json\/wp\/v2\/comments?post=72521"}],"version-history":[{"count":1,"href":"https:\/\/brandss.com.py\/index\/wp-json\/wp\/v2\/product\/72521\/revisions"}],"predecessor-version":[{"id":72533,"href":"https:\/\/brandss.com.py\/index\/wp-json\/wp\/v2\/product\/72521\/revisions\/72533"}],"wp:featuredmedia":[{"embeddable":true,"href":"https:\/\/brandss.com.py\/index\/wp-json\/wp\/v2\/media\/72526"}],"wp:attachment":[{"href":"https:\/\/brandss.com.py\/index\/wp-json\/wp\/v2\/media?parent=72521"}],"wp:term":[{"taxonomy":"product_brand","embeddable":true,"href":"https:\/\/brandss.com.py\/index\/wp-json\/wp\/v2\/product_brand?post=72521"},{"taxonomy":"product_cat","embeddable":true,"href":"https:\/\/brandss.com.py\/index\/wp-json\/wp\/v2\/product_cat?post=72521"},{"taxonomy":"product_tag","embeddable":true,"href":"https:\/\/brandss.com.py\/index\/wp-json\/wp\/v2\/product_tag?post=72521"}],"curies":[{"name":"wp","href":"https:\/\/api.w.org\/{rel}","templated":true}]}}