{"id":72561,"date":"2025-02-21T16:13:08","date_gmt":"2025-02-21T16:13:08","guid":{"rendered":"https:\/\/brandss.com.py\/index\/?post_type=product&#038;p=72561"},"modified":"2025-02-21T17:24:57","modified_gmt":"2025-02-21T17:24:57","slug":"short-infantil-fila-moda-acqua-black-pastel","status":"publish","type":"product","link":"https:\/\/brandss.com.py\/index\/producto\/short-infantil-fila-moda-acqua-black-pastel\/","title":{"rendered":"SHORT INFANTIL FILA MODA ACQUA BLACK\/PASTEL"},"content":{"rendered":"<h1 data-start=\"0\" data-end=\"73\"><img decoding=\"async\" src=\"https:\/\/i0.wp.com\/1000marcas.net\/wp-content\/uploads\/2019\/12\/logo-Fila.png?resize=101%2C57&amp;ssl=1\" \/><\/h1>\n<h1 data-start=\"0\" data-end=\"73\"><strong data-start=\"0\" data-end=\"71\">Fila Shorts Ni\u00f1os Moda Acqua<\/strong><\/h1>\n<p data-start=\"75\" data-end=\"406\">Los Fila Shorts Moda Acqua est\u00e1n dise\u00f1ados para brindar frescura y libertad de movimiento a los m\u00e1s peque\u00f1os. Confeccionados con materiales ligeros y transpirables, son ideales para el d\u00eda a d\u00eda, actividades deportivas o momentos de relax. Su dise\u00f1o moderno en combinaci\u00f3n de Black\/Pastel aporta un toque de estilo \u00fanico.<\/p>\n<h3 data-start=\"408\" data-end=\"434\"><strong data-start=\"412\" data-end=\"432\">Caracter\u00edsticas:<\/strong><\/h3>\n<ul data-start=\"435\" data-end=\"772\">\n<li data-start=\"435\" data-end=\"454\"><strong data-start=\"437\" data-end=\"447\">Marca:<\/strong> Fila<\/li>\n<li data-start=\"455\" data-end=\"484\"><strong data-start=\"457\" data-end=\"468\">Modelo:<\/strong> F110K007-3250<\/li>\n<li data-start=\"485\" data-end=\"516\"><strong data-start=\"487\" data-end=\"496\">Tipo:<\/strong> Shorts para ni\u00f1os<\/li>\n<li data-start=\"517\" data-end=\"561\"><strong data-start=\"519\" data-end=\"532\">Material:<\/strong> Tela ligera y transpirable<\/li>\n<li data-start=\"562\" data-end=\"605\"><strong data-start=\"564\" data-end=\"576\">Cintura:<\/strong> El\u00e1stica con ajuste c\u00f3modo<\/li>\n<li data-start=\"606\" data-end=\"668\"><strong data-start=\"608\" data-end=\"619\">Dise\u00f1o:<\/strong> Estilo moderno en combinaci\u00f3n <strong data-start=\"650\" data-end=\"666\">Black\/Pastel<\/strong><\/li>\n<li data-start=\"669\" data-end=\"724\"><strong data-start=\"671\" data-end=\"691\">Uso recomendado:<\/strong> Casual, deportivo y recreativo<\/li>\n<li data-start=\"725\" data-end=\"772\"><strong data-start=\"727\" data-end=\"750\">Tallas disponibles:<\/strong> Variadas seg\u00fan edad<\/li>\n<\/ul>\n<h3 data-start=\"774\" data-end=\"803\"><strong data-start=\"778\" data-end=\"801\">El paquete incluye:<\/strong><\/h3>\n<ul>\n<li data-start=\"804\" data-end=\"882\">1 x Shorts Fila Moda Acqua para ni\u00f1os<\/li>\n<\/ul>\n<p data-start=\"884\" data-end=\"931\" data-is-last-node=\"\" data-is-only-node=\"\"><strong data-start=\"884\" data-end=\"905\">Tipo de producto:<\/strong> Shorts infantiles de moda<\/p>\n","protected":false},"excerpt":{"rendered":"<p>Fila Shorts Ni\u00f1os Moda Acqua Los Fila Shorts Moda Acqua est\u00e1n dise\u00f1ados para brindar frescura y libertad de movimiento a<\/p>\n","protected":false},"featured_media":72562,"comment_status":"open","ping_status":"closed","template":"","meta":{"nf_dc_page":""},"product_brand":[],"product_cat":[75],"product_tag":[],"class_list":{"0":"post-72561","1":"product","2":"type-product","3":"status-publish","4":"has-post-thumbnail","6":"product_cat-infantil","8":"first","9":"instock","10":"shipping-taxable","11":"purchasable","12":"product-type-simple"},"_links":{"self":[{"href":"https:\/\/brandss.com.py\/index\/wp-json\/wp\/v2\/product\/72561","targetHints":{"allow":["GET"]}}],"collection":[{"href":"https:\/\/brandss.com.py\/index\/wp-json\/wp\/v2\/product"}],"about":[{"href":"https:\/\/brandss.com.py\/index\/wp-json\/wp\/v2\/types\/product"}],"replies":[{"embeddable":true,"href":"https:\/\/brandss.com.py\/index\/wp-json\/wp\/v2\/comments?post=72561"}],"version-history":[{"count":2,"href":"https:\/\/brandss.com.py\/index\/wp-json\/wp\/v2\/product\/72561\/revisions"}],"predecessor-version":[{"id":72575,"href":"https:\/\/brandss.com.py\/index\/wp-json\/wp\/v2\/product\/72561\/revisions\/72575"}],"wp:featuredmedia":[{"embeddable":true,"href":"https:\/\/brandss.com.py\/index\/wp-json\/wp\/v2\/media\/72562"}],"wp:attachment":[{"href":"https:\/\/brandss.com.py\/index\/wp-json\/wp\/v2\/media?parent=72561"}],"wp:term":[{"taxonomy":"product_brand","embeddable":true,"href":"https:\/\/brandss.com.py\/index\/wp-json\/wp\/v2\/product_brand?post=72561"},{"taxonomy":"product_cat","embeddable":true,"href":"https:\/\/brandss.com.py\/index\/wp-json\/wp\/v2\/product_cat?post=72561"},{"taxonomy":"product_tag","embeddable":true,"href":"https:\/\/brandss.com.py\/index\/wp-json\/wp\/v2\/product_tag?post=72561"}],"curies":[{"name":"wp","href":"https:\/\/api.w.org\/{rel}","templated":true}]}}