{"id":72566,"date":"2025-02-21T17:19:25","date_gmt":"2025-02-21T17:19:25","guid":{"rendered":"https:\/\/brandss.com.py\/index\/?post_type=product&#038;p=72566"},"modified":"2026-03-19T16:24:40","modified_gmt":"2026-03-19T16:24:40","slug":"perfume-femenino-gres-cabotine-set-edt-100ml-body-lotion-200ml","status":"publish","type":"product","link":"https:\/\/brandss.com.py\/index\/producto\/perfume-femenino-gres-cabotine-set-edt-100ml-body-lotion-200ml\/","title":{"rendered":"PERFUME FEMENINO GRES CABOTINE SET EDT 100ML + BODY LOTION 200ML"},"content":{"rendered":"<p><img loading=\"lazy\" decoding=\"async\" class=\"\" src=\"https:\/\/www.parfumsgres.com\/assets\/img\/logo-parfums-gres.png\" alt=\"L'H\u00e9ritage | Parfums Gr\u00e8s\" width=\"123\" height=\"54\" \/><\/p>\n<h1>CABOTINE<\/h1>\n<p>Para una mujer divertida y p\u00edcara, predispuesta a jugar y a hacer travesuras, con un esp\u00edritu joven, y sin miedos al riesgo, estamos ante una mujer con mil facetas, ya que su propio nombre nos la describe as\u00ed, puesto que la traducci\u00f3n de \u00e9ste es \u2018actriz\u2019.<\/p>\n<h3><img loading=\"lazy\" decoding=\"async\" class=\"alignleft\" src=\"https:\/\/f.fcdn.app\/imgs\/9d8b3d\/electroventas.com.uy\/elecuy\/31de\/webp\/catalogo\/BG7640171193496_BG7640171193496_3\/1500-1500\/set-perfume-gres-parfums-cabotine-50ml-body-lotion-50ml-original-set-perfume-gres-parfums-cabotine-50ml-body-lotion-50ml-original.jpg\" width=\"566\" height=\"566\" \/><\/h3>\n<h3>\nNotas Olfativas<\/h3>\n<p>&nbsp;<\/p>\n<p>Un aroma afrutado y c\u00edtrico, con un coraz\u00f3n floral y una base de madera, un destilado de sensualidad que conquista y seduce.<\/p>\n<p><strong>Notas de salida:<\/strong> Mandarina de Calabria, Jengibre de Asia, Ilang-ilang de Oriente.<br \/>\n<strong>Notas de coraz\u00f3n:<\/strong> Ginger lily de Himalaya, Jacinto silvestre de Grasse, Tuberosa de Egipto.<br \/>\n<strong>Notas de fondo:<\/strong> Maderas y Almizcle, Patchul\u00ed de Madagascar, S\u00e1ndalo de Oriente, Almizcle del Tibet, Grosella negra de Provenza.<\/p>\n<p><strong>Incluye:<\/strong><br \/>\nFragancia Gres Parfums Cabotine EDT Original<br \/>\nBody Lotion Gres Parfums Cabotine Original<br \/>\nProducto Nuevo Original en Caja Sellada.<\/p>\n","protected":false},"excerpt":{"rendered":"<p>CABOTINE Para una mujer divertida y p\u00edcara, predispuesta a jugar y a hacer travesuras, con un esp\u00edritu joven, y sin<\/p>\n","protected":false},"featured_media":72567,"comment_status":"open","ping_status":"closed","template":"","meta":{"nf_dc_page":""},"product_brand":[124],"product_cat":[84],"product_tag":[1999],"class_list":{"0":"post-72566","1":"product","2":"type-product","3":"status-publish","4":"has-post-thumbnail","6":"product_brand-gres","7":"product_cat-perfumeria","8":"product_tag-1999","10":"first","11":"outofstock","12":"shipping-taxable","13":"purchasable","14":"product-type-simple"},"_links":{"self":[{"href":"https:\/\/brandss.com.py\/index\/wp-json\/wp\/v2\/product\/72566","targetHints":{"allow":["GET"]}}],"collection":[{"href":"https:\/\/brandss.com.py\/index\/wp-json\/wp\/v2\/product"}],"about":[{"href":"https:\/\/brandss.com.py\/index\/wp-json\/wp\/v2\/types\/product"}],"replies":[{"embeddable":true,"href":"https:\/\/brandss.com.py\/index\/wp-json\/wp\/v2\/comments?post=72566"}],"version-history":[{"count":1,"href":"https:\/\/brandss.com.py\/index\/wp-json\/wp\/v2\/product\/72566\/revisions"}],"predecessor-version":[{"id":72571,"href":"https:\/\/brandss.com.py\/index\/wp-json\/wp\/v2\/product\/72566\/revisions\/72571"}],"wp:featuredmedia":[{"embeddable":true,"href":"https:\/\/brandss.com.py\/index\/wp-json\/wp\/v2\/media\/72567"}],"wp:attachment":[{"href":"https:\/\/brandss.com.py\/index\/wp-json\/wp\/v2\/media?parent=72566"}],"wp:term":[{"taxonomy":"product_brand","embeddable":true,"href":"https:\/\/brandss.com.py\/index\/wp-json\/wp\/v2\/product_brand?post=72566"},{"taxonomy":"product_cat","embeddable":true,"href":"https:\/\/brandss.com.py\/index\/wp-json\/wp\/v2\/product_cat?post=72566"},{"taxonomy":"product_tag","embeddable":true,"href":"https:\/\/brandss.com.py\/index\/wp-json\/wp\/v2\/product_tag?post=72566"}],"curies":[{"name":"wp","href":"https:\/\/api.w.org\/{rel}","templated":true}]}}