{"id":72603,"date":"2025-02-21T18:24:52","date_gmt":"2025-02-21T18:24:52","guid":{"rendered":"https:\/\/brandss.com.py\/index\/?post_type=product&#038;p=72603"},"modified":"2026-03-25T14:45:47","modified_gmt":"2026-03-25T14:45:47","slug":"perfume-unisex-lattafa-mayar-cherry-intense-edp-100ml","status":"publish","type":"product","link":"https:\/\/brandss.com.py\/index\/producto\/perfume-unisex-lattafa-mayar-cherry-intense-edp-100ml\/","title":{"rendered":"PERFUME UNISEX LATTAFA MAYAR CHERRY INTENSE EDP 100ML"},"content":{"rendered":"<p><img loading=\"lazy\" decoding=\"async\" class=\"\" src=\"https:\/\/myscentjourney.s3.us-east-2.amazonaws.com\/2022\/02\/14\/29KIascent_j_marca_1644871114_202.png\" alt=\"MSJ::LATTAFA\" width=\"112\" height=\"133\" \/><\/p>\n<h1>MAYAR CHERRY INTENSE<\/h1>\n<p><span>Est\u00e1 dise\u00f1ado con versatilidad en mente, y se adapta a una amplia gama de preferencias y ocasiones. Su perfil unisex y su composici\u00f3n equilibrada le permiten pasar sin problemas de la frescura diurna a la elegancia nocturna. Ya sea que se use como una fragancia llamativa para una reuni\u00f3n formal o como un capricho personal para momentos informales, ofrece una presencia sofisticada.<\/span><\/p>\n<h3><span>La visi\u00f3n art\u00edstica detr\u00e1s de la fragancia<img loading=\"lazy\" decoding=\"async\" class=\"alignleft\" src=\"https:\/\/aromatica.cr\/cdn\/shop\/files\/Mayar-Cherry-Intense-EDP-unisex-Arom_tica-CR-324034380.jpg?v=1739224306&amp;width=823\" width=\"673\" height=\"673\" \/><\/span><\/h3>\n<p>Lattafa<span>\u00a0tiene fama de crear fragancias que equilibran la tradici\u00f3n con la innovaci\u00f3n, y Mayar Cherry Intense no es una excepci\u00f3n. Su composici\u00f3n muestra la cuidadosa superposici\u00f3n de elementos contrastantes (luminosidad afrutada, riqueza gourmand y calidez terrosa), todos ellos unificados de una manera que da la sensaci\u00f3n de ser espont\u00e1neos y deliberados. El dise\u00f1o del frasco complementa la naturaleza refinada de la fragancia, a\u00f1adiendo una elegancia visual a su atractivo sensorial.<\/span><\/p>\n<p>Es una fragancia que no pasa desapercibida, misteriosa y sexy, perfecta para quienes saben dejar huella sin decir una palabra!!<\/p>\n<p>&nbsp;<\/p>\n<h3>Notas Olfativas<\/h3>\n<p>&nbsp;<\/p>\n<p>Mayar Cherry Intense es un viaje oscuro y tentador que arranca con el brillo jugoso de la fresa y la bergamota, como un destello irresistible. Mayar Cherry Intense de Lattafa es una fragancia de la familia olfativa Oriental Vainilla para Hombres y Mujeres. Esta fragancia es nueva, se lanz\u00f3 en 2024.<\/p>\n<p><strong>Notas de salida:<\/strong> fresa, bergamota;<\/p>\n<p><strong>Notas de coraz\u00f3n:<\/strong> Cherry Jam, cacao;<\/p>\n<p><strong>Notas de fondo:<\/strong> pachul\u00ed, \u00e1mbar y vainilla.<\/p>\n","protected":false},"excerpt":{"rendered":"<p>MAYAR CHERRY INTENSE Est\u00e1 dise\u00f1ado con versatilidad en mente, y se adapta a una amplia gama de preferencias y ocasiones.<\/p>\n","protected":false},"featured_media":72610,"comment_status":"open","ping_status":"closed","template":"","meta":{"nf_dc_page":""},"product_brand":[109],"product_cat":[84],"product_tag":[1531],"class_list":{"0":"post-72603","1":"product","2":"type-product","3":"status-publish","4":"has-post-thumbnail","6":"product_brand-lattafa","7":"product_cat-perfumeria","8":"product_tag-1531","10":"first","11":"instock","12":"sale","13":"shipping-taxable","14":"purchasable","15":"product-type-simple"},"_links":{"self":[{"href":"https:\/\/brandss.com.py\/index\/wp-json\/wp\/v2\/product\/72603","targetHints":{"allow":["GET"]}}],"collection":[{"href":"https:\/\/brandss.com.py\/index\/wp-json\/wp\/v2\/product"}],"about":[{"href":"https:\/\/brandss.com.py\/index\/wp-json\/wp\/v2\/types\/product"}],"replies":[{"embeddable":true,"href":"https:\/\/brandss.com.py\/index\/wp-json\/wp\/v2\/comments?post=72603"}],"version-history":[{"count":1,"href":"https:\/\/brandss.com.py\/index\/wp-json\/wp\/v2\/product\/72603\/revisions"}],"predecessor-version":[{"id":72622,"href":"https:\/\/brandss.com.py\/index\/wp-json\/wp\/v2\/product\/72603\/revisions\/72622"}],"wp:featuredmedia":[{"embeddable":true,"href":"https:\/\/brandss.com.py\/index\/wp-json\/wp\/v2\/media\/72610"}],"wp:attachment":[{"href":"https:\/\/brandss.com.py\/index\/wp-json\/wp\/v2\/media?parent=72603"}],"wp:term":[{"taxonomy":"product_brand","embeddable":true,"href":"https:\/\/brandss.com.py\/index\/wp-json\/wp\/v2\/product_brand?post=72603"},{"taxonomy":"product_cat","embeddable":true,"href":"https:\/\/brandss.com.py\/index\/wp-json\/wp\/v2\/product_cat?post=72603"},{"taxonomy":"product_tag","embeddable":true,"href":"https:\/\/brandss.com.py\/index\/wp-json\/wp\/v2\/product_tag?post=72603"}],"curies":[{"name":"wp","href":"https:\/\/api.w.org\/{rel}","templated":true}]}}