{"id":72636,"date":"2025-02-21T18:51:54","date_gmt":"2025-02-21T18:51:54","guid":{"rendered":"https:\/\/brandss.com.py\/index\/?post_type=product&#038;p=72636"},"modified":"2026-03-17T17:00:21","modified_gmt":"2026-03-17T17:00:21","slug":"perfume-unisex-lattafa-badee-al-oud-oud-for-glory-edp-100ml","status":"publish","type":"product","link":"https:\/\/brandss.com.py\/index\/producto\/perfume-unisex-lattafa-badee-al-oud-oud-for-glory-edp-100ml\/","title":{"rendered":"PERFUME UNISEX LATTAFA BADE&#8217;E AL OUD OUD FOR GLORY EDP 100ML"},"content":{"rendered":"<p><img loading=\"lazy\" decoding=\"async\" class=\"\" src=\"https:\/\/myscentjourney.s3.us-east-2.amazonaws.com\/2022\/02\/14\/29KIascent_j_marca_1644871114_202.png\" alt=\"MSJ::LATTAFA\" width=\"88\" height=\"105\" \/><\/p>\n<h1>BADE&#8217;E AL OUD OUD FOR GLORY<\/h1>\n<p>Este perfume Badee Al Oud for Glory es una celebraci\u00f3n de la riqueza y la opulencia, dise\u00f1ado tanto para hombres como para mujeres que desean expresar su fuerza, misterio y sofisticaci\u00f3n a trav\u00e9s de su fragancia.<\/p>\n<p>Badee Al Oud For Glory es un homenaje a la riqueza y la autenticidad de la cultura perfumista \u00e1rabe, con un enfoque en la grandeza y el lujo. Cada frasco de esta fragancia es una obra maestra que captura la esencia de la elegancia y la majestuosidad, reflejando el legado del Medio Oriente en cada roc\u00edo.<img loading=\"lazy\" decoding=\"async\" class=\"alignleft\" src=\"https:\/\/exdtvcqvfop.exactdn.com\/wp-content\/uploads\/Badee-Al-Oud-for-Glory-de-Lattafa-unisex-flyer.jpg?strip=all&amp;lossy=1&amp;ssl=1\" width=\"691\" height=\"691\" \/><\/p>\n<p>Con Badee Al Oud For Glory, Lattafa ha logrado crear una experiencia olfativa que combina la tradici\u00f3n con un toque contempor\u00e1neo, rindiendo homenaje a la herencia y la sofisticaci\u00f3n del Medio Oriente en cada gota. Sum\u00e9rgete en esta fragancia y descubre el mundo opulento y elegante de la cultura \u00e1rabe en cada aplicaci\u00f3n.<\/p>\n<p>&nbsp;<\/p>\n<h3>Notas Olfativas<\/h3>\n<p>&nbsp;<\/p>\n<p>Perfume Badee Al Oud for Glory de Lattafa es una fragancia \u00c1mbar Amaderada unisex que se lanz\u00f3 en 2020, convirti\u00e9ndose r\u00e1pidamente en un \u00edcono de la perfumer\u00eda moderna para aquellos que buscan un aroma distintivo y envolvente. Esta fragancia magistralmente elaborada inicia con notas de salida de azafr\u00e1n, nuez moscada y lavanda, creando una apertura rica y picante que capta inmediatamente la atenci\u00f3n. El coraz\u00f3n de Bade\u2019e Al Oud for Glory est\u00e1 dominado por la madera de agar (oud) y pachul\u00ed, ofreciendo una profundidad misteriosa y un car\u00e1cter intensamente amaderado que evoca la esencia de los bosques antiguos y ex\u00f3ticos. La base de la fragancia se asienta en un lecho de agarwood, pachul\u00ed y almizcle, proporcionando un final c\u00e1lido, sensual y extremadamente duradero que se adhiere a la piel y al alma.<\/p>\n<p>El Perfume Lattafa Bade&#8217;e Al Oud Oud for Glory es una fragancia olfativa \u00e1mbar amaderada. Este perfume es perfecto para cualquier ocasi\u00f3n, proporcionando una experiencia olfativa \u00fanica y vers\u00e1til.<\/p>\n<ul>\n<li><strong>Notas de salida:\u00a0<\/strong>Azafr\u00e1n, nuez moscada y lavanda<\/li>\n<li><strong>Notas de coraz\u00f3n:<\/strong>\u00a0Madera de oud y pachul\u00ed<\/li>\n<li><strong>Notas de fondo:<\/strong>\u00a0Madera de oud, pachul\u00ed y almizcle<\/li>\n<\/ul>\n","protected":false},"excerpt":{"rendered":"<p>BADE&#8217;E AL OUD OUD FOR GLORY Este perfume Badee Al Oud for Glory es una celebraci\u00f3n de la riqueza y<\/p>\n","protected":false},"featured_media":72641,"comment_status":"open","ping_status":"closed","template":"","meta":{"nf_dc_page":""},"product_brand":[109],"product_cat":[84],"product_tag":[624],"class_list":{"0":"post-72636","1":"product","2":"type-product","3":"status-publish","4":"has-post-thumbnail","6":"product_brand-lattafa","7":"product_cat-perfumeria","8":"product_tag-624","10":"first","11":"instock","12":"sale","13":"shipping-taxable","14":"purchasable","15":"product-type-simple"},"_links":{"self":[{"href":"https:\/\/brandss.com.py\/index\/wp-json\/wp\/v2\/product\/72636","targetHints":{"allow":["GET"]}}],"collection":[{"href":"https:\/\/brandss.com.py\/index\/wp-json\/wp\/v2\/product"}],"about":[{"href":"https:\/\/brandss.com.py\/index\/wp-json\/wp\/v2\/types\/product"}],"replies":[{"embeddable":true,"href":"https:\/\/brandss.com.py\/index\/wp-json\/wp\/v2\/comments?post=72636"}],"version-history":[{"count":1,"href":"https:\/\/brandss.com.py\/index\/wp-json\/wp\/v2\/product\/72636\/revisions"}],"predecessor-version":[{"id":72645,"href":"https:\/\/brandss.com.py\/index\/wp-json\/wp\/v2\/product\/72636\/revisions\/72645"}],"wp:featuredmedia":[{"embeddable":true,"href":"https:\/\/brandss.com.py\/index\/wp-json\/wp\/v2\/media\/72641"}],"wp:attachment":[{"href":"https:\/\/brandss.com.py\/index\/wp-json\/wp\/v2\/media?parent=72636"}],"wp:term":[{"taxonomy":"product_brand","embeddable":true,"href":"https:\/\/brandss.com.py\/index\/wp-json\/wp\/v2\/product_brand?post=72636"},{"taxonomy":"product_cat","embeddable":true,"href":"https:\/\/brandss.com.py\/index\/wp-json\/wp\/v2\/product_cat?post=72636"},{"taxonomy":"product_tag","embeddable":true,"href":"https:\/\/brandss.com.py\/index\/wp-json\/wp\/v2\/product_tag?post=72636"}],"curies":[{"name":"wp","href":"https:\/\/api.w.org\/{rel}","templated":true}]}}