{"id":72651,"date":"2025-02-21T19:18:59","date_gmt":"2025-02-21T19:18:59","guid":{"rendered":"https:\/\/brandss.com.py\/index\/?post_type=product&#038;p=72651"},"modified":"2026-04-16T11:12:50","modified_gmt":"2026-04-16T11:12:50","slug":"perfume-masculino-lattafa-asad-zanzibar-edp-100ml","status":"publish","type":"product","link":"https:\/\/brandss.com.py\/index\/producto\/perfume-masculino-lattafa-asad-zanzibar-edp-100ml\/","title":{"rendered":"PERFUME MASCULINO LATTAFA ASAD ZANZIBAR EDP 100ML"},"content":{"rendered":"<p><img loading=\"lazy\" decoding=\"async\" class=\"\" src=\"https:\/\/myscentjourney.s3.us-east-2.amazonaws.com\/2022\/02\/14\/29KIascent_j_marca_1644871114_202.png\" alt=\"MSJ::LATTAFA\" width=\"101\" height=\"120\" \/><\/p>\n<h1>ASAD ZANZIBAR<\/h1>\n<p>Este perfume captura la esencia del lujo y la calidez con una combinaci\u00f3n de especias, maderas y acordes dulces que se desenvuelven en una estructura profunda y seductora. Perfecto tanto para el d\u00eda como para la noche, este Eau de Parfum es ideal para aquellos que buscan una fragancia que deje una impresi\u00f3n duradera, llena de car\u00e1cter y refinamiento.<\/p>\n<p><img loading=\"lazy\" decoding=\"async\" class=\"alignleft\" src=\"https:\/\/zaoud.it\/cdn\/shop\/files\/Asad_zanzibar_edp_perfume_bottle_surrounded_by_vanilla_lavender_against_white_background.jpg?v=1710628032&amp;width=990\" width=\"489\" height=\"612\" \/><\/p>\n<h3>Notas Olfativas<\/h3>\n<p>&nbsp;<\/p>\n<p>\u00a1Experimente la ex\u00f3tica mezcla de Lattafa Asad Zanzibar Eau De Parfum! Esta fragancia de 100 ml, un nuevo lanzamiento en 2024, es perfecta tanto para hombres como para mujeres. D\u00e9 rienda suelta a su esp\u00edritu aventurero con las notas especiadas, amaderadas y afrutadas de este aroma \u00fanico. \u00a1Prep\u00e1rese para elevar sus sentidos!<\/p>\n<p>Asad Zanzibar ofrece una mezcla \u00fanica que captura la esencia de un entorno tropical y misterioso. Es ideal para quienes buscan una fragancia ex\u00f3tica y multifac\u00e9tica, perfecta tanto para el d\u00eda como para la noche.<\/p>\n<p>Una fragancia intrigante que evoca una mezcla de frescura y exotismo con una estructura bien equilibrada entre notas florales, especiadas y dulces.<\/p>\n<p><span><strong>Notas de salida:<\/strong> pimienta negra y lavanda marina.<br \/>\n<\/span><br \/>\n<span><strong>Notas de coraz\u00f3n:<\/strong> agua de coco salada e iris.<br \/>\n<\/span><br \/>\n<span><strong>Notas de fondo:<\/strong> vainilla e incienso.<\/span><\/p>\n","protected":false},"excerpt":{"rendered":"<p>ASAD ZANZIBAR Este perfume captura la esencia del lujo y la calidez con una combinaci\u00f3n de especias, maderas y acordes<\/p>\n","protected":false},"featured_media":72652,"comment_status":"open","ping_status":"closed","template":"","meta":{"nf_dc_page":""},"product_brand":[109],"product_cat":[84],"product_tag":[621],"class_list":{"0":"post-72651","1":"product","2":"type-product","3":"status-publish","4":"has-post-thumbnail","6":"product_brand-lattafa","7":"product_cat-perfumeria","8":"product_tag-621","10":"first","11":"outofstock","12":"shipping-taxable","13":"purchasable","14":"product-type-simple"},"_links":{"self":[{"href":"https:\/\/brandss.com.py\/index\/wp-json\/wp\/v2\/product\/72651","targetHints":{"allow":["GET"]}}],"collection":[{"href":"https:\/\/brandss.com.py\/index\/wp-json\/wp\/v2\/product"}],"about":[{"href":"https:\/\/brandss.com.py\/index\/wp-json\/wp\/v2\/types\/product"}],"replies":[{"embeddable":true,"href":"https:\/\/brandss.com.py\/index\/wp-json\/wp\/v2\/comments?post=72651"}],"version-history":[{"count":1,"href":"https:\/\/brandss.com.py\/index\/wp-json\/wp\/v2\/product\/72651\/revisions"}],"predecessor-version":[{"id":72659,"href":"https:\/\/brandss.com.py\/index\/wp-json\/wp\/v2\/product\/72651\/revisions\/72659"}],"wp:featuredmedia":[{"embeddable":true,"href":"https:\/\/brandss.com.py\/index\/wp-json\/wp\/v2\/media\/72652"}],"wp:attachment":[{"href":"https:\/\/brandss.com.py\/index\/wp-json\/wp\/v2\/media?parent=72651"}],"wp:term":[{"taxonomy":"product_brand","embeddable":true,"href":"https:\/\/brandss.com.py\/index\/wp-json\/wp\/v2\/product_brand?post=72651"},{"taxonomy":"product_cat","embeddable":true,"href":"https:\/\/brandss.com.py\/index\/wp-json\/wp\/v2\/product_cat?post=72651"},{"taxonomy":"product_tag","embeddable":true,"href":"https:\/\/brandss.com.py\/index\/wp-json\/wp\/v2\/product_tag?post=72651"}],"curies":[{"name":"wp","href":"https:\/\/api.w.org\/{rel}","templated":true}]}}