{"id":72663,"date":"2025-02-22T11:41:25","date_gmt":"2025-02-22T11:41:25","guid":{"rendered":"https:\/\/brandss.com.py\/index\/?post_type=product&#038;p=72663"},"modified":"2026-03-17T18:08:10","modified_gmt":"2026-03-17T18:08:10","slug":"perfume-unisex-lattafa-khamrah-edp-100ml","status":"publish","type":"product","link":"https:\/\/brandss.com.py\/index\/producto\/perfume-unisex-lattafa-khamrah-edp-100ml\/","title":{"rendered":"PERFUME UNISEX LATTAFA KHAMRAH EDP 100ML"},"content":{"rendered":"<p><img loading=\"lazy\" decoding=\"async\" class=\"\" src=\"https:\/\/myscentjourney.s3.us-east-2.amazonaws.com\/2022\/02\/14\/29KIascent_j_marca_1644871114_202.png\" alt=\"MSJ::LATTAFA\" width=\"101\" height=\"120\" \/><\/p>\n<h1>KHAMRAH<\/h1>\n<p>El Perfume Lattafa Khamrah EDP de 100ml es una fragancia unisex que destaca por su complejidad y elegancia. Ideal para cualquier ocasi\u00f3n, su alta concentraci\u00f3n garantiza una experiencia duradera y envolvente, haciendo de Khamrah una elecci\u00f3n sofisticada para quienes buscan dejar una huella memorable.<\/p>\n<p>Explora la riqueza olfativa de KHAMRAH EDP y d\u00e9jate envolver por su c\u00e1lida y especiada esencia que promete dejar una impresi\u00f3n duradera.<\/p>\n<p>&nbsp;<\/p>\n<div class=\"elementor-element elementor-element-75a482d4 elementor-widget elementor-widget-heading\" data-id=\"75a482d4\" data-element_type=\"widget\" data-widget_type=\"heading.default\">\n<h3 class=\"elementor-widget-container\">Notas Olfativas<img loading=\"lazy\" decoding=\"async\" class=\"alignleft\" src=\"https:\/\/wilmarcenter.com.py\/wp-content\/uploads\/2024\/09\/25521-PERFUME-LATTAFA-MOD.-KHAMRAH-EDP-100.jpg\" width=\"600\" height=\"669\" \/><\/h3>\n<div class=\"elementor-widget-container\"><\/div>\n<div>Khamrah, lanzada en 2022, es una fragancia arom\u00e1tica y especiada para hombres y mujeres de Lattafra Perfumes. Perfecta para el oto\u00f1o y el invierno, esta fragancia se usa principalmente durante la noche.Al inicio de su viaje olfativo, las notas de salida sorprenden con una mezcla vibrante de bergamota, canela y nuez moscada. Esta apertura especiada y fresca no solo despierta los sentidos, sino que tambi\u00e9n establece un tono c\u00e1lido y acogedor.<\/p>\n<p>A medida que la fragancia se desarrolla, el coraz\u00f3n revela una deliciosa combinaci\u00f3n de acordes de d\u00e1tiles, lirio de los valles, praline y tuberosa. Esto significa que la fragancia se vuelve m\u00e1s compleja y seductora, aportando un toque dulce y floral que realza la feminidad y la sofisticaci\u00f3n.<\/p>\n<p>Finalmente, las notas de fondo a\u00f1aden profundidad y calidez a la composici\u00f3n. Con tonka tostada, benju\u00ed de Laos, mirra, Akigalawood, vainilla y madera \u00e1mbar, esta base rica y envolvente deja una estela cautivadora que perdura a lo largo del d\u00eda. Por lo tanto, cada aplicaci\u00f3n de Khamrah asegura que ser\u00e1s el centro de atenci\u00f3n en cualquier ocasi\u00f3n.<\/p>\n<\/div>\n<div><\/div>\n<div><strong>Notas de salida:<\/strong> bergamota, nuez moscada y canela.<\/div>\n<div><strong>Notas de coraz\u00f3n:<\/strong> pralin\u00e9, d\u00e1tiles, nardos y mahonial.<\/div>\n<div><strong>Notas de fondo:<\/strong> haba tonka, vainilla, madera de \u00e1mbar, benju\u00ed, mirra y madera de akigala.<\/div>\n<\/div>\n","protected":false},"excerpt":{"rendered":"<p>KHAMRAH El Perfume Lattafa Khamrah EDP de 100ml es una fragancia unisex que destaca por su complejidad y elegancia. Ideal<\/p>\n","protected":false},"featured_media":72664,"comment_status":"open","ping_status":"closed","template":"","meta":{"nf_dc_page":""},"product_brand":[109],"product_cat":[84],"product_tag":[649],"class_list":{"0":"post-72663","1":"product","2":"type-product","3":"status-publish","4":"has-post-thumbnail","6":"product_brand-lattafa","7":"product_cat-perfumeria","8":"product_tag-649","10":"first","11":"instock","12":"shipping-taxable","13":"purchasable","14":"product-type-simple"},"_links":{"self":[{"href":"https:\/\/brandss.com.py\/index\/wp-json\/wp\/v2\/product\/72663","targetHints":{"allow":["GET"]}}],"collection":[{"href":"https:\/\/brandss.com.py\/index\/wp-json\/wp\/v2\/product"}],"about":[{"href":"https:\/\/brandss.com.py\/index\/wp-json\/wp\/v2\/types\/product"}],"replies":[{"embeddable":true,"href":"https:\/\/brandss.com.py\/index\/wp-json\/wp\/v2\/comments?post=72663"}],"version-history":[{"count":1,"href":"https:\/\/brandss.com.py\/index\/wp-json\/wp\/v2\/product\/72663\/revisions"}],"predecessor-version":[{"id":72670,"href":"https:\/\/brandss.com.py\/index\/wp-json\/wp\/v2\/product\/72663\/revisions\/72670"}],"wp:featuredmedia":[{"embeddable":true,"href":"https:\/\/brandss.com.py\/index\/wp-json\/wp\/v2\/media\/72664"}],"wp:attachment":[{"href":"https:\/\/brandss.com.py\/index\/wp-json\/wp\/v2\/media?parent=72663"}],"wp:term":[{"taxonomy":"product_brand","embeddable":true,"href":"https:\/\/brandss.com.py\/index\/wp-json\/wp\/v2\/product_brand?post=72663"},{"taxonomy":"product_cat","embeddable":true,"href":"https:\/\/brandss.com.py\/index\/wp-json\/wp\/v2\/product_cat?post=72663"},{"taxonomy":"product_tag","embeddable":true,"href":"https:\/\/brandss.com.py\/index\/wp-json\/wp\/v2\/product_tag?post=72663"}],"curies":[{"name":"wp","href":"https:\/\/api.w.org\/{rel}","templated":true}]}}