{"id":72671,"date":"2025-02-22T12:11:42","date_gmt":"2025-02-22T12:11:42","guid":{"rendered":"https:\/\/brandss.com.py\/index\/?post_type=product&#038;p=72671"},"modified":"2026-03-23T16:57:20","modified_gmt":"2026-03-23T16:57:20","slug":"perfume-unisex-lattafa-eclaire-edp-100ml","status":"publish","type":"product","link":"https:\/\/brandss.com.py\/index\/producto\/perfume-unisex-lattafa-eclaire-edp-100ml\/","title":{"rendered":"PERFUME UNISEX LATTAFA ECLAIRE EDP 100ML"},"content":{"rendered":"<p><img loading=\"lazy\" decoding=\"async\" class=\"\" src=\"https:\/\/myscentjourney.s3.us-east-2.amazonaws.com\/2022\/02\/14\/29KIascent_j_marca_1644871114_202.png\" alt=\"MSJ::LATTAFA\" width=\"102\" height=\"122\" \/><\/p>\n<h1>ECLAIRE<\/h1>\n<p>Una fragancia que captura la esencia de la sofisticaci\u00f3n y la dulzura. Este exquisito perfume es la elecci\u00f3n perfecta para cualquier g\u00e9nero, brindando un aroma que trasciende las estaciones y las ocasiones. Con 100 ml de esencia pura, Eclaire garantiza una experiencia duradera que encantar\u00e1 sus sentidos.<\/p>\n<p>Ideal para momentos especiales o para a\u00f1adir un toque de glamour a su rutina diaria, el Perfume Lattafa Eclaire es una opci\u00f3n indispensable para quienes buscan un perfume unisex que desaf\u00ede las normas tradicionales y ofrezca una experiencia olfativa \u00fanica. Optimice su coleccionista de aromas con Eclaire, y deje que su presencia sea eternamente recordada.<\/p>\n<p><img decoding=\"async\" class=\"alignleft\" src=\"https:\/\/www.dubaiperfumeshop.ie\/cdn\/shop\/files\/eclaire_0005_Layer_4.jpg?v=1729503722&amp;width=750\" \/><\/p>\n<h3>Notas Olfativas<\/h3>\n<p>&nbsp;<\/p>\n<p>Eclaire <span>Floral Fruity Gourmand es una nueva fragancia cautivadora parahombres y mujeres. Esta fragancia se abre con notas de salida deliciosamente dulces de leche cremosa, caramelo intenso y az\u00facar, creando un comienzo tentador e indulgente. A medida que se desarrolla la fragancia, el coraz\u00f3n revela una c\u00e1lida miel dorada combinada con delicadas flores blancas, agregando un toque floral suave. Las notas de fondo de vainilla suave, pralin\u00e9 y almizcle crean una profundidad duradera e irresistible, dejando una estela sensual y reconfortante. Perfecta para quienes disfrutan de una mezcla de dulzura y sofisticaci\u00f3n, Eclaire es una fragancia que evoca elegancia y calidez.<\/span><\/p>\n<p>\u2022\u00a0<strong><span>Notas de salida:\u00a0<\/span><\/strong><span>Leche, Caramelo, Az\u00facar.<\/span><\/p>\n<p>\u2022\u00a0<strong><span>Notas de coraz\u00f3n: <\/span><\/strong><span>\u00a0Miel, Flores Blancas.<\/span><\/p>\n<p>\u2022\u00a0<strong><span>Notas de fondo:\u00a0<\/span><\/strong><span>vainilla, pralin\u00e9, almizcle.<\/span><\/p>\n","protected":false},"excerpt":{"rendered":"<p>ECLAIRE Una fragancia que captura la esencia de la sofisticaci\u00f3n y la dulzura. Este exquisito perfume es la elecci\u00f3n perfecta<\/p>\n","protected":false},"featured_media":72672,"comment_status":"open","ping_status":"closed","template":"","meta":{"nf_dc_page":""},"product_brand":[109],"product_cat":[84],"product_tag":[632],"class_list":{"0":"post-72671","1":"product","2":"type-product","3":"status-publish","4":"has-post-thumbnail","6":"product_brand-lattafa","7":"product_cat-perfumeria","8":"product_tag-632","10":"first","11":"instock","12":"sale","13":"shipping-taxable","14":"purchasable","15":"product-type-simple"},"_links":{"self":[{"href":"https:\/\/brandss.com.py\/index\/wp-json\/wp\/v2\/product\/72671","targetHints":{"allow":["GET"]}}],"collection":[{"href":"https:\/\/brandss.com.py\/index\/wp-json\/wp\/v2\/product"}],"about":[{"href":"https:\/\/brandss.com.py\/index\/wp-json\/wp\/v2\/types\/product"}],"replies":[{"embeddable":true,"href":"https:\/\/brandss.com.py\/index\/wp-json\/wp\/v2\/comments?post=72671"}],"version-history":[{"count":1,"href":"https:\/\/brandss.com.py\/index\/wp-json\/wp\/v2\/product\/72671\/revisions"}],"predecessor-version":[{"id":72678,"href":"https:\/\/brandss.com.py\/index\/wp-json\/wp\/v2\/product\/72671\/revisions\/72678"}],"wp:featuredmedia":[{"embeddable":true,"href":"https:\/\/brandss.com.py\/index\/wp-json\/wp\/v2\/media\/72672"}],"wp:attachment":[{"href":"https:\/\/brandss.com.py\/index\/wp-json\/wp\/v2\/media?parent=72671"}],"wp:term":[{"taxonomy":"product_brand","embeddable":true,"href":"https:\/\/brandss.com.py\/index\/wp-json\/wp\/v2\/product_brand?post=72671"},{"taxonomy":"product_cat","embeddable":true,"href":"https:\/\/brandss.com.py\/index\/wp-json\/wp\/v2\/product_cat?post=72671"},{"taxonomy":"product_tag","embeddable":true,"href":"https:\/\/brandss.com.py\/index\/wp-json\/wp\/v2\/product_tag?post=72671"}],"curies":[{"name":"wp","href":"https:\/\/api.w.org\/{rel}","templated":true}]}}