{"id":72683,"date":"2025-02-22T12:37:47","date_gmt":"2025-02-22T12:37:47","guid":{"rendered":"https:\/\/brandss.com.py\/index\/?post_type=product&#038;p=72683"},"modified":"2026-01-29T18:32:32","modified_gmt":"2026-01-29T18:32:32","slug":"perfume-femenino-armaf-club-de-nuit-woman-edp-105ml","status":"publish","type":"product","link":"https:\/\/brandss.com.py\/index\/producto\/perfume-femenino-armaf-club-de-nuit-woman-edp-105ml\/","title":{"rendered":"PERFUME FEMENINO ARMAF CLUB DE NUIT WOMAN EDP 105ML"},"content":{"rendered":"<p><img loading=\"lazy\" decoding=\"async\" class=\"\" src=\"https:\/\/www.shoppingchina.com.py\/rails\/active_storage\/blobs\/redirect\/eyJfcmFpbHMiOnsibWVzc2FnZSI6IkJBaHBBM2RXQlE9PSIsImV4cCI6bnVsbCwicHVyIjoiYmxvYl9pZCJ9fQ==--b1587c643bc10e9b867b2124bc9ba1a9c90fa8e4\/armaf.webp\" alt=\"Armaf no Paraguai | Shopping China\" width=\"111\" height=\"111\" \/><\/p>\n<h1>CLUB DE NUIT WOMAN<\/h1>\n<p>Es una fragancia femenina que captura la esencia de la sofisticaci\u00f3n y la feminidad en cada nota.\u00a0 Esta fragancia fue dise\u00f1ada para la mujer que prospera cuando entra en el club. Otros giran la cabeza esperando una mirada justo cuando el DJ comienza a girar Who&#8217;s that girl. Es una fragancia que evoca elegancia nocturna y feminidad sofisticada, perfecta para ocasiones especiales y veladas rom\u00e1nticas, ideal para la mujer que busca un aroma distintivo que combine frescura y sensualidad de manera refinada.<\/p>\n<p><img loading=\"lazy\" decoding=\"async\" class=\"alignleft\" src=\"https:\/\/aromatica.cr\/cdn\/shop\/files\/Decant-Club-de-Nuit-Woman-Arom_tica-CR-295255695.webp?v=1738187464&amp;width=823\" width=\"674\" height=\"674\" \/><\/p>\n<h3>Notas Olfativas<\/h3>\n<p>&nbsp;<\/p>\n<p>Este perfume se abre con una explosi\u00f3n de frescura gracias a sus notas de salida de naranja, toronja y durazno, que dan paso a un coraz\u00f3n floral compuesto por rosa, jazm\u00edn y lichi, aportando un toque de delicadeza y romanticismo. La base, rica y seductora, est\u00e1 formada por notas de almizcle, vainilla, pachul\u00ed y vetiver, dejando una estela duradera y cautivadora. Perfecto para la mujer que busca un aroma distintivo, elegante y atemporal, ideal para cualquier ocasi\u00f3n. Club de Nuit by Armaf abre con las brillantes notas c\u00edtricas de bergamota y pomelo y luego se mezcla con los componentes femeninos y florales de la rosa y el jazm\u00edn. El aroma se asienta con un aroma amigable y accesiblede vainilla que combina con una base de almizcle.<\/p>\n<p>El perfume Club de Nuit de Armaf es una fragancia de la familia olfativa floral frutal para mujeres.<\/p>\n<ul>\n<li><strong>Notas de salida:<\/strong> Naranja, pomelo, bergamota y melocot\u00f3n.<\/li>\n<li><strong>Notas de coraz\u00f3n:<\/strong> Rosa, geranio, jazm\u00edn y litchi.<\/li>\n<li><strong>Notas de fondo:<\/strong> Pachul\u00ed, vainilla, almizcle y vetiver.<\/li>\n<\/ul>\n","protected":false},"excerpt":{"rendered":"<p>CLUB DE NUIT WOMAN Es una fragancia femenina que captura la esencia de la sofisticaci\u00f3n y la feminidad en cada<\/p>\n","protected":false},"featured_media":72686,"comment_status":"open","ping_status":"closed","template":"","meta":{"nf_dc_page":""},"product_brand":[106],"product_cat":[84],"product_tag":[176],"class_list":{"0":"post-72683","1":"product","2":"type-product","3":"status-publish","4":"has-post-thumbnail","6":"product_brand-armaf","7":"product_cat-perfumeria","8":"product_tag-176","10":"first","11":"instock","12":"shipping-taxable","13":"purchasable","14":"product-type-simple"},"_links":{"self":[{"href":"https:\/\/brandss.com.py\/index\/wp-json\/wp\/v2\/product\/72683","targetHints":{"allow":["GET"]}}],"collection":[{"href":"https:\/\/brandss.com.py\/index\/wp-json\/wp\/v2\/product"}],"about":[{"href":"https:\/\/brandss.com.py\/index\/wp-json\/wp\/v2\/types\/product"}],"replies":[{"embeddable":true,"href":"https:\/\/brandss.com.py\/index\/wp-json\/wp\/v2\/comments?post=72683"}],"version-history":[{"count":1,"href":"https:\/\/brandss.com.py\/index\/wp-json\/wp\/v2\/product\/72683\/revisions"}],"predecessor-version":[{"id":72692,"href":"https:\/\/brandss.com.py\/index\/wp-json\/wp\/v2\/product\/72683\/revisions\/72692"}],"wp:featuredmedia":[{"embeddable":true,"href":"https:\/\/brandss.com.py\/index\/wp-json\/wp\/v2\/media\/72686"}],"wp:attachment":[{"href":"https:\/\/brandss.com.py\/index\/wp-json\/wp\/v2\/media?parent=72683"}],"wp:term":[{"taxonomy":"product_brand","embeddable":true,"href":"https:\/\/brandss.com.py\/index\/wp-json\/wp\/v2\/product_brand?post=72683"},{"taxonomy":"product_cat","embeddable":true,"href":"https:\/\/brandss.com.py\/index\/wp-json\/wp\/v2\/product_cat?post=72683"},{"taxonomy":"product_tag","embeddable":true,"href":"https:\/\/brandss.com.py\/index\/wp-json\/wp\/v2\/product_tag?post=72683"}],"curies":[{"name":"wp","href":"https:\/\/api.w.org\/{rel}","templated":true}]}}