{"id":72697,"date":"2025-02-22T13:01:26","date_gmt":"2025-02-22T13:01:26","guid":{"rendered":"https:\/\/brandss.com.py\/index\/?post_type=product&#038;p=72697"},"modified":"2025-02-22T13:01:26","modified_gmt":"2025-02-22T13:01:26","slug":"pollera-deportiva-fila-con-short-integrado","status":"publish","type":"product","link":"https:\/\/brandss.com.py\/index\/producto\/pollera-deportiva-fila-con-short-integrado\/","title":{"rendered":"POLLERA DEPORTIVA FILA CON SHORT INTEGRADO"},"content":{"rendered":"<h1 data-start=\"0\" data-end=\"88\"><img loading=\"lazy\" decoding=\"async\" class=\"\" src=\"https:\/\/i0.wp.com\/1000marcas.net\/wp-content\/uploads\/2019\/12\/logo-Fila.png?resize=101%2C57&amp;ssl=1\" width=\"149\" height=\"84\" \/><\/h1>\n<h1 data-start=\"0\" data-end=\"88\"><strong data-start=\"0\" data-end=\"86\">Fila Pollera Running Skort Flow<\/strong><\/h1>\n<p data-start=\"90\" data-end=\"632\">La Fila Pollera Running Skort Flow es la opci\u00f3n perfecta para corredoras que buscan una prenda funcional, c\u00f3moda y con estilo. Con un dise\u00f1o innovador, combina lo mejor de una falda y un short, proporcionando libertad de movimiento y soporte. Confeccionada en materiales ligeros y transpirables, esta pollera asegura una gran ventilaci\u00f3n, manteni\u00e9ndote fresca durante tus entrenamientos o carreras. Su estilo elegante y moderno en color negro la convierte en una prenda vers\u00e1til que puedes combinar f\u00e1cilmente con cualquier top deportivo.<\/p>\n<h3 data-start=\"634\" data-end=\"660\"><strong data-start=\"638\" data-end=\"658\">Caracter\u00edsticas:<\/strong><\/h3>\n<ul data-start=\"661\" data-end=\"1119\">\n<li data-start=\"661\" data-end=\"680\"><strong data-start=\"663\" data-end=\"673\">Marca:<\/strong> Fila<\/li>\n<li data-start=\"681\" data-end=\"732\"><strong data-start=\"683\" data-end=\"694\">Modelo:<\/strong> Running Skort Flow (F12AT00272 145)<\/li>\n<li data-start=\"733\" data-end=\"782\"><strong data-start=\"735\" data-end=\"744\">Tipo:<\/strong> Pollera Running con Short Integrado<\/li>\n<li data-start=\"783\" data-end=\"834\"><strong data-start=\"785\" data-end=\"798\">Material:<\/strong> Poli\u00e9ster el\u00e1stico y transpirable<\/li>\n<li data-start=\"835\" data-end=\"882\"><strong data-start=\"837\" data-end=\"849\">Cintura:<\/strong> El\u00e1stica para un ajuste c\u00f3modo<\/li>\n<li data-start=\"883\" data-end=\"966\"><strong data-start=\"885\" data-end=\"896\">Dise\u00f1o:<\/strong> Falda exterior con short interior para mayor libertad de movimiento<\/li>\n<li data-start=\"967\" data-end=\"987\"><strong data-start=\"969\" data-end=\"979\">Color:<\/strong> Negro<\/li>\n<li data-start=\"988\" data-end=\"1072\"><strong data-start=\"990\" data-end=\"1010\">Uso recomendado:<\/strong> Correr, entrenamiento deportivo y actividades al aire libre<\/li>\n<li data-start=\"1073\" data-end=\"1119\"><strong data-start=\"1075\" data-end=\"1086\">Estilo:<\/strong> Deportivo, moderno y funcional<\/li>\n<\/ul>\n<h3 data-start=\"1121\" data-end=\"1150\"><strong data-start=\"1125\" data-end=\"1148\">El paquete incluye:<\/strong><\/h3>\n<ul>\n<li data-start=\"1151\" data-end=\"1219\">1 x Pollera Fila Running Skort Flow<\/li>\n<\/ul>\n<p><strong data-start=\"1221\" data-end=\"1242\">Tipo de producto:<\/strong> Pollera deportiva femenina para correr y actividades f\u00edsicas.<\/p>\n","protected":false},"excerpt":{"rendered":"<p>Fila Pollera Running Skort Flow La Fila Pollera Running Skort Flow es la opci\u00f3n perfecta para corredoras que buscan una<\/p>\n","protected":false},"featured_media":72699,"comment_status":"open","ping_status":"closed","template":"","meta":{"nf_dc_page":""},"product_brand":[],"product_cat":[73],"product_tag":[],"class_list":{"0":"post-72697","1":"product","2":"type-product","3":"status-publish","4":"has-post-thumbnail","6":"product_cat-femenino","8":"first","9":"instock","10":"shipping-taxable","11":"purchasable","12":"product-type-simple"},"_links":{"self":[{"href":"https:\/\/brandss.com.py\/index\/wp-json\/wp\/v2\/product\/72697","targetHints":{"allow":["GET"]}}],"collection":[{"href":"https:\/\/brandss.com.py\/index\/wp-json\/wp\/v2\/product"}],"about":[{"href":"https:\/\/brandss.com.py\/index\/wp-json\/wp\/v2\/types\/product"}],"replies":[{"embeddable":true,"href":"https:\/\/brandss.com.py\/index\/wp-json\/wp\/v2\/comments?post=72697"}],"version-history":[{"count":2,"href":"https:\/\/brandss.com.py\/index\/wp-json\/wp\/v2\/product\/72697\/revisions"}],"predecessor-version":[{"id":72719,"href":"https:\/\/brandss.com.py\/index\/wp-json\/wp\/v2\/product\/72697\/revisions\/72719"}],"wp:featuredmedia":[{"embeddable":true,"href":"https:\/\/brandss.com.py\/index\/wp-json\/wp\/v2\/media\/72699"}],"wp:attachment":[{"href":"https:\/\/brandss.com.py\/index\/wp-json\/wp\/v2\/media?parent=72697"}],"wp:term":[{"taxonomy":"product_brand","embeddable":true,"href":"https:\/\/brandss.com.py\/index\/wp-json\/wp\/v2\/product_brand?post=72697"},{"taxonomy":"product_cat","embeddable":true,"href":"https:\/\/brandss.com.py\/index\/wp-json\/wp\/v2\/product_cat?post=72697"},{"taxonomy":"product_tag","embeddable":true,"href":"https:\/\/brandss.com.py\/index\/wp-json\/wp\/v2\/product_tag?post=72697"}],"curies":[{"name":"wp","href":"https:\/\/api.w.org\/{rel}","templated":true}]}}