{"id":72698,"date":"2025-02-22T13:08:45","date_gmt":"2025-02-22T13:08:45","guid":{"rendered":"https:\/\/brandss.com.py\/index\/?post_type=product&#038;p=72698"},"modified":"2026-04-18T13:15:37","modified_gmt":"2026-04-18T13:15:37","slug":"perfume-masculino-armaf-club-de-nuit-iconic-edp-105ml","status":"publish","type":"product","link":"https:\/\/brandss.com.py\/index\/producto\/perfume-masculino-armaf-club-de-nuit-iconic-edp-105ml\/","title":{"rendered":"PERFUME MASCULINO ARMAF CLUB DE NUIT ICONIC EDP 105ML"},"content":{"rendered":"<p><img loading=\"lazy\" decoding=\"async\" class=\"\" src=\"https:\/\/www.shoppingchina.com.py\/rails\/active_storage\/blobs\/redirect\/eyJfcmFpbHMiOnsibWVzc2FnZSI6IkJBaHBBM2RXQlE9PSIsImV4cCI6bnVsbCwicHVyIjoiYmxvYl9pZCJ9fQ==--b1587c643bc10e9b867b2124bc9ba1a9c90fa8e4\/armaf.webp\" alt=\"Armaf no Paraguai | Shopping China\" width=\"83\" height=\"83\" \/><\/p>\n<h1>CLUB DE NUIT ICONIC<\/h1>\n<p>Es una fragancia masculina sofisticada que combina frescura c\u00edtrica y especiada con una base rica y resinosa. El Perfume Club de Nuit Iconic Blue es una fragancia dise\u00f1ada para el hombre moderno que busca un aroma distintivo y elegante. Lanzada en 2022, esta fragancia pertenece a la familia olfativa c\u00edtrica amaderada, y est\u00e1 inspirada en el cl\u00e1sico Bleu de Chanel, pero con un giro \u00fanico que le otorga una personalidad propia. El perfume Armaf Club de Nuit Iconic Blue es perfecto para el hombre que busca una fragancia que combine frescura y sofisticaci\u00f3n. Su longevidad y proyecci\u00f3n lo hacen ideal tanto para el uso diario como para ocasiones especiales. La combinaci\u00f3n de notas c\u00edtricas, especiadas y amaderadas crea una experiencia olfativa equilibrada y atractiva, perfecta para destacar en cualquier situaci\u00f3n.<\/p>\n<div style=\"width: 1080px;\" class=\"wp-video\"><video class=\"wp-video-shortcode\" id=\"video-72698-1\" width=\"1080\" height=\"1080\" preload=\"metadata\" controls=\"controls\"><source type=\"video\/mp4\" src=\"https:\/\/brandss.com.py\/index\/wp-content\/uploads\/2025\/02\/486d3644f91940e7bd60ac3901e7c12d.HD-1080p-7.2Mbps-37336115.mp4?_=1\" \/><a href=\"https:\/\/brandss.com.py\/index\/wp-content\/uploads\/2025\/02\/486d3644f91940e7bd60ac3901e7c12d.HD-1080p-7.2Mbps-37336115.mp4\">https:\/\/brandss.com.py\/index\/wp-content\/uploads\/2025\/02\/486d3644f91940e7bd60ac3901e7c12d.HD-1080p-7.2Mbps-37336115.mp4<\/a><\/video><\/div>\n<p>&nbsp;<\/p>\n<h3>Notas Olfativas<\/h3>\n<p>&nbsp;<\/p>\n<p class=\"whitespace-pre-wrap break-words\">La apertura es vibrante y energ\u00e9tica, donde los c\u00edtricos de pomelo y lim\u00f3n se encuentran con la frescura arom\u00e1tica de la menta y el cilantro, mientras que la pimienta rosa a\u00f1ade un toque especiado suave y elegante.<\/p>\n<p class=\"whitespace-pre-wrap break-words\">El coraz\u00f3n revela una combinaci\u00f3n \u00fanica y moderna, donde la dulzura acuosa del mel\u00f3n se entrelaza con el picante c\u00e1lido del jengibre y la nuez moscada, mientras que el jazm\u00edn aporta un toque floral sutil y refinado que a\u00f1ade profundidad a la composici\u00f3n.<\/p>\n<p class=\"whitespace-pre-wrap break-words\">En el fondo, una rica base de maderas y resinas se desarrolla, donde el \u00e1mbar dorado y el l\u00e1dano aportan calidez resinosa, mientras que el cedro y el s\u00e1ndalo crean una estructura amaderada elegante. El incienso a\u00f1ade un toque m\u00edstico y el pachul\u00ed proporciona profundidad terrosa.<\/p>\n<p class=\"whitespace-pre-wrap break-words\">Es una fragancia que evoca sofisticaci\u00f3n nocturna y elegancia moderna, perfecta para ocasiones especiales y salidas nocturnas, ideal para el hombre que busca un aroma distintivo y memorable con una estela duradera y proyecci\u00f3n impactante.<\/p>\n<ul class=\"-mt-1 [li&gt;&amp;]:mt-2 list-disc space-y-2 pl-8\" style=\"padding-left: 2rem;font-family: Roboto, sans-serif;font-size: 16.8px;font-style: normal;font-weight: 400;letter-spacing: 0.63px;text-align: start;text-indent: 0px;text-transform: none;background-color: #ffffff\">\n<li class=\"whitespace-normal break-words\"><strong>Notas de Salida:<\/strong>\u00a0Pomelo, Cilantro, Lim\u00f3n, Menta, Pimienta Rosa<\/li>\n<li class=\"whitespace-normal break-words\"><strong>Notas de Coraz\u00f3n:<\/strong>\u00a0Mel\u00f3n, Jengibre, Nuez Moscada, Jazm\u00edn<\/li>\n<li class=\"whitespace-normal break-words\"><strong>Notas de Fondo:<\/strong>\u00a0\u00c1mbar, Acorde Amaderado, Cedro, L\u00e1dano, Incienso, Pachul\u00ed, S\u00e1ndalo<\/li>\n<\/ul>\n","protected":false},"excerpt":{"rendered":"<p>CLUB DE NUIT ICONIC Es una fragancia masculina sofisticada que combina frescura c\u00edtrica y especiada con una base rica y<\/p>\n","protected":false},"featured_media":72707,"comment_status":"open","ping_status":"closed","template":"","meta":{"nf_dc_page":""},"product_brand":[106],"product_cat":[84],"product_tag":[175],"class_list":{"0":"post-72698","1":"product","2":"type-product","3":"status-publish","4":"has-post-thumbnail","6":"product_brand-armaf","7":"product_cat-perfumeria","8":"product_tag-175","10":"first","11":"instock","12":"sale","13":"shipping-taxable","14":"purchasable","15":"product-type-simple"},"_links":{"self":[{"href":"https:\/\/brandss.com.py\/index\/wp-json\/wp\/v2\/product\/72698","targetHints":{"allow":["GET"]}}],"collection":[{"href":"https:\/\/brandss.com.py\/index\/wp-json\/wp\/v2\/product"}],"about":[{"href":"https:\/\/brandss.com.py\/index\/wp-json\/wp\/v2\/types\/product"}],"replies":[{"embeddable":true,"href":"https:\/\/brandss.com.py\/index\/wp-json\/wp\/v2\/comments?post=72698"}],"version-history":[{"count":1,"href":"https:\/\/brandss.com.py\/index\/wp-json\/wp\/v2\/product\/72698\/revisions"}],"predecessor-version":[{"id":72716,"href":"https:\/\/brandss.com.py\/index\/wp-json\/wp\/v2\/product\/72698\/revisions\/72716"}],"wp:featuredmedia":[{"embeddable":true,"href":"https:\/\/brandss.com.py\/index\/wp-json\/wp\/v2\/media\/72707"}],"wp:attachment":[{"href":"https:\/\/brandss.com.py\/index\/wp-json\/wp\/v2\/media?parent=72698"}],"wp:term":[{"taxonomy":"product_brand","embeddable":true,"href":"https:\/\/brandss.com.py\/index\/wp-json\/wp\/v2\/product_brand?post=72698"},{"taxonomy":"product_cat","embeddable":true,"href":"https:\/\/brandss.com.py\/index\/wp-json\/wp\/v2\/product_cat?post=72698"},{"taxonomy":"product_tag","embeddable":true,"href":"https:\/\/brandss.com.py\/index\/wp-json\/wp\/v2\/product_tag?post=72698"}],"curies":[{"name":"wp","href":"https:\/\/api.w.org\/{rel}","templated":true}]}}