{"id":72751,"date":"2025-02-22T14:08:00","date_gmt":"2025-02-22T14:08:00","guid":{"rendered":"https:\/\/brandss.com.py\/index\/?post_type=product&#038;p=72751"},"modified":"2025-02-22T14:08:25","modified_gmt":"2025-02-22T14:08:25","slug":"short-deportivo-femenino-adidas-striped","status":"publish","type":"product","link":"https:\/\/brandss.com.py\/index\/producto\/short-deportivo-femenino-adidas-striped\/","title":{"rendered":"SHORT DEPORTIVO FEMENINO ADIDAS STRIPED"},"content":{"rendered":"<p><img loading=\"lazy\" decoding=\"async\" class=\"\" src=\"https:\/\/cdn.freebiesupply.com\/logos\/large\/2x\/adidas-logo.png\" alt=\"Adidas Logo PNG, Adidas Sports SVG\" width=\"82\" height=\"61\" \/><\/p>\n<h1>STRIPED<\/h1>\n<h3 class=\"subtitle___9ljbp\"><span>Destaca tu lado deportivo con estos pantalones cortos dise\u00f1ados para climas c\u00e1lidos.<\/span><\/h3>\n<p class=\"gl-vspace\"><span>Oh, los d\u00edas soleados. La sensaci\u00f3n de una brisa c\u00e1lida. Los rayos de sol bailando sobre tu piel. La comodidad informal de estos pantalones cortos adidas. Combinando lo deportivo con lo dulce, realzan las rayas inspiradas en el f\u00fatbol en colores pastel. El tricot suave y sedoso hace que todo el estilo brille. Este producto est\u00e1 elaborado con contenido reciclado como parte de nuestra ambici\u00f3n de acabar con los residuos pl\u00e1sticos.<\/span><\/p>\n<div class=\"accordion__header-text___2o9Im\">\n<h2 class=\"accordion-title___2sTgR\"><span>Cuidado<\/span><\/h2>\n<\/div>\n<div class=\"accordion__header-icon___2FuRa\"><\/div>\n<div class=\"accordion__content___29x9h\">\n<div class=\"content-padding___2kVWQ\">\n<div class=\"care___2GwB4\" data-auto-id=\"pdp-content-care\">\n<div class=\"care-instructions___3scEd\">\n<h4 class=\"care-title___2YJe1 gl-no-margin-bottom\">Instrucciones de lavado<\/h4>\n<ul>\n<li class=\"gl-vspace-bpall-small\"><img loading=\"lazy\" decoding=\"async\" src=\"https:\/\/www.adidas.com\/glass\/react\/075c4b4\/assets\/img\/washing-instructions\/B1.svg\" alt=\"\" width=\"24\" height=\"24\" \/>No usa blanqueador<\/li>\n<li class=\"gl-vspace-bpall-small\"><img loading=\"lazy\" decoding=\"async\" src=\"https:\/\/www.adidas.com\/glass\/react\/075c4b4\/assets\/img\/washing-instructions\/C2.svg\" alt=\"\" width=\"24\" height=\"24\" \/>Secar en secadora a temperatura baja<\/li>\n<li class=\"gl-vspace-bpall-small\"><img loading=\"lazy\" decoding=\"async\" src=\"https:\/\/www.adidas.com\/glass\/react\/075c4b4\/assets\/img\/washing-instructions\/E1.svg\" alt=\"\" width=\"24\" height=\"24\" \/>No lavar en seco<\/li>\n<li class=\"gl-vspace-bpall-small\"><img loading=\"lazy\" decoding=\"async\" src=\"https:\/\/www.adidas.com\/glass\/react\/075c4b4\/assets\/img\/washing-instructions\/D2.svg\" alt=\"\" width=\"24\" height=\"24\" \/>Retocar con plancha fr\u00eda<\/li>\n<li class=\"gl-vspace-bpall-small\"><img loading=\"lazy\" decoding=\"async\" src=\"https:\/\/www.adidas.com\/glass\/react\/075c4b4\/assets\/img\/washing-instructions\/A5.svg\" alt=\"\" width=\"24\" height=\"24\" \/>Lavar a m\u00e1quina con agua tibia<\/li>\n<\/ul>\n<\/div>\n<div class=\"extra-instructions___2TR8b\">\n<h4 class=\"care-title___2YJe1 gl-no-margin-bottom\">Informaci\u00f3n de cuidados adicionales<\/h4>\n<ul class=\"gl-list margin___QweXS\">\n<li class=\"gl-vspace-bpall-small\">No utilice suavizante de telas.<\/li>\n<li class=\"gl-vspace-bpall-small\">Utilice \u00fanicamente detergente suave<\/li>\n<\/ul>\n<div class=\"accordion__header-text___2o9Im\">\n<h2 class=\"accordion-title___2sTgR\"><span>Detalles<\/span><\/h2>\n<\/div>\n<div class=\"accordion__header-icon___2FuRa\"><\/div>\n<div class=\"accordion__content___29x9h\">\n<div class=\"content-padding___2kVWQ\">\n<div class=\"bullets___3bsSs\" data-auto-id=\"specifications-section\" data-testid=\"specifications-section\">\n<ul class=\"gl-list\">\n<li class=\"gl-vspace-bpall-small\"><span>Ajuste regular.<\/span><\/li>\n<li class=\"gl-vspace-bpall-small\"><span>Cord\u00f3n en cintura el\u00e1stica.<\/span><\/li>\n<li class=\"gl-vspace-bpall-small\"><span>Tejido de punto 100% poli\u00e9ster reciclado.<\/span><\/li>\n<li class=\"gl-vspace-bpall-small\"><span>Altura media.<\/span><\/li>\n<li class=\"gl-vspace-bpall-small\"><span>Bolsillos laterales.<\/span><\/li>\n<li class=\"gl-vspace-bpall-small\"><span>Importado.<\/span><\/li>\n<li class=\"gl-vspace-bpall-small\"><span>Color: Cielo ambiental.<\/span><\/li>\n<li class=\"gl-vspace-bpall-small\"><span>Modelo: H15781.<\/span><\/li>\n<\/ul>\n<\/div>\n<\/div>\n<\/div>\n<\/div>\n<\/div>\n<\/div>\n<\/div>\n","protected":false},"excerpt":{"rendered":"<p>STRIPED Destaca tu lado deportivo con estos pantalones cortos dise\u00f1ados para climas c\u00e1lidos. Oh, los d\u00edas soleados. La sensaci\u00f3n de<\/p>\n","protected":false},"featured_media":72752,"comment_status":"open","ping_status":"closed","template":"","meta":{"nf_dc_page":""},"product_brand":[],"product_cat":[73],"product_tag":[],"class_list":{"0":"post-72751","1":"product","2":"type-product","3":"status-publish","4":"has-post-thumbnail","6":"product_cat-femenino","8":"first","9":"instock","10":"shipping-taxable","11":"purchasable","12":"product-type-simple"},"_links":{"self":[{"href":"https:\/\/brandss.com.py\/index\/wp-json\/wp\/v2\/product\/72751","targetHints":{"allow":["GET"]}}],"collection":[{"href":"https:\/\/brandss.com.py\/index\/wp-json\/wp\/v2\/product"}],"about":[{"href":"https:\/\/brandss.com.py\/index\/wp-json\/wp\/v2\/types\/product"}],"replies":[{"embeddable":true,"href":"https:\/\/brandss.com.py\/index\/wp-json\/wp\/v2\/comments?post=72751"}],"version-history":[{"count":1,"href":"https:\/\/brandss.com.py\/index\/wp-json\/wp\/v2\/product\/72751\/revisions"}],"predecessor-version":[{"id":72757,"href":"https:\/\/brandss.com.py\/index\/wp-json\/wp\/v2\/product\/72751\/revisions\/72757"}],"wp:featuredmedia":[{"embeddable":true,"href":"https:\/\/brandss.com.py\/index\/wp-json\/wp\/v2\/media\/72752"}],"wp:attachment":[{"href":"https:\/\/brandss.com.py\/index\/wp-json\/wp\/v2\/media?parent=72751"}],"wp:term":[{"taxonomy":"product_brand","embeddable":true,"href":"https:\/\/brandss.com.py\/index\/wp-json\/wp\/v2\/product_brand?post=72751"},{"taxonomy":"product_cat","embeddable":true,"href":"https:\/\/brandss.com.py\/index\/wp-json\/wp\/v2\/product_cat?post=72751"},{"taxonomy":"product_tag","embeddable":true,"href":"https:\/\/brandss.com.py\/index\/wp-json\/wp\/v2\/product_tag?post=72751"}],"curies":[{"name":"wp","href":"https:\/\/api.w.org\/{rel}","templated":true}]}}