{"id":72795,"date":"2025-02-22T16:24:36","date_gmt":"2025-02-22T16:24:36","guid":{"rendered":"https:\/\/brandss.com.py\/index\/?post_type=product&#038;p=72795"},"modified":"2025-02-22T16:25:24","modified_gmt":"2025-02-22T16:25:24","slug":"short-deportivo-femenino-adidas-zip-up","status":"publish","type":"product","link":"https:\/\/brandss.com.py\/index\/producto\/short-deportivo-femenino-adidas-zip-up\/","title":{"rendered":"SHORT DEPORTIVO FEMENINO ADIDAS ZIP UP"},"content":{"rendered":"<p><img loading=\"lazy\" decoding=\"async\" class=\"\" src=\"https:\/\/cdn.freebiesupply.com\/logos\/large\/2x\/adidas-logo.png\" alt=\"Adidas Logo PNG, Adidas Sports SVG\" width=\"92\" height=\"69\" \/><\/p>\n<h1>ZIP UP<\/h1>\n<p>Un poco deportivo. Absolutamente fant\u00e1stico. Las cremalleras laterales son la primera pista de que estos pantalones cortos adidas no est\u00e1n hechos para el gimnasio. Comb\u00ednalos con un top corto, un cortavientos y unas botas resistentes para lucir un estilo listo para la monta\u00f1a. Este producto est\u00e1 elaborado con Primegreen, una l\u00ednea de materiales reciclados de alta calidad.<\/p>\n<ul class=\"product-info__features\">\n<li id=\"pd1\" class=\"product-info__feature\"><span>Pantalones cortos con cremallera y forro polar suave de adidas Originals. Estos pantalones cortos est\u00e1n confeccionados con Primegreen, una serie de materiales reciclados de alto rendimiento.\u00a0<\/span><\/li>\n<li id=\"pd2\" class=\"product-info__feature\"><span>Marca bordada.<\/span><\/li>\n<li id=\"pd3\" class=\"product-info__feature\"><span>100% poli\u00e9ster reciclado.<\/span><\/li>\n<li id=\"pd4\" class=\"product-info__feature\"><span>Cintura el\u00e1stica con cord\u00f3n interior.<\/span><\/li>\n<li id=\"pd5\" class=\"product-info__feature\"><span>Cierre con cremallera lateral.<\/span><\/li>\n<li id=\"pd6\" class=\"product-info__feature\"><span>Fabricado con Primegreen, materiales reciclados de alto rendimiento sin utilizar poli\u00e9ster virgen.<\/span><\/li>\n<li>Color: Morado.<\/li>\n<li>Modelo: H15806.<\/li>\n<\/ul>\n<p class=\"product-info__special\"><strong><span>Instrucciones especiales:<\/span><\/strong><br \/>\n<span>Lavar a m\u00e1quina a 40\u00b0C.<\/span><\/p>\n","protected":false},"excerpt":{"rendered":"<p>ZIP UP Un poco deportivo. Absolutamente fant\u00e1stico. Las cremalleras laterales son la primera pista de que estos pantalones cortos adidas<\/p>\n","protected":false},"featured_media":72803,"comment_status":"open","ping_status":"closed","template":"","meta":{"nf_dc_page":""},"product_brand":[],"product_cat":[73],"product_tag":[],"class_list":{"0":"post-72795","1":"product","2":"type-product","3":"status-publish","4":"has-post-thumbnail","6":"product_cat-femenino","8":"first","9":"instock","10":"shipping-taxable","11":"purchasable","12":"product-type-simple"},"_links":{"self":[{"href":"https:\/\/brandss.com.py\/index\/wp-json\/wp\/v2\/product\/72795","targetHints":{"allow":["GET"]}}],"collection":[{"href":"https:\/\/brandss.com.py\/index\/wp-json\/wp\/v2\/product"}],"about":[{"href":"https:\/\/brandss.com.py\/index\/wp-json\/wp\/v2\/types\/product"}],"replies":[{"embeddable":true,"href":"https:\/\/brandss.com.py\/index\/wp-json\/wp\/v2\/comments?post=72795"}],"version-history":[{"count":1,"href":"https:\/\/brandss.com.py\/index\/wp-json\/wp\/v2\/product\/72795\/revisions"}],"predecessor-version":[{"id":72809,"href":"https:\/\/brandss.com.py\/index\/wp-json\/wp\/v2\/product\/72795\/revisions\/72809"}],"wp:featuredmedia":[{"embeddable":true,"href":"https:\/\/brandss.com.py\/index\/wp-json\/wp\/v2\/media\/72803"}],"wp:attachment":[{"href":"https:\/\/brandss.com.py\/index\/wp-json\/wp\/v2\/media?parent=72795"}],"wp:term":[{"taxonomy":"product_brand","embeddable":true,"href":"https:\/\/brandss.com.py\/index\/wp-json\/wp\/v2\/product_brand?post=72795"},{"taxonomy":"product_cat","embeddable":true,"href":"https:\/\/brandss.com.py\/index\/wp-json\/wp\/v2\/product_cat?post=72795"},{"taxonomy":"product_tag","embeddable":true,"href":"https:\/\/brandss.com.py\/index\/wp-json\/wp\/v2\/product_tag?post=72795"}],"curies":[{"name":"wp","href":"https:\/\/api.w.org\/{rel}","templated":true}]}}