{"id":72810,"date":"2025-02-22T16:34:34","date_gmt":"2025-02-22T16:34:34","guid":{"rendered":"https:\/\/brandss.com.py\/index\/?post_type=product&#038;p=72810"},"modified":"2025-02-22T16:34:52","modified_gmt":"2025-02-22T16:34:52","slug":"camiseta-deportivo-masculino-diadora-ss-t-shirt-run-b","status":"publish","type":"product","link":"https:\/\/brandss.com.py\/index\/producto\/camiseta-deportivo-masculino-diadora-ss-t-shirt-run-b\/","title":{"rendered":"CAMISETA DEPORTIVO MASCULINO DIADORA SS-T-SHIRT-RUN-B"},"content":{"rendered":"<p><img loading=\"lazy\" decoding=\"async\" class=\"\" src=\"https:\/\/cdn.worldvectorlogo.com\/logos\/diadora-2.svg\" alt=\"Diadora Logotipo Vector - Descarga Gratis SVG | Worldvectorlogo\" width=\"206\" height=\"206\" \/><\/p>\n<h1>102.180177-80013<\/h1>\n<p data-start=\"74\" data-end=\"379\">Una prenda esencial para quienes buscan comodidad y estilo en su rutina diaria. Su confecci\u00f3n con tejido transpirable proporciona frescura y libertad de movimiento, convirti\u00e9ndola en una opci\u00f3n ideal tanto para entrenamientos como para el d\u00eda a d\u00eda.<\/p>\n<h3 data-start=\"381\" data-end=\"413\"><strong data-start=\"385\" data-end=\"411\">Detalles del Producto:<\/strong><\/h3>\n<ul data-start=\"414\" data-end=\"851\">\n<li data-start=\"414\" data-end=\"436\"><strong data-start=\"416\" data-end=\"426\">Marca:<\/strong> Diadora<\/li>\n<li data-start=\"437\" data-end=\"469\"><strong data-start=\"439\" data-end=\"450\">Modelo:<\/strong> SS-T-SHIRT-RUN B<\/li>\n<li data-start=\"470\" data-end=\"507\"><strong data-start=\"472\" data-end=\"486\">Categor\u00eda:<\/strong> Camiseta Masculina<\/li>\n<li data-start=\"508\" data-end=\"547\"><strong data-start=\"510\" data-end=\"523\">Material:<\/strong> Tela ligera y aireada<\/li>\n<li data-start=\"548\" data-end=\"588\"><strong data-start=\"550\" data-end=\"560\">Corte:<\/strong> Cl\u00e1sico con ajuste c\u00f3modo<\/li>\n<li data-start=\"589\" data-end=\"612\"><strong data-start=\"591\" data-end=\"602\">Cuello:<\/strong> Redondo<\/li>\n<li data-start=\"613\" data-end=\"635\"><strong data-start=\"615\" data-end=\"626\">Mangas:<\/strong> Cortas<\/li>\n<li data-start=\"636\" data-end=\"690\"><strong data-start=\"638\" data-end=\"649\">Dise\u00f1o:<\/strong> Sencillo con logo discreto en el pecho<\/li>\n<li data-start=\"691\" data-end=\"735\"><strong data-start=\"693\" data-end=\"703\">Color:<\/strong> Disponible en varias opciones<\/li>\n<li data-start=\"736\" data-end=\"805\"><strong data-start=\"738\" data-end=\"758\">Uso recomendado:<\/strong> Actividad f\u00edsica, deporte, ocio y uso diario<\/li>\n<li data-start=\"806\" data-end=\"851\"><strong data-start=\"808\" data-end=\"819\">Estilo:<\/strong> Casual, deportivo y funcional<\/li>\n<\/ul>\n<h3 data-start=\"853\" data-end=\"890\"><strong data-start=\"857\" data-end=\"888\">Recomendaciones de Cuidado:<\/strong><\/h3>\n<p data-start=\"891\" data-end=\"1082\">\u2714 Lavar a m\u00e1quina o a mano a 30\u00b0C<br data-start=\"924\" data-end=\"927\" \/>\u2714 No utilizar blanqueador<br data-start=\"952\" data-end=\"955\" \/>\u2714 No lavar en seco<br data-start=\"973\" data-end=\"976\" \/>\u2714 Evitar secadora<br data-start=\"993\" data-end=\"996\" \/>\u2714 Secar de forma horizontal a la sombra<br data-start=\"1035\" data-end=\"1038\" \/>\u2714 Planchar a temperatura baja (m\u00e1x. 110\u00b0C)<\/p>\n<h3 data-start=\"1084\" data-end=\"1116\"><strong data-start=\"1088\" data-end=\"1114\">Contenido del Paquete:<\/strong><\/h3>\n<p data-start=\"1117\" data-end=\"1158\">\u2714 1 x Camiseta Diadora SS-T-SHIRT-RUN B<\/p>\n<p data-start=\"1160\" data-end=\"1270\"><strong data-start=\"1160\" data-end=\"1182\">Descripci\u00f3n breve:<\/strong> Camiseta masculina vers\u00e1til, ideal para entrenamientos y looks deportivos cotidianos.<\/p>\n<p>&nbsp;<\/p>\n","protected":false},"excerpt":{"rendered":"<p>102.180177-80013 Una prenda esencial para quienes buscan comodidad y estilo en su rutina diaria. Su confecci\u00f3n con tejido transpirable proporciona<\/p>\n","protected":false},"featured_media":72813,"comment_status":"open","ping_status":"closed","template":"","meta":{"nf_dc_page":""},"product_brand":[],"product_cat":[76],"product_tag":[],"class_list":{"0":"post-72810","1":"product","2":"type-product","3":"status-publish","4":"has-post-thumbnail","6":"product_cat-masculino","8":"first","9":"instock","10":"shipping-taxable","11":"purchasable","12":"product-type-simple"},"_links":{"self":[{"href":"https:\/\/brandss.com.py\/index\/wp-json\/wp\/v2\/product\/72810","targetHints":{"allow":["GET"]}}],"collection":[{"href":"https:\/\/brandss.com.py\/index\/wp-json\/wp\/v2\/product"}],"about":[{"href":"https:\/\/brandss.com.py\/index\/wp-json\/wp\/v2\/types\/product"}],"replies":[{"embeddable":true,"href":"https:\/\/brandss.com.py\/index\/wp-json\/wp\/v2\/comments?post=72810"}],"version-history":[{"count":1,"href":"https:\/\/brandss.com.py\/index\/wp-json\/wp\/v2\/product\/72810\/revisions"}],"predecessor-version":[{"id":72824,"href":"https:\/\/brandss.com.py\/index\/wp-json\/wp\/v2\/product\/72810\/revisions\/72824"}],"wp:featuredmedia":[{"embeddable":true,"href":"https:\/\/brandss.com.py\/index\/wp-json\/wp\/v2\/media\/72813"}],"wp:attachment":[{"href":"https:\/\/brandss.com.py\/index\/wp-json\/wp\/v2\/media?parent=72810"}],"wp:term":[{"taxonomy":"product_brand","embeddable":true,"href":"https:\/\/brandss.com.py\/index\/wp-json\/wp\/v2\/product_brand?post=72810"},{"taxonomy":"product_cat","embeddable":true,"href":"https:\/\/brandss.com.py\/index\/wp-json\/wp\/v2\/product_cat?post=72810"},{"taxonomy":"product_tag","embeddable":true,"href":"https:\/\/brandss.com.py\/index\/wp-json\/wp\/v2\/product_tag?post=72810"}],"curies":[{"name":"wp","href":"https:\/\/api.w.org\/{rel}","templated":true}]}}