{"id":72811,"date":"2025-02-22T16:36:29","date_gmt":"2025-02-22T16:36:29","guid":{"rendered":"https:\/\/brandss.com.py\/index\/?post_type=product&#038;p=72811"},"modified":"2025-02-22T16:36:29","modified_gmt":"2025-02-22T16:36:29","slug":"legging-femenino-deportivo-fila-tights-perfoma","status":"publish","type":"product","link":"https:\/\/brandss.com.py\/index\/producto\/legging-femenino-deportivo-fila-tights-perfoma\/","title":{"rendered":"LEGGING FEMENINO DEPORTIVO FILA TIGHTS PERFOMA"},"content":{"rendered":"<h1 data-start=\"0\" data-end=\"97\"><img loading=\"lazy\" decoding=\"async\" class=\"\" src=\"https:\/\/i0.wp.com\/1000marcas.net\/wp-content\/uploads\/2019\/12\/logo-Fila.png?resize=101%2C57&amp;ssl=1\" width=\"158\" height=\"89\" \/><\/h1>\n<h1 data-start=\"0\" data-end=\"97\"><strong data-start=\"0\" data-end=\"95\">Calzas Femeninas Fila Women Tights Performa<\/strong><\/h1>\n<p data-start=\"99\" data-end=\"537\">Las Calzas Femeninas Fila Women Tights Performa est\u00e1n dise\u00f1adas para brindarte el m\u00e1ximo confort y soporte en cada movimiento. Fabricadas con un tejido el\u00e1stico y transpirable, ofrecen un ajuste ce\u00f1ido que se adapta perfectamente al cuerpo, proporcionando libertad de movimiento y sujeci\u00f3n durante tus entrenamientos. Su dise\u00f1o moderno y funcional es ideal para running, gimnasio o cualquier actividad deportiva de alto rendimiento.<\/p>\n<h3 data-start=\"539\" data-end=\"565\"><strong data-start=\"543\" data-end=\"563\">Caracter\u00edsticas:<\/strong><\/h3>\n<ul data-start=\"566\" data-end=\"1047\">\n<li data-start=\"566\" data-end=\"585\"><strong data-start=\"568\" data-end=\"578\">Marca:<\/strong> Fila<\/li>\n<li data-start=\"586\" data-end=\"640\"><strong data-start=\"588\" data-end=\"599\">Modelo:<\/strong> Women Tights Performa (F12AT00639 160)<\/li>\n<li data-start=\"641\" data-end=\"682\"><strong data-start=\"643\" data-end=\"652\">Tipo:<\/strong> Calzas Deportivas Femeninas<\/li>\n<li data-start=\"683\" data-end=\"764\"><strong data-start=\"685\" data-end=\"698\">Material:<\/strong> Poli\u00e9ster y elastano para mayor flexibilidad y transpirabilidad<\/li>\n<li data-start=\"765\" data-end=\"828\"><strong data-start=\"767\" data-end=\"779\">Cintura:<\/strong> Alta y el\u00e1stica para un ajuste seguro y c\u00f3modo<\/li>\n<li data-start=\"829\" data-end=\"905\"><strong data-start=\"831\" data-end=\"842\">Dise\u00f1o:<\/strong> Ajuste ce\u00f1ido que moldea la figura y favorece el rendimiento<\/li>\n<li data-start=\"906\" data-end=\"926\"><strong data-start=\"908\" data-end=\"918\">Color:<\/strong> Negro<\/li>\n<li data-start=\"927\" data-end=\"1001\"><strong data-start=\"929\" data-end=\"949\">Uso recomendado:<\/strong> Running, gimnasio, yoga y entrenamiento funcional<\/li>\n<li data-start=\"1002\" data-end=\"1047\"><strong data-start=\"1004\" data-end=\"1015\">Estilo:<\/strong> Deportivo, moderno y vers\u00e1til<\/li>\n<\/ul>\n<h3 data-start=\"1049\" data-end=\"1078\"><strong data-start=\"1053\" data-end=\"1076\">El paquete incluye:<\/strong><\/h3>\n<ul>\n<li data-start=\"1079\" data-end=\"1149\">1 x Calzas Fila Women Tights Performa<\/li>\n<\/ul>\n<p><strong data-start=\"1151\" data-end=\"1172\">Tipo de producto:<\/strong> Calzas deportivas femeninas para entrenamiento y alto rendimiento.<\/p>\n","protected":false},"excerpt":{"rendered":"<p>Calzas Femeninas Fila Women Tights Performa Las Calzas Femeninas Fila Women Tights Performa est\u00e1n dise\u00f1adas para brindarte el m\u00e1ximo confort<\/p>\n","protected":false},"featured_media":72818,"comment_status":"open","ping_status":"closed","template":"","meta":{"nf_dc_page":""},"product_brand":[],"product_cat":[73],"product_tag":[],"class_list":{"0":"post-72811","1":"product","2":"type-product","3":"status-publish","4":"has-post-thumbnail","6":"product_cat-femenino","8":"first","9":"outofstock","10":"shipping-taxable","11":"purchasable","12":"product-type-simple"},"_links":{"self":[{"href":"https:\/\/brandss.com.py\/index\/wp-json\/wp\/v2\/product\/72811","targetHints":{"allow":["GET"]}}],"collection":[{"href":"https:\/\/brandss.com.py\/index\/wp-json\/wp\/v2\/product"}],"about":[{"href":"https:\/\/brandss.com.py\/index\/wp-json\/wp\/v2\/types\/product"}],"replies":[{"embeddable":true,"href":"https:\/\/brandss.com.py\/index\/wp-json\/wp\/v2\/comments?post=72811"}],"version-history":[{"count":1,"href":"https:\/\/brandss.com.py\/index\/wp-json\/wp\/v2\/product\/72811\/revisions"}],"predecessor-version":[{"id":72825,"href":"https:\/\/brandss.com.py\/index\/wp-json\/wp\/v2\/product\/72811\/revisions\/72825"}],"wp:featuredmedia":[{"embeddable":true,"href":"https:\/\/brandss.com.py\/index\/wp-json\/wp\/v2\/media\/72818"}],"wp:attachment":[{"href":"https:\/\/brandss.com.py\/index\/wp-json\/wp\/v2\/media?parent=72811"}],"wp:term":[{"taxonomy":"product_brand","embeddable":true,"href":"https:\/\/brandss.com.py\/index\/wp-json\/wp\/v2\/product_brand?post=72811"},{"taxonomy":"product_cat","embeddable":true,"href":"https:\/\/brandss.com.py\/index\/wp-json\/wp\/v2\/product_cat?post=72811"},{"taxonomy":"product_tag","embeddable":true,"href":"https:\/\/brandss.com.py\/index\/wp-json\/wp\/v2\/product_tag?post=72811"}],"curies":[{"name":"wp","href":"https:\/\/api.w.org\/{rel}","templated":true}]}}