{"id":72840,"date":"2025-02-22T17:02:22","date_gmt":"2025-02-22T17:02:22","guid":{"rendered":"https:\/\/brandss.com.py\/index\/?post_type=product&#038;p=72840"},"modified":"2025-02-22T17:03:21","modified_gmt":"2025-02-22T17:03:21","slug":"sujetador-deportivo-femenino-adidas-striped-zip","status":"publish","type":"product","link":"https:\/\/brandss.com.py\/index\/producto\/sujetador-deportivo-femenino-adidas-striped-zip\/","title":{"rendered":"SUJETADOR DEPORTIVO FEMENINO ADIDAS STRIPED ZIP"},"content":{"rendered":"<p><img loading=\"lazy\" decoding=\"async\" class=\"\" src=\"https:\/\/cdn.freebiesupply.com\/logos\/large\/2x\/adidas-logo.png\" alt=\"Adidas Logo PNG, Adidas Sports SVG\" width=\"94\" height=\"71\" \/><\/p>\n<h1>STRIPED ZIP<\/h1>\n<p><span>La adidas Striped Zip es una camiseta para mujer con la que podr\u00e1s jugar atrevidamente con la tradici\u00f3n deportiva en tus seductoras combinaciones veraniegas. <\/span><span>Los d\u00edas soleados son siempre motivo de celebraci\u00f3n. <\/span><span>Simplemente cierra tu camiseta adidas y la diversi\u00f3n puede comenzar. <\/span><span>\u00daselo solo mientras toma el sol en una balsa o \u00faselo debajo de un vestido de verano y d\u00e9jelo que se asome y provoque suspiros. <\/span><span>Las l\u00edneas pastel juegan con el material cl\u00e1sico de adidas, combinando un estilo deportivo con un estilo lindo, veraniego y femenino. Este producto contiene materiales reciclados como parte de nuestros esfuerzos por abordar el problema de los residuos pl\u00e1sticos. <\/span><\/p>\n<p><span>Muestra tu actitud, demuestra lo valiente que eres.<\/span><\/p>\n<h3><span>Detalles:<\/span><\/h3>\n<ul>\n<li><span>Ajustado al cuerpo<\/span><\/li>\n<li><span>Cierre de cremallera frontal<\/span><\/li>\n<li><span>Gran efecto<\/span><\/li>\n<li><span>Composici\u00f3n: 100% poli\u00e9ster reciclado<\/span><\/li>\n<li><span>Color: azul &#8211; cielo ambiente<\/span><\/li>\n<li><span>Modelo: H17961<\/span><\/li>\n<\/ul>\n<p>&nbsp;<\/p>\n","protected":false},"excerpt":{"rendered":"<p>STRIPED ZIP La adidas Striped Zip es una camiseta para mujer con la que podr\u00e1s jugar atrevidamente con la tradici\u00f3n<\/p>\n","protected":false},"featured_media":72847,"comment_status":"open","ping_status":"closed","template":"","meta":{"nf_dc_page":""},"product_brand":[],"product_cat":[73],"product_tag":[],"class_list":{"0":"post-72840","1":"product","2":"type-product","3":"status-publish","4":"has-post-thumbnail","6":"product_cat-femenino","8":"first","9":"instock","10":"shipping-taxable","11":"purchasable","12":"product-type-simple"},"_links":{"self":[{"href":"https:\/\/brandss.com.py\/index\/wp-json\/wp\/v2\/product\/72840","targetHints":{"allow":["GET"]}}],"collection":[{"href":"https:\/\/brandss.com.py\/index\/wp-json\/wp\/v2\/product"}],"about":[{"href":"https:\/\/brandss.com.py\/index\/wp-json\/wp\/v2\/types\/product"}],"replies":[{"embeddable":true,"href":"https:\/\/brandss.com.py\/index\/wp-json\/wp\/v2\/comments?post=72840"}],"version-history":[{"count":1,"href":"https:\/\/brandss.com.py\/index\/wp-json\/wp\/v2\/product\/72840\/revisions"}],"predecessor-version":[{"id":72854,"href":"https:\/\/brandss.com.py\/index\/wp-json\/wp\/v2\/product\/72840\/revisions\/72854"}],"wp:featuredmedia":[{"embeddable":true,"href":"https:\/\/brandss.com.py\/index\/wp-json\/wp\/v2\/media\/72847"}],"wp:attachment":[{"href":"https:\/\/brandss.com.py\/index\/wp-json\/wp\/v2\/media?parent=72840"}],"wp:term":[{"taxonomy":"product_brand","embeddable":true,"href":"https:\/\/brandss.com.py\/index\/wp-json\/wp\/v2\/product_brand?post=72840"},{"taxonomy":"product_cat","embeddable":true,"href":"https:\/\/brandss.com.py\/index\/wp-json\/wp\/v2\/product_cat?post=72840"},{"taxonomy":"product_tag","embeddable":true,"href":"https:\/\/brandss.com.py\/index\/wp-json\/wp\/v2\/product_tag?post=72840"}],"curies":[{"name":"wp","href":"https:\/\/api.w.org\/{rel}","templated":true}]}}