{"id":72860,"date":"2025-02-22T17:27:55","date_gmt":"2025-02-22T17:27:55","guid":{"rendered":"https:\/\/brandss.com.py\/index\/?post_type=product&#038;p=72860"},"modified":"2025-02-22T17:27:55","modified_gmt":"2025-02-22T17:27:55","slug":"top-deportivo-femenino-fila-training-future-sport","status":"publish","type":"product","link":"https:\/\/brandss.com.py\/index\/producto\/top-deportivo-femenino-fila-training-future-sport\/","title":{"rendered":"TOP DEPORTIVO FEMENINO FILA TRAINING FUTURE SPORT"},"content":{"rendered":"<h1 data-start=\"0\" data-end=\"584\">Top Femenino Fila Training Future Sport<\/h1>\n<p data-start=\"0\" data-end=\"584\">El Top Femenino Fila Training Future Sport es una prenda dise\u00f1ada para ofrecer soporte y comodidad durante tus entrenamientos. Confeccionado en malla de poliamida el\u00e1stica con brillo y detalles en las sisas de malla de poliamida con elastano, este top garantiza una excelente transpirabilidad y ajuste al cuerpo. Su dise\u00f1o de sujeci\u00f3n media y escote racerback en la espalda proporcionan mayor libertad de movimiento y seguridad durante el ejercicio. Adem\u00e1s, es un producto ecol\u00f3gico con certificado Oeko-Tex, asegurando la ausencia de productos qu\u00edmicos nocivos en su fabricaci\u00f3n.<\/p>\n<p data-start=\"586\" data-end=\"606\"><strong data-start=\"586\" data-end=\"606\">Caracter\u00edsticas:<\/strong><\/p>\n<ul data-start=\"607\" data-end=\"1487\">\n<li data-start=\"607\" data-end=\"624\"><strong data-start=\"609\" data-end=\"619\">Marca:<\/strong> Fila<\/li>\n<li data-start=\"625\" data-end=\"677\"><strong data-start=\"627\" data-end=\"638\">Modelo:<\/strong> Training Future_Sport (F12AT00875-769)<\/li>\n<li data-start=\"678\" data-end=\"712\"><strong data-start=\"680\" data-end=\"689\">Tipo:<\/strong> Top Deportivo Femenino<\/li>\n<li data-start=\"713\" data-end=\"813\"><strong data-start=\"715\" data-end=\"728\">Material:<\/strong> Malla de poliamida el\u00e1stica con brillo y detalles en malla de poliamida con elastano<\/li>\n<li data-start=\"814\" data-end=\"906\"><strong data-start=\"816\" data-end=\"827\">Dise\u00f1o:<\/strong> Ajuste ce\u00f1ido al cuerpo con escote racerback para mayor libertad de movimiento<\/li>\n<li data-start=\"907\" data-end=\"931\"><strong data-start=\"909\" data-end=\"919\">Color:<\/strong> Wine (vino)<\/li>\n<li data-start=\"932\" data-end=\"1179\"><strong data-start=\"934\" data-end=\"950\">Tecnolog\u00edas:<\/strong>\n<ul data-start=\"953\" data-end=\"1179\">\n<li data-start=\"953\" data-end=\"1062\"><strong data-start=\"955\" data-end=\"968\">PERFORMA:<\/strong> Ofrece la compresi\u00f3n perfecta para libertad de movimiento y rendimiento, sin perder comodidad<\/li>\n<li data-start=\"1065\" data-end=\"1179\"><strong data-start=\"1067\" data-end=\"1076\">FLOW:<\/strong> Proporciona un secado r\u00e1pido, manteniendo el cuerpo a la temperatura ideal durante la actividad f\u00edsica<\/li>\n<\/ul>\n<\/li>\n<li data-start=\"1180\" data-end=\"1324\"><strong data-start=\"1182\" data-end=\"1200\">Certificaci\u00f3n:<\/strong> Producto ecol\u00f3gico con certificado Oeko-Tex, garantizando la no utilizaci\u00f3n de productos qu\u00edmicos nocivos en su fabricaci\u00f3n<\/li>\n<li data-start=\"1325\" data-end=\"1487\"><strong data-start=\"1327\" data-end=\"1352\">Detalles adicionales:<\/strong> Escote con acabado limpio, sisas con acabado al bies, bajo con acabado limpio y el\u00e1stico interno, y aplique Fila Stripes en la espalda<\/li>\n<\/ul>\n<p data-start=\"1489\" data-end=\"1512\"><strong data-start=\"1489\" data-end=\"1512\">El paquete incluye:<\/strong><\/p>\n<ul data-start=\"1513\" data-end=\"1576\">\n<li data-start=\"1513\" data-end=\"1549\">1 x Top Fila Training Future_Sport<\/li>\n<\/ul>\n<p><strong data-start=\"1578\" data-end=\"1599\">Tipo de producto:<\/strong> Top deportivo femenino para actividades f\u00edsicas y entrenamiento.<\/p>\n","protected":false},"excerpt":{"rendered":"<p>Top Femenino Fila Training Future Sport El Top Femenino Fila Training Future Sport es una prenda dise\u00f1ada para ofrecer soporte<\/p>\n","protected":false},"featured_media":72861,"comment_status":"open","ping_status":"closed","template":"","meta":{"nf_dc_page":""},"product_brand":[],"product_cat":[73],"product_tag":[],"class_list":{"0":"post-72860","1":"product","2":"type-product","3":"status-publish","4":"has-post-thumbnail","6":"product_cat-femenino","8":"first","9":"instock","10":"shipping-taxable","11":"purchasable","12":"product-type-simple"},"_links":{"self":[{"href":"https:\/\/brandss.com.py\/index\/wp-json\/wp\/v2\/product\/72860","targetHints":{"allow":["GET"]}}],"collection":[{"href":"https:\/\/brandss.com.py\/index\/wp-json\/wp\/v2\/product"}],"about":[{"href":"https:\/\/brandss.com.py\/index\/wp-json\/wp\/v2\/types\/product"}],"replies":[{"embeddable":true,"href":"https:\/\/brandss.com.py\/index\/wp-json\/wp\/v2\/comments?post=72860"}],"version-history":[{"count":1,"href":"https:\/\/brandss.com.py\/index\/wp-json\/wp\/v2\/product\/72860\/revisions"}],"predecessor-version":[{"id":72866,"href":"https:\/\/brandss.com.py\/index\/wp-json\/wp\/v2\/product\/72860\/revisions\/72866"}],"wp:featuredmedia":[{"embeddable":true,"href":"https:\/\/brandss.com.py\/index\/wp-json\/wp\/v2\/media\/72861"}],"wp:attachment":[{"href":"https:\/\/brandss.com.py\/index\/wp-json\/wp\/v2\/media?parent=72860"}],"wp:term":[{"taxonomy":"product_brand","embeddable":true,"href":"https:\/\/brandss.com.py\/index\/wp-json\/wp\/v2\/product_brand?post=72860"},{"taxonomy":"product_cat","embeddable":true,"href":"https:\/\/brandss.com.py\/index\/wp-json\/wp\/v2\/product_cat?post=72860"},{"taxonomy":"product_tag","embeddable":true,"href":"https:\/\/brandss.com.py\/index\/wp-json\/wp\/v2\/product_tag?post=72860"}],"curies":[{"name":"wp","href":"https:\/\/api.w.org\/{rel}","templated":true}]}}