{"id":72868,"date":"2025-02-22T17:56:24","date_gmt":"2025-02-22T17:56:24","guid":{"rendered":"https:\/\/brandss.com.py\/index\/?post_type=product&#038;p=72868"},"modified":"2025-02-22T17:56:53","modified_gmt":"2025-02-22T17:56:53","slug":"camiseta-deportivo-masculino-adidas-real-madrid-teamgeist-21-22-mangas-cortas","status":"publish","type":"product","link":"https:\/\/brandss.com.py\/index\/producto\/camiseta-deportivo-masculino-adidas-real-madrid-teamgeist-21-22-mangas-cortas\/","title":{"rendered":"CAMISETA DEPORTIVO MASCULINO ADIDAS REAL MADRID TEAMGEIST 21\/22 MANGAS CORTAS"},"content":{"rendered":"<p><img loading=\"lazy\" decoding=\"async\" class=\"\" src=\"https:\/\/cdn.freebiesupply.com\/logos\/large\/2x\/adidas-logo.png\" alt=\"Adidas Logo PNG, Adidas Sports SVG\" width=\"120\" height=\"90\" \/><\/p>\n<h1>REAL MADRID TEAMGEIST 21\/22<\/h1>\n<div class=\"product attribute description\">\n<p><span>La camiseta Adidas Real Madrid 2021-22 TeamGeist celebra el ic\u00f3nico estilo Teamgeist que arras\u00f3 en el mundo del f\u00fatbol. Las elegantes l\u00edneas de dise\u00f1o combinadas con detalles de malla curva te permiten apoyar la herencia Teamgeist, mientras que un escudo bordado te permite apoyar a tu equipo de club favorito.<\/span><\/p>\n<p><b><span>Caracter\u00edsticas<\/span><\/b><\/p>\n<ul>\n<li><span>Escudo bordado del Real Madrid<\/span><\/li>\n<li><span>Cuello redondo<\/span><\/li>\n<li><span>Tecnolog\u00eda adidas ClimaCool que absorbe la humedad<\/span><\/li>\n<li><span>Inserciones de malla en las axilas para mayor transpirabilidad.<\/span><\/li>\n<\/ul>\n<p><b><span>Detalles<\/span><\/b><\/p>\n<ul>\n<li><span>Ajuste holgado para una sensaci\u00f3n c\u00f3moda.<\/span><\/li>\n<li><span>100% poli\u00e9ster reciclado<\/span><\/li>\n<li><span>Color: Blanco<\/span><\/li>\n<li><span>Modelo: H18498<\/span><\/li>\n<\/ul>\n<\/div>\n","protected":false},"excerpt":{"rendered":"<p>REAL MADRID TEAMGEIST 21\/22 La camiseta Adidas Real Madrid 2021-22 TeamGeist celebra el ic\u00f3nico estilo Teamgeist que arras\u00f3 en el<\/p>\n","protected":false},"featured_media":72869,"comment_status":"open","ping_status":"closed","template":"","meta":{"nf_dc_page":""},"product_brand":[],"product_cat":[76],"product_tag":[],"class_list":{"0":"post-72868","1":"product","2":"type-product","3":"status-publish","4":"has-post-thumbnail","6":"product_cat-masculino","8":"first","9":"instock","10":"shipping-taxable","11":"purchasable","12":"product-type-simple"},"_links":{"self":[{"href":"https:\/\/brandss.com.py\/index\/wp-json\/wp\/v2\/product\/72868","targetHints":{"allow":["GET"]}}],"collection":[{"href":"https:\/\/brandss.com.py\/index\/wp-json\/wp\/v2\/product"}],"about":[{"href":"https:\/\/brandss.com.py\/index\/wp-json\/wp\/v2\/types\/product"}],"replies":[{"embeddable":true,"href":"https:\/\/brandss.com.py\/index\/wp-json\/wp\/v2\/comments?post=72868"}],"version-history":[{"count":1,"href":"https:\/\/brandss.com.py\/index\/wp-json\/wp\/v2\/product\/72868\/revisions"}],"predecessor-version":[{"id":72881,"href":"https:\/\/brandss.com.py\/index\/wp-json\/wp\/v2\/product\/72868\/revisions\/72881"}],"wp:featuredmedia":[{"embeddable":true,"href":"https:\/\/brandss.com.py\/index\/wp-json\/wp\/v2\/media\/72869"}],"wp:attachment":[{"href":"https:\/\/brandss.com.py\/index\/wp-json\/wp\/v2\/media?parent=72868"}],"wp:term":[{"taxonomy":"product_brand","embeddable":true,"href":"https:\/\/brandss.com.py\/index\/wp-json\/wp\/v2\/product_brand?post=72868"},{"taxonomy":"product_cat","embeddable":true,"href":"https:\/\/brandss.com.py\/index\/wp-json\/wp\/v2\/product_cat?post=72868"},{"taxonomy":"product_tag","embeddable":true,"href":"https:\/\/brandss.com.py\/index\/wp-json\/wp\/v2\/product_tag?post=72868"}],"curies":[{"name":"wp","href":"https:\/\/api.w.org\/{rel}","templated":true}]}}