{"id":72893,"date":"2025-02-22T18:34:34","date_gmt":"2025-02-22T18:34:34","guid":{"rendered":"https:\/\/brandss.com.py\/index\/?post_type=product&#038;p=72893"},"modified":"2025-02-22T18:34:58","modified_gmt":"2025-02-22T18:34:58","slug":"bermuda-deportivo-femenino-adidas-letter-de-tiro-medio","status":"publish","type":"product","link":"https:\/\/brandss.com.py\/index\/producto\/bermuda-deportivo-femenino-adidas-letter-de-tiro-medio\/","title":{"rendered":"BERMUDA DEPORTIVO FEMENINO ADIDAS LETTER DE TIRO MEDIO"},"content":{"rendered":"<p><img loading=\"lazy\" decoding=\"async\" class=\"\" src=\"https:\/\/cdn.freebiesupply.com\/logos\/large\/2x\/adidas-logo.png\" alt=\"Adidas Logo PNG, Adidas Sports SVG\" width=\"77\" height=\"58\" \/><\/p>\n<h1>LETTER<\/h1>\n<h2><span>Medias cortas con letras y cintura media, color negro<\/span><\/h2>\n<p>&nbsp;<\/p>\n<p class=\"PDPDescHighLight-Description\"><span>\u00bfTu atuendo favorito para usar en rotaci\u00f3n? Una camiseta oversize con estas mallas cortas de adidas. Es como un nivel superior al de los pijamas, pero con un toque de estilo. Es el atuendo que nunca pasa de moda, especialmente cuando se combina con una chaqueta vaquera. Las letras en bloque universitarias en los costados completan el look.<\/span> <span> Al comprar nuestros productos de algod\u00f3n, usted apoya un cultivo de algod\u00f3n m\u00e1s sostenible.<\/span><\/p>\n<h2 class=\"heading-2\"><span>Detalles<\/span><\/h2>\n<p><b><span>Composici\u00f3n y cuidado:<\/span><\/b><br \/>\n<span>92 % algod\u00f3n, 8 % elastano<\/span><\/p>\n<p><span>No usar blanqueador<\/span><\/p>\n<p><span>No usar suavizante<\/span><\/p>\n<p><span>Usar solo detergente suave<\/span><\/p>\n<p><span>Lavar y secar del rev\u00e9s<\/span><\/p>\n<p><span>Lavar con colores similares<\/span><\/p>\n<p><span>No planchar la impresi\u00f3n<\/span><\/p>\n<p><span>Retocar con plancha fr\u00eda<\/span><\/p>\n<p><span>No <\/span><span>lavar en seco\u00a0<\/span><\/p>\n<p><span>Lavar a m\u00e1quina con agua fr\u00eda<\/span><\/p>\n<p>Color: Negro\/ Blanco<\/p>\n<p>Modelo:<span>\u00a0H20248<\/span><\/p>\n","protected":false},"excerpt":{"rendered":"<p>LETTER Medias cortas con letras y cintura media, color negro &nbsp; \u00bfTu atuendo favorito para usar en rotaci\u00f3n? Una camiseta<\/p>\n","protected":false},"featured_media":72896,"comment_status":"open","ping_status":"closed","template":"","meta":{"nf_dc_page":""},"product_brand":[],"product_cat":[73],"product_tag":[],"class_list":{"0":"post-72893","1":"product","2":"type-product","3":"status-publish","4":"has-post-thumbnail","6":"product_cat-femenino","8":"first","9":"instock","10":"shipping-taxable","11":"purchasable","12":"product-type-simple"},"_links":{"self":[{"href":"https:\/\/brandss.com.py\/index\/wp-json\/wp\/v2\/product\/72893","targetHints":{"allow":["GET"]}}],"collection":[{"href":"https:\/\/brandss.com.py\/index\/wp-json\/wp\/v2\/product"}],"about":[{"href":"https:\/\/brandss.com.py\/index\/wp-json\/wp\/v2\/types\/product"}],"replies":[{"embeddable":true,"href":"https:\/\/brandss.com.py\/index\/wp-json\/wp\/v2\/comments?post=72893"}],"version-history":[{"count":2,"href":"https:\/\/brandss.com.py\/index\/wp-json\/wp\/v2\/product\/72893\/revisions"}],"predecessor-version":[{"id":72902,"href":"https:\/\/brandss.com.py\/index\/wp-json\/wp\/v2\/product\/72893\/revisions\/72902"}],"wp:featuredmedia":[{"embeddable":true,"href":"https:\/\/brandss.com.py\/index\/wp-json\/wp\/v2\/media\/72896"}],"wp:attachment":[{"href":"https:\/\/brandss.com.py\/index\/wp-json\/wp\/v2\/media?parent=72893"}],"wp:term":[{"taxonomy":"product_brand","embeddable":true,"href":"https:\/\/brandss.com.py\/index\/wp-json\/wp\/v2\/product_brand?post=72893"},{"taxonomy":"product_cat","embeddable":true,"href":"https:\/\/brandss.com.py\/index\/wp-json\/wp\/v2\/product_cat?post=72893"},{"taxonomy":"product_tag","embeddable":true,"href":"https:\/\/brandss.com.py\/index\/wp-json\/wp\/v2\/product_tag?post=72893"}],"curies":[{"name":"wp","href":"https:\/\/api.w.org\/{rel}","templated":true}]}}