{"id":72903,"date":"2025-02-22T18:42:51","date_gmt":"2025-02-22T18:42:51","guid":{"rendered":"https:\/\/brandss.com.py\/index\/?post_type=product&#038;p=72903"},"modified":"2025-02-22T18:50:23","modified_gmt":"2025-02-22T18:50:23","slug":"camiseta-deportivo-femenino-diadora-running-l-ss-t-shirt-run","status":"publish","type":"product","link":"https:\/\/brandss.com.py\/index\/producto\/camiseta-deportivo-femenino-diadora-running-l-ss-t-shirt-run\/","title":{"rendered":"CAMISETA DEPORTIVO FEMENINO DIADORA RUNNING L-SS-T-SHIRT-RUN"},"content":{"rendered":"<p><img loading=\"lazy\" decoding=\"async\" class=\"\" src=\"https:\/\/cdn.worldvectorlogo.com\/logos\/diadora-2.svg\" alt=\"Diadora Logotipo Vector - Descarga Gratis SVG | Worldvectorlogo\" width=\"326\" height=\"326\" \/><\/p>\n<h1>102.180178-80013<\/h1>\n<div class=\"flex-1 overflow-hidden @container\/thread translate-y-[2rem] -mt-[2rem] pb-[1.5rem]\">\n<div class=\"relative h-full\">\n<div class=\"flex h-full flex-col overflow-y-auto [scrollbar-gutter:stable]\">\n<div class=\"flex flex-col text-sm md:pb-9\">\n<article class=\"w-full text-token-text-primary focus-visible:outline-2 focus-visible:outline-offset-[-4px]\" dir=\"auto\" data-testid=\"conversation-turn-7\" data-scroll-anchor=\"true\">\n<div class=\"m-auto text-base py-[18px] px-6\">\n<div class=\"mx-auto flex flex-1 text-base gap-4 md:gap-5 lg:gap-6 md:max-w-3xl lg:max-w-[40rem] xl:max-w-[48rem]\">\n<div class=\"group\/conversation-turn relative flex w-full min-w-0 flex-col agent-turn @xs\/thread:px-0 @sm\/thread:px-1.5 @md\/thread:px-4\">\n<div class=\"flex-col gap-1 md:gap-3\">\n<div class=\"flex max-w-full flex-col flex-grow\">\n<div class=\"min-h-8 text-message flex w-full flex-col items-end gap-2 whitespace-normal break-words text-start [.text-message+&amp;]:mt-5\" dir=\"auto\" data-message-author-role=\"assistant\" data-message-id=\"d9026a07-3fcc-49cf-ad34-d1d613620437\" data-message-model-slug=\"gpt-4o-mini\">\n<div class=\"flex w-full flex-col gap-1 empty:hidden first:pt-[3px]\">\n<div class=\"markdown prose w-full break-words dark:prose-invert light\">\n<p data-start=\"0\" data-end=\"443\">Ofrece la m\u00e1xima comodidad durante tus entrenamientos m\u00e1s exigentes. Su dise\u00f1o fluido y transpirable permite una total libertad de movimiento, lo que la convierte en la elecci\u00f3n ideal para actividades deportivas de alto rendimiento. El material con el que est\u00e1 fabricada favorece la transpiraci\u00f3n, manteniendo tu piel fresca y seca en todo momento, incluso en las sesiones m\u00e1s intensas.<\/p>\n<p data-start=\"445\" data-end=\"874\">Lo que realmente destaca de este modelo es la parte posterior, que est\u00e1 hecha completamente de malla. Este detalle permite una ventilaci\u00f3n \u00f3ptima, proporcionando una sensaci\u00f3n de frescura continua, lo que es especialmente valioso cuando las temperaturas suben o cuando est\u00e1s en medio de un entrenamiento intenso. La malla en la espalda tambi\u00e9n contribuye a que la prenda sea extremadamente ligera, sin comprometer su resistencia.<\/p>\n<p data-start=\"876\" data-end=\"1171\">Adem\u00e1s, la camiseta est\u00e1 equipada con detalles reflectantes estrat\u00e9gicamente ubicados, lo que no solo a\u00f1ade un toque de estilo, sino que tambi\u00e9n mejora tu visibilidad si entrenas en condiciones de poca luz o en la oscuridad, brind\u00e1ndote mayor seguridad al correr o hacer ejercicio al aire libre.<\/p>\n<p data-start=\"1173\" data-end=\"1470\">Este producto es perfecto para corredoras, ciclistas o cualquier mujer activa que busque una prenda funcional, c\u00f3moda y con un dise\u00f1o moderno. Es resistente y se mantiene en excelentes condiciones con el paso del tiempo, incluso despu\u00e9s de m\u00faltiples lavados, gracias a su material de alta calidad.<\/p>\n<p data-start=\"1472\" data-end=\"1643\" data-is-last-node=\"\" data-is-only-node=\"\">\ud83d\udd39 La camiseta Diadora es la opci\u00f3n que combina frescura, comodidad y un toque de seguridad adicional para tu rutina deportiva. \u00a1Desaf\u00eda tus l\u00edmites con confianza! \ud83d\udca8\ud83c\udfc3\u200d\u2640\ufe0f<\/p>\n<\/div>\n<\/div>\n<\/div>\n<\/div>\n<div class=\"mb-2 flex gap-3 empty:hidden -ml-2\">\n<div class=\"items-center justify-start rounded-xl p-1 flex\">\n<div class=\"flex items-center\"><\/div>\n<\/div>\n<\/div>\n<\/div>\n<\/div>\n<\/div>\n<\/div>\n<\/article>\n<div class=\"pointer-events-none h-px w-px\" aria-hidden=\"true\" data-edge=\"true\"><\/div>\n<div><\/div>\n<\/div>\n<\/div>\n<\/div>\n<\/div>\n<div class=\"md:pt-0 dark:border-white\/20 md:border-transparent md:dark:border-transparent w-full isolate has-[[data-has-thread-error]]:[box-shadow:var(--sharp-edge-bottom-shadow)] has-[[data-has-thread-error]]:pt-2\">\n<div class=\"m-auto text-base px-3 md:px-4 w-full md:px-5 lg:px-4 xl:px-5\">\n<div class=\"mx-auto flex flex-1 text-base gap-4 md:gap-5 lg:gap-6 md:max-w-3xl lg:max-w-[40rem] xl:max-w-[48rem]\">\n<div class=\"flex justify-center empty:hidden\"><\/div>\n<div class=\"relative z-[1] flex h-full max-w-full flex-1 flex-col\">\n<div class=\"absolute bottom-full left-0 right-0 z-20\"><\/div>\n<div class=\"group relative z-[1] flex w-full items-center\">\n<div class=\"w-full\">\n<div id=\"composer-background\" class=\"flex w-full cursor-text flex-col rounded-3xl border border-token-border-light px-3 py-1 duration-150 ease-in-out contain-inline-size motion-safe:transition-[color,background-color,border-color,text-decoration-color,fill,stroke,box-shadow] dark:border-none dark:shadow-none shadow-[0_9px_9px_0px_rgba(0,0,0,0.01),_0_2px_5px_0px_rgba(0,0,0,0.06)] has-[:focus]:shadow-[0_2px_12px_0px_rgba(0,0,0,0.04),_0_9px_9px_0px_rgba(0,0,0,0.01),_0_2px_5px_0px_rgba(0,0,0,0.06)] bg-token-main-surface-primary dark:bg-[#303030]\">\n<div class=\"flex flex-col justify-start\">\n<div class=\"flex min-h-[44px] items-start pl-1\">\n<div class=\"min-w-0 max-w-full flex-1\">\n<div class=\"_prosemirror-parent_1r7mb_1 text-token-text-primary max-h-[25dvh] max-h-52 overflow-auto default-browser\"><\/div>\n<\/div>\n<\/div>\n<\/div>\n<div class=\"mb-2 mt-1 flex items-center justify-between sm:mt-5\">\n<div class=\"flex gap-x-1.5 text-token-text-primary\">\n<div>\n<div class=\"relative\">\n<div class=\"relative\">\n<div class=\"flex flex-col\">\n<div class=\"w-fit\" aria-expanded=\"false\" aria-controls=\"radix-:rfh:\" data-state=\"closed\">\n<div><\/div>\n<\/div>\n<\/div>\n<\/div>\n<\/div>\n<\/div>\n<div>\n<div>\n<div class=\"whitespace-nowrap pl-1 pr-1 [display:--force-hide-label]\"><\/div>\n<\/div>\n<\/div>\n<\/div>\n<\/div>\n<\/div>\n<\/div>\n<\/div>\n<\/div>\n<\/div>\n<\/div>\n<\/div>\n","protected":false},"excerpt":{"rendered":"<p>102.180178-80013 Ofrece la m\u00e1xima comodidad durante tus entrenamientos m\u00e1s exigentes. Su dise\u00f1o fluido y transpirable permite una total libertad de<\/p>\n","protected":false},"featured_media":72922,"comment_status":"open","ping_status":"closed","template":"","meta":{"nf_dc_page":""},"product_brand":[],"product_cat":[73],"product_tag":[],"class_list":{"0":"post-72903","1":"product","2":"type-product","3":"status-publish","4":"has-post-thumbnail","6":"product_cat-femenino","8":"first","9":"instock","10":"shipping-taxable","11":"purchasable","12":"product-type-simple"},"_links":{"self":[{"href":"https:\/\/brandss.com.py\/index\/wp-json\/wp\/v2\/product\/72903","targetHints":{"allow":["GET"]}}],"collection":[{"href":"https:\/\/brandss.com.py\/index\/wp-json\/wp\/v2\/product"}],"about":[{"href":"https:\/\/brandss.com.py\/index\/wp-json\/wp\/v2\/types\/product"}],"replies":[{"embeddable":true,"href":"https:\/\/brandss.com.py\/index\/wp-json\/wp\/v2\/comments?post=72903"}],"version-history":[{"count":1,"href":"https:\/\/brandss.com.py\/index\/wp-json\/wp\/v2\/product\/72903\/revisions"}],"predecessor-version":[{"id":72917,"href":"https:\/\/brandss.com.py\/index\/wp-json\/wp\/v2\/product\/72903\/revisions\/72917"}],"wp:featuredmedia":[{"embeddable":true,"href":"https:\/\/brandss.com.py\/index\/wp-json\/wp\/v2\/media\/72922"}],"wp:attachment":[{"href":"https:\/\/brandss.com.py\/index\/wp-json\/wp\/v2\/media?parent=72903"}],"wp:term":[{"taxonomy":"product_brand","embeddable":true,"href":"https:\/\/brandss.com.py\/index\/wp-json\/wp\/v2\/product_brand?post=72903"},{"taxonomy":"product_cat","embeddable":true,"href":"https:\/\/brandss.com.py\/index\/wp-json\/wp\/v2\/product_cat?post=72903"},{"taxonomy":"product_tag","embeddable":true,"href":"https:\/\/brandss.com.py\/index\/wp-json\/wp\/v2\/product_tag?post=72903"}],"curies":[{"name":"wp","href":"https:\/\/api.w.org\/{rel}","templated":true}]}}