{"id":72907,"date":"2025-02-22T18:45:05","date_gmt":"2025-02-22T18:45:05","guid":{"rendered":"https:\/\/brandss.com.py\/index\/?post_type=product&#038;p=72907"},"modified":"2025-02-22T18:53:40","modified_gmt":"2025-02-22T18:53:40","slug":"bermuda-femenina-deportiva-fila-training-long-short","status":"publish","type":"product","link":"https:\/\/brandss.com.py\/index\/producto\/bermuda-femenina-deportiva-fila-training-long-short\/","title":{"rendered":"BERMUDA FEMENINA DEPORTIVA FILA TRAINING LONG SHORT"},"content":{"rendered":"<h1 data-start=\"40\" data-end=\"149\"><img loading=\"lazy\" decoding=\"async\" class=\"\" src=\"https:\/\/i0.wp.com\/1000marcas.net\/wp-content\/uploads\/2019\/12\/logo-Fila.png?resize=119%2C67&amp;ssl=1\" width=\"158\" height=\"89\" \/><\/h1>\n<h1 data-start=\"40\" data-end=\"149\"><strong data-start=\"40\" data-end=\"149\">Bermuda Femenina Fila Training Long Shorts<\/strong><\/h1>\n<p data-start=\"151\" data-end=\"627\">La Bermuda Femenina Fila Training Long Shorts est\u00e1 dise\u00f1ada para ofrecerte el m\u00e1ximo confort y rendimiento durante tus sesiones de entrenamiento. Confeccionada en malla de poliamida texturizada transpirable con elastano, esta prenda se ajusta perfectamente al cuerpo, proporcionando libertad de movimiento y frescura. Su corte entallado, de largo corto y cintura alta, garantiza un ajuste seguro y favorecedor, ideal para diversas actividades deportivas.<\/p>\n<p data-start=\"629\" data-end=\"649\"><strong data-start=\"629\" data-end=\"649\">Caracter\u00edsticas:<\/strong><\/p>\n<ul data-start=\"650\" data-end=\"1236\">\n<li data-start=\"650\" data-end=\"667\"><strong data-start=\"652\" data-end=\"662\">Marca:<\/strong> Fila<\/li>\n<li data-start=\"668\" data-end=\"737\"><strong data-start=\"670\" data-end=\"681\">Modelo:<\/strong> Training Long Shorts Seven Stripes Fit (F12AT00888-312)<\/li>\n<li data-start=\"738\" data-end=\"776\"><strong data-start=\"740\" data-end=\"749\">Tipo:<\/strong> Bermuda Deportiva Femenina<\/li>\n<li data-start=\"777\" data-end=\"836\"><strong data-start=\"779\" data-end=\"792\">Material:<\/strong> Malla de poliamida texturizada con elastano<\/li>\n<li data-start=\"837\" data-end=\"894\"><strong data-start=\"839\" data-end=\"850\">Dise\u00f1o:<\/strong> Corte entallado, largo corto y cintura alta<\/li>\n<li data-start=\"895\" data-end=\"936\"><strong data-start=\"897\" data-end=\"907\">Color:<\/strong> Negro con detalles en blanco<\/li>\n<li data-start=\"937\" data-end=\"1101\"><strong data-start=\"939\" data-end=\"955\">Tecnolog\u00edas:<\/strong>\n<ul data-start=\"958\" data-end=\"1101\">\n<li data-start=\"958\" data-end=\"1032\"><strong data-start=\"960\" data-end=\"978\">Secado r\u00e1pido:<\/strong> Mantiene el cuerpo seco y c\u00f3modo durante el ejercicio<\/li>\n<li data-start=\"1035\" data-end=\"1101\"><strong data-start=\"1037\" data-end=\"1061\">Estabilidad t\u00e9rmica:<\/strong> Ayuda a regular la temperatura corporal<\/li>\n<\/ul>\n<\/li>\n<li data-start=\"1102\" data-end=\"1202\"><strong data-start=\"1104\" data-end=\"1124\">Uso recomendado:<\/strong> Entrenamientos en gimnasio, running, yoga y actividades deportivas en general<\/li>\n<li data-start=\"1203\" data-end=\"1236\"><strong data-start=\"1205\" data-end=\"1216\">Estilo:<\/strong> Deportivo y moderno<\/li>\n<\/ul>\n<p data-start=\"1238\" data-end=\"1261\"><strong data-start=\"1238\" data-end=\"1261\">El paquete incluye:<\/strong><\/p>\n<ul data-start=\"1262\" data-end=\"1346\">\n<li data-start=\"1262\" data-end=\"1319\">1 x Bermuda Fila Training Long Shorts Seven Stripes Fit<\/li>\n<\/ul>\n<p data-start=\"1348\" data-end=\"1438\"><strong data-start=\"1348\" data-end=\"1369\">Tipo de producto:<\/strong> Bermuda deportiva femenina para entrenamiento y actividades f\u00edsicas.<\/p>\n","protected":false},"excerpt":{"rendered":"<p>Bermuda Femenina Fila Training Long Shorts La Bermuda Femenina Fila Training Long Shorts est\u00e1 dise\u00f1ada para ofrecerte el m\u00e1ximo confort<\/p>\n","protected":false},"featured_media":72929,"comment_status":"open","ping_status":"closed","template":"","meta":{"nf_dc_page":""},"product_brand":[],"product_cat":[73],"product_tag":[],"class_list":{"0":"post-72907","1":"product","2":"type-product","3":"status-publish","4":"has-post-thumbnail","6":"product_cat-femenino","8":"first","9":"instock","10":"shipping-taxable","11":"purchasable","12":"product-type-simple"},"_links":{"self":[{"href":"https:\/\/brandss.com.py\/index\/wp-json\/wp\/v2\/product\/72907","targetHints":{"allow":["GET"]}}],"collection":[{"href":"https:\/\/brandss.com.py\/index\/wp-json\/wp\/v2\/product"}],"about":[{"href":"https:\/\/brandss.com.py\/index\/wp-json\/wp\/v2\/types\/product"}],"replies":[{"embeddable":true,"href":"https:\/\/brandss.com.py\/index\/wp-json\/wp\/v2\/comments?post=72907"}],"version-history":[{"count":1,"href":"https:\/\/brandss.com.py\/index\/wp-json\/wp\/v2\/product\/72907\/revisions"}],"predecessor-version":[{"id":72918,"href":"https:\/\/brandss.com.py\/index\/wp-json\/wp\/v2\/product\/72907\/revisions\/72918"}],"wp:featuredmedia":[{"embeddable":true,"href":"https:\/\/brandss.com.py\/index\/wp-json\/wp\/v2\/media\/72929"}],"wp:attachment":[{"href":"https:\/\/brandss.com.py\/index\/wp-json\/wp\/v2\/media?parent=72907"}],"wp:term":[{"taxonomy":"product_brand","embeddable":true,"href":"https:\/\/brandss.com.py\/index\/wp-json\/wp\/v2\/product_brand?post=72907"},{"taxonomy":"product_cat","embeddable":true,"href":"https:\/\/brandss.com.py\/index\/wp-json\/wp\/v2\/product_cat?post=72907"},{"taxonomy":"product_tag","embeddable":true,"href":"https:\/\/brandss.com.py\/index\/wp-json\/wp\/v2\/product_tag?post=72907"}],"curies":[{"name":"wp","href":"https:\/\/api.w.org\/{rel}","templated":true}]}}