{"id":72962,"date":"2025-02-24T14:52:03","date_gmt":"2025-02-24T14:52:03","guid":{"rendered":"https:\/\/brandss.com.py\/index\/?post_type=product&#038;p=72962"},"modified":"2025-02-24T14:52:38","modified_gmt":"2025-02-24T14:52:38","slug":"bermuda-deportivo-femenino-adidas-logo-play","status":"publish","type":"product","link":"https:\/\/brandss.com.py\/index\/producto\/bermuda-deportivo-femenino-adidas-logo-play\/","title":{"rendered":"BERMUDA DEPORTIVO FEMENINO ADIDAS LOGO PLAY"},"content":{"rendered":"<p><img loading=\"lazy\" decoding=\"async\" class=\"\" src=\"https:\/\/cdn.freebiesupply.com\/logos\/large\/2x\/adidas-logo.png\" alt=\"Adidas Logo PNG, Adidas Sports SVG\" width=\"105\" height=\"79\" \/><\/p>\n<h1>LOGO PLAY<\/h1>\n<h3 class=\"subtitle___9ljbp\"><span>Pantalones cortos deportivos que resaltan el ic\u00f3nico logotipo del tr\u00e9bol.<\/span><\/h3>\n<p class=\"gl-vspace\"><span>Los d\u00edas libres, las horas despu\u00e9s de la escuela o todo el glorioso fin de semana. El tiempo libre requiere un estilo relajado. Ponte estas mallas cortas de adidas y lo habr\u00e1s encontrado. El algod\u00f3n el\u00e1stico se flexiona con cada paso, cada flexi\u00f3n o movimiento de baile. A\u00f1ade unas zapatillas y una chaqueta vaquera y la comodidad informal se apoderar\u00e1 de ti. Al comprar productos de algod\u00f3n de nuestra tienda, est\u00e1s apoyando un cultivo de algod\u00f3n m\u00e1s sostenible.<\/span><\/p>\n<div class=\"accordion__header-text___2o9Im\">\n<h2 class=\"accordion-title___2sTgR\"><span>Cuidado<\/span><\/h2>\n<\/div>\n<div class=\"accordion__header-icon___2FuRa\"><\/div>\n<div class=\"accordion__content___29x9h\">\n<div class=\"content-padding___2kVWQ\">\n<div class=\"care___2GwB4\" data-auto-id=\"pdp-content-care\">\n<div class=\"care-instructions___3scEd\">\n<h4 class=\"care-title___2YJe1 gl-no-margin-bottom\">Instrucciones de lavado<\/h4>\n<ul>\n<li class=\"gl-vspace-bpall-small\"><img loading=\"lazy\" decoding=\"async\" src=\"https:\/\/www.adidas.com\/glass\/react\/075c4b4\/assets\/img\/washing-instructions\/B1.svg\" alt=\"\" width=\"24\" height=\"24\" \/>No usa blanqueador<\/li>\n<li class=\"gl-vspace-bpall-small\"><img loading=\"lazy\" decoding=\"async\" src=\"https:\/\/www.adidas.com\/glass\/react\/075c4b4\/assets\/img\/washing-instructions\/C1.svg\" alt=\"\" width=\"24\" height=\"24\" \/>No secar en secadora<\/li>\n<li class=\"gl-vspace-bpall-small\"><img loading=\"lazy\" decoding=\"async\" src=\"https:\/\/www.adidas.com\/glass\/react\/075c4b4\/assets\/img\/washing-instructions\/E1.svg\" alt=\"\" width=\"24\" height=\"24\" \/>No lavar en seco<\/li>\n<li class=\"gl-vspace-bpall-small\"><img loading=\"lazy\" decoding=\"async\" src=\"https:\/\/www.adidas.com\/glass\/react\/075c4b4\/assets\/img\/washing-instructions\/D2.svg\" alt=\"\" width=\"24\" height=\"24\" \/>Retocar con plancha fr\u00eda<\/li>\n<li class=\"gl-vspace-bpall-small\"><img loading=\"lazy\" decoding=\"async\" src=\"https:\/\/www.adidas.com\/glass\/react\/075c4b4\/assets\/img\/washing-instructions\/A3.svg\" alt=\"\" width=\"24\" height=\"24\" \/>Lavar a m\u00e1quina con agua fr\u00eda<\/li>\n<\/ul>\n<\/div>\n<div class=\"extra-instructions___2TR8b\">\n<h4 class=\"care-title___2YJe1 gl-no-margin-bottom\">Informaci\u00f3n de cuidados adicionales<\/h4>\n<ul class=\"gl-list margin___QweXS\">\n<li class=\"gl-vspace-bpall-small\">No utilice suavizante de telas.<\/li>\n<li class=\"gl-vspace-bpall-small\">Utilice \u00fanicamente detergente suave<\/li>\n<li class=\"gl-vspace-bpall-small\">Lavar con colores similares<\/li>\n<li class=\"gl-vspace-bpall-small\">No planchar la impresi\u00f3n<\/li>\n<li class=\"gl-vspace-bpall-small\">Lavar y secar del rev\u00e9s.<\/li>\n<\/ul>\n<div class=\"accordion__header-text___2o9Im\">\n<h2 class=\"accordion-title___2sTgR\"><span>Detalles<\/span><\/h2>\n<\/div>\n<div class=\"accordion__header-icon___2FuRa\"><\/div>\n<div class=\"accordion__content___29x9h\">\n<div class=\"content-padding___2kVWQ\">\n<div class=\"bullets___3bsSs\" data-auto-id=\"specifications-section\" data-testid=\"specifications-section\">\n<ul class=\"gl-list\">\n<li class=\"gl-vspace-bpall-small\"><span>Ajuste ce\u00f1ido.<\/span><\/li>\n<li class=\"gl-vspace-bpall-small\"><span>Cintura el\u00e1stica.<\/span><\/li>\n<li class=\"gl-vspace-bpall-small\"><span>Jersey sencillo 93% algod\u00f3n, 7% elastano.<\/span><\/li>\n<li class=\"gl-vspace-bpall-small\"><span>Iniciativa para un mejor algod\u00f3n.<\/span><\/li>\n<li class=\"gl-vspace-bpall-small\"><span>Importado.<\/span><\/li>\n<li class=\"gl-vspace-bpall-small\"><span>Color: Gris claro jaspeado.<\/span><\/li>\n<li class=\"gl-vspace-bpall-small\"><span>Modelo: H22753.<\/span><\/li>\n<\/ul>\n<\/div>\n<\/div>\n<\/div>\n<\/div>\n<\/div>\n<\/div>\n<\/div>\n","protected":false},"excerpt":{"rendered":"<p>LOGO PLAY Pantalones cortos deportivos que resaltan el ic\u00f3nico logotipo del tr\u00e9bol. Los d\u00edas libres, las horas despu\u00e9s de la<\/p>\n","protected":false},"featured_media":72963,"comment_status":"open","ping_status":"closed","template":"","meta":{"nf_dc_page":""},"product_brand":[],"product_cat":[73],"product_tag":[],"class_list":{"0":"post-72962","1":"product","2":"type-product","3":"status-publish","4":"has-post-thumbnail","6":"product_cat-femenino","8":"first","9":"instock","10":"shipping-taxable","11":"purchasable","12":"product-type-simple"},"_links":{"self":[{"href":"https:\/\/brandss.com.py\/index\/wp-json\/wp\/v2\/product\/72962","targetHints":{"allow":["GET"]}}],"collection":[{"href":"https:\/\/brandss.com.py\/index\/wp-json\/wp\/v2\/product"}],"about":[{"href":"https:\/\/brandss.com.py\/index\/wp-json\/wp\/v2\/types\/product"}],"replies":[{"embeddable":true,"href":"https:\/\/brandss.com.py\/index\/wp-json\/wp\/v2\/comments?post=72962"}],"version-history":[{"count":1,"href":"https:\/\/brandss.com.py\/index\/wp-json\/wp\/v2\/product\/72962\/revisions"}],"predecessor-version":[{"id":72968,"href":"https:\/\/brandss.com.py\/index\/wp-json\/wp\/v2\/product\/72962\/revisions\/72968"}],"wp:featuredmedia":[{"embeddable":true,"href":"https:\/\/brandss.com.py\/index\/wp-json\/wp\/v2\/media\/72963"}],"wp:attachment":[{"href":"https:\/\/brandss.com.py\/index\/wp-json\/wp\/v2\/media?parent=72962"}],"wp:term":[{"taxonomy":"product_brand","embeddable":true,"href":"https:\/\/brandss.com.py\/index\/wp-json\/wp\/v2\/product_brand?post=72962"},{"taxonomy":"product_cat","embeddable":true,"href":"https:\/\/brandss.com.py\/index\/wp-json\/wp\/v2\/product_cat?post=72962"},{"taxonomy":"product_tag","embeddable":true,"href":"https:\/\/brandss.com.py\/index\/wp-json\/wp\/v2\/product_tag?post=72962"}],"curies":[{"name":"wp","href":"https:\/\/api.w.org\/{rel}","templated":true}]}}