{"id":72978,"date":"2025-02-24T17:20:12","date_gmt":"2025-02-24T17:20:12","guid":{"rendered":"https:\/\/brandss.com.py\/index\/?post_type=product&#038;p=72978"},"modified":"2025-02-24T17:20:46","modified_gmt":"2025-02-24T17:20:46","slug":"chaqueta-deportivo-femenino-adidas-adicolor-shattered","status":"publish","type":"product","link":"https:\/\/brandss.com.py\/index\/producto\/chaqueta-deportivo-femenino-adidas-adicolor-shattered\/","title":{"rendered":"CHAQUETA DEPORTIVO FEMENINO ADIDAS ADICOLOR SHATTERED"},"content":{"rendered":"<p><img loading=\"lazy\" decoding=\"async\" class=\"\" src=\"https:\/\/cdn.freebiesupply.com\/logos\/large\/2x\/adidas-logo.png\" alt=\"Adidas Logo PNG, Adidas Sports SVG\" width=\"127\" height=\"95\" \/><\/p>\n<h1>ADICOLOR SHATTERED<\/h1>\n<h3 class=\"subtitle___9ljbp\"><span>Una versi\u00f3n moderna de la ic\u00f3nica camiseta de deporte.<\/span><\/h3>\n<p class=\"gl-vspace\"><span>Todo es cuesti\u00f3n de perspectiva. El tr\u00e9bol representa la creatividad, sin importar c\u00f3mo lo cortes o lo destroces. Ll\u00e9valo con esta chaqueta deportiva de adidas y representa tu propia voz aut\u00e9ntica. Su tejido ligero la convierte en una capa superior f\u00e1cil de usar. Ponte la cremallera y baila a tu propio ritmo. Este producto est\u00e1 fabricado con Primegreen, una serie de materiales reciclados de alto rendimiento.<\/span><\/p>\n<div class=\"accordion__header-text___2o9Im\">\n<h2 class=\"accordion-title___2sTgR\"><span>Cuidado<\/span><\/h2>\n<\/div>\n<div class=\"accordion__header-icon___2FuRa\"><\/div>\n<div class=\"accordion__content___29x9h\">\n<div class=\"content-padding___2kVWQ\">\n<div class=\"care___2GwB4\" data-auto-id=\"pdp-content-care\">\n<div class=\"care-instructions___3scEd\">\n<h4 class=\"care-title___2YJe1 gl-no-margin-bottom\">Instrucciones de lavado<\/h4>\n<ul>\n<li class=\"gl-vspace-bpall-small\"><img loading=\"lazy\" decoding=\"async\" src=\"https:\/\/www.adidas.com.ph\/glass\/react\/0ca7856\/assets\/img\/washing-instructions\/B1.svg\" alt=\"\" width=\"24\" height=\"24\" \/>No usa blanqueador<\/li>\n<li class=\"gl-vspace-bpall-small\"><img loading=\"lazy\" decoding=\"async\" src=\"https:\/\/www.adidas.com.ph\/glass\/react\/0ca7856\/assets\/img\/washing-instructions\/C2.svg\" alt=\"\" width=\"24\" height=\"24\" \/>Secar en secadora a temperatura baja<\/li>\n<li class=\"gl-vspace-bpall-small\"><img loading=\"lazy\" decoding=\"async\" src=\"https:\/\/www.adidas.com.ph\/glass\/react\/0ca7856\/assets\/img\/washing-instructions\/E1.svg\" alt=\"\" width=\"24\" height=\"24\" \/>No lavar en seco<\/li>\n<li class=\"gl-vspace-bpall-small\"><img loading=\"lazy\" decoding=\"async\" src=\"https:\/\/www.adidas.com.ph\/glass\/react\/0ca7856\/assets\/img\/washing-instructions\/D2.svg\" alt=\"\" width=\"24\" height=\"24\" \/>Retocar con plancha fr\u00eda<\/li>\n<li class=\"gl-vspace-bpall-small\"><img loading=\"lazy\" decoding=\"async\" src=\"https:\/\/www.adidas.com.ph\/glass\/react\/0ca7856\/assets\/img\/washing-instructions\/A4.svg\" alt=\"\" width=\"24\" height=\"24\" \/>Lavar a m\u00e1quina en ciclo delicado con agua fr\u00eda.<\/li>\n<\/ul>\n<\/div>\n<div class=\"extra-instructions___2TR8b\">\n<h4 class=\"care-title___2YJe1 gl-no-margin-bottom\">Informaci\u00f3n de cuidados adicionales<\/h4>\n<ul class=\"gl-list margin___QweXS\">\n<li class=\"gl-vspace-bpall-small\">No utilice suavizante de telas.<\/li>\n<li class=\"gl-vspace-bpall-small\">Utilice \u00fanicamente detergente suave<\/li>\n<li class=\"gl-vspace-bpall-small\">Lavar con los cierres cerrados<\/li>\n<li class=\"gl-vspace-bpall-small\">Lavar del rev\u00e9s con colores similares.<\/li>\n<li class=\"gl-vspace-bpall-small\">No planchar el motivo<\/li>\n<\/ul>\n<div class=\"accordion__header-text___2o9Im\">\n<h2 class=\"accordion-title___2sTgR\">Caracter\u00edsticas<\/h2>\n<\/div>\n<div class=\"accordion__header-icon___2FuRa\"><\/div>\n<div class=\"accordion__content___29x9h\">\n<div class=\"content-padding___2kVWQ\">\n<div class=\"features-section___1pumR\">\n<div class=\"item___1X-1_\"><img loading=\"lazy\" decoding=\"async\" class=\"img_with_fallback___2aHBu feature-icon___3S9eQ\" src=\"https:\/\/brand.assets.adidas.com\/image\/upload\/regular_fit_fff0efe4ea.png\" alt=\"\" width=\"200\" height=\"200\" data-auto-id=\"image\" \/><\/p>\n<p class=\"feature-icon-text___3Owgv\">Ajuste regular<\/p>\n<\/div>\n<div class=\"item___1X-1_\"><img loading=\"lazy\" decoding=\"async\" class=\"img_with_fallback___2aHBu feature-icon___3S9eQ\" src=\"https:\/\/brand.assets.adidas.com\/image\/upload\/activity_everyday_d1c6a09b6a.png\" alt=\"\" width=\"200\" height=\"200\" data-auto-id=\"image\" \/><\/p>\n<p class=\"feature-icon-text___3Owgv\">Actividad cotidiana<\/p>\n<h2 class=\"accordion-title___2sTgR\">Detalles<\/h2>\n<\/div>\n<\/div>\n<div>\n<div class=\"bullets___3bsSs\" data-auto-id=\"specifications-section\" data-testid=\"specifications-section\">\n<ul class=\"gl-list\">\n<li class=\"gl-vspace-bpall-small\">Ajuste regular.<\/li>\n<li class=\"gl-vspace-bpall-small\">Cremallera completa con cuello alto.<\/li>\n<li class=\"gl-vspace-bpall-small\">Exterior: tejido liso 100 % nailon reciclado.<\/li>\n<li class=\"gl-vspace-bpall-small\">Forro: malla 100% poli\u00e9ster reciclado.<\/li>\n<li class=\"gl-vspace-bpall-small\">Bolsillos laterales.<\/li>\n<li class=\"gl-vspace-bpall-small\">Pu\u00f1os y dobladillo el\u00e1sticos.<\/li>\n<li class=\"gl-vspace-bpall-small\">Tejido liso.<\/li>\n<li class=\"gl-vspace-bpall-small\">Verde primario.<\/li>\n<li class=\"gl-vspace-bpall-small\">Color: Negro.<\/li>\n<li class=\"gl-vspace-bpall-small\">Modelo: H22866.<\/li>\n<\/ul>\n<\/div>\n<\/div>\n<\/div>\n<\/div>\n<\/div>\n<\/div>\n<\/div>\n<\/div>\n","protected":false},"excerpt":{"rendered":"<p>ADICOLOR SHATTERED Una versi\u00f3n moderna de la ic\u00f3nica camiseta de deporte. Todo es cuesti\u00f3n de perspectiva. El tr\u00e9bol representa la<\/p>\n","protected":false},"featured_media":72979,"comment_status":"open","ping_status":"closed","template":"","meta":{"nf_dc_page":""},"product_brand":[],"product_cat":[73],"product_tag":[],"class_list":{"0":"post-72978","1":"product","2":"type-product","3":"status-publish","4":"has-post-thumbnail","6":"product_cat-femenino","8":"first","9":"instock","10":"shipping-taxable","11":"purchasable","12":"product-type-simple"},"_links":{"self":[{"href":"https:\/\/brandss.com.py\/index\/wp-json\/wp\/v2\/product\/72978","targetHints":{"allow":["GET"]}}],"collection":[{"href":"https:\/\/brandss.com.py\/index\/wp-json\/wp\/v2\/product"}],"about":[{"href":"https:\/\/brandss.com.py\/index\/wp-json\/wp\/v2\/types\/product"}],"replies":[{"embeddable":true,"href":"https:\/\/brandss.com.py\/index\/wp-json\/wp\/v2\/comments?post=72978"}],"version-history":[{"count":1,"href":"https:\/\/brandss.com.py\/index\/wp-json\/wp\/v2\/product\/72978\/revisions"}],"predecessor-version":[{"id":72985,"href":"https:\/\/brandss.com.py\/index\/wp-json\/wp\/v2\/product\/72978\/revisions\/72985"}],"wp:featuredmedia":[{"embeddable":true,"href":"https:\/\/brandss.com.py\/index\/wp-json\/wp\/v2\/media\/72979"}],"wp:attachment":[{"href":"https:\/\/brandss.com.py\/index\/wp-json\/wp\/v2\/media?parent=72978"}],"wp:term":[{"taxonomy":"product_brand","embeddable":true,"href":"https:\/\/brandss.com.py\/index\/wp-json\/wp\/v2\/product_brand?post=72978"},{"taxonomy":"product_cat","embeddable":true,"href":"https:\/\/brandss.com.py\/index\/wp-json\/wp\/v2\/product_cat?post=72978"},{"taxonomy":"product_tag","embeddable":true,"href":"https:\/\/brandss.com.py\/index\/wp-json\/wp\/v2\/product_tag?post=72978"}],"curies":[{"name":"wp","href":"https:\/\/api.w.org\/{rel}","templated":true}]}}