{"id":72994,"date":"2025-02-24T17:55:20","date_gmt":"2025-02-24T17:55:20","guid":{"rendered":"https:\/\/brandss.com.py\/index\/?post_type=product&#038;p=72994"},"modified":"2025-02-24T17:56:38","modified_gmt":"2025-02-24T17:56:38","slug":"sujetador-deportivo-femenino-adidas-mesh-bra","status":"publish","type":"product","link":"https:\/\/brandss.com.py\/index\/producto\/sujetador-deportivo-femenino-adidas-mesh-bra\/","title":{"rendered":"SUJETADOR DEPORTIVO FEMENINO ADIDAS MESH BRA"},"content":{"rendered":"<p><img loading=\"lazy\" decoding=\"async\" class=\"\" src=\"https:\/\/cdn.freebiesupply.com\/logos\/large\/2x\/adidas-logo.png\" alt=\"Adidas Logo PNG, Adidas Sports SVG\" width=\"99\" height=\"74\" \/><\/p>\n<h1>MESH BRA<\/h1>\n<h3 class=\"subtitle___9ljbp\"><span>Un sujetador de compresi\u00f3n de soporte medio con espalda de malla.<\/span><\/h3>\n<p class=\"gl-vspace\"><span>Ya sea que est\u00e9s en el gimnasio o en la pista de carreras, este sujetador de compresi\u00f3n adidas con soporte medio te ayuda a mantener todo en su lugar para que puedas concentrarte en la tarea que tienes entre manos. El tejido AEROREADY que absorbe la humedad te mantiene seca y la espalda de malla proporciona ventilaci\u00f3n adicional. El dise\u00f1o tipo pul\u00f3ver tiene tirantes en forma de X y un escote redondo para permitir un movimiento sin restricciones.<\/span><\/p>\n<div class=\"accordion__header-text___2o9Im\">\n<h2 class=\"accordion-title___2sTgR\"><span>Cuidado<\/span><\/h2>\n<\/div>\n<div class=\"accordion__header-icon___2FuRa\"><\/div>\n<div class=\"accordion__content___29x9h\">\n<div class=\"content-padding___2kVWQ\">\n<div class=\"care___2GwB4\" data-auto-id=\"pdp-content-care\">\n<div class=\"care-instructions___3scEd\">\n<h4 class=\"care-title___2YJe1 gl-no-margin-bottom\">Instrucciones de lavado<\/h4>\n<ul>\n<li class=\"gl-vspace-bpall-small\"><img loading=\"lazy\" decoding=\"async\" src=\"https:\/\/www.adidas.com.ph\/glass\/react\/0ca7856\/assets\/img\/washing-instructions\/B1.svg\" alt=\"\" width=\"24\" height=\"24\" \/>No usa blanqueador<\/li>\n<li class=\"gl-vspace-bpall-small\"><img loading=\"lazy\" decoding=\"async\" src=\"https:\/\/www.adidas.com.ph\/glass\/react\/0ca7856\/assets\/img\/washing-instructions\/C1.svg\" alt=\"\" width=\"24\" height=\"24\" \/>No secar en secadora<\/li>\n<li class=\"gl-vspace-bpall-small\"><img loading=\"lazy\" decoding=\"async\" src=\"https:\/\/www.adidas.com.ph\/glass\/react\/0ca7856\/assets\/img\/washing-instructions\/E1.svg\" alt=\"\" width=\"24\" height=\"24\" \/>No lavar en seco<\/li>\n<li class=\"gl-vspace-bpall-small\"><img loading=\"lazy\" decoding=\"async\" src=\"https:\/\/www.adidas.com.ph\/glass\/react\/0ca7856\/assets\/img\/washing-instructions\/D1.svg\" alt=\"\" width=\"24\" height=\"24\" \/>No planchar<\/li>\n<li class=\"gl-vspace-bpall-small\"><img loading=\"lazy\" decoding=\"async\" src=\"https:\/\/www.adidas.com.ph\/glass\/react\/0ca7856\/assets\/img\/washing-instructions\/A4.svg\" alt=\"\" width=\"24\" height=\"24\" \/>Lavar a m\u00e1quina en ciclo delicado con agua fr\u00eda.<\/li>\n<\/ul>\n<\/div>\n<div class=\"extra-instructions___2TR8b\">\n<h4 class=\"care-title___2YJe1 gl-no-margin-bottom\">Informaci\u00f3n de cuidados adicionales<\/h4>\n<ul class=\"gl-list margin___QweXS\">\n<li class=\"gl-vspace-bpall-small\">No utilice suavizante de telas.<\/li>\n<li class=\"gl-vspace-bpall-small\">Utilice \u00fanicamente detergente suave<\/li>\n<li class=\"gl-vspace-bpall-small\">Lavar por separado<\/li>\n<\/ul>\n<div class=\"accordion__header-text___2o9Im\">\n<h2 class=\"accordion-title___2sTgR\">Caracter\u00edsticas<\/h2>\n<\/div>\n<div class=\"accordion__header-icon___2FuRa\"><\/div>\n<div class=\"accordion__content___29x9h\">\n<div class=\"content-padding___2kVWQ\">\n<div class=\"features-section___1pumR\">\n<div class=\"item___1X-1_\"><img decoding=\"async\" class=\"img_with_fallback___2aHBu feature-icon___3S9eQ\" src=\"https:\/\/brand.assets.adidas.com\/image\/upload\/support_medium_36d9aa7bf3.jpg\" alt=\"\" data-auto-id=\"image\" \/><\/p>\n<p class=\"feature-icon-text___3Owgv\">Soporte medio<\/p>\n<p class=\"feature-icon-summary-small___31Rc0\">Soporte medio<\/p>\n<\/div>\n<div class=\"item___1X-1_\"><img decoding=\"async\" class=\"img_with_fallback___2aHBu feature-icon___3S9eQ\" src=\"https:\/\/brand.assets.adidas.com\/image\/upload\/straps_non_detachable_e84b4539d9.jpg\" alt=\"\" data-auto-id=\"image\" \/><\/p>\n<p class=\"feature-icon-text___3Owgv\">Correas no desmontables<\/p>\n<p class=\"feature-icon-summary-small___31Rc0\">Correas no desmontables<\/p>\n<\/div>\n<div class=\"item___1X-1_\"><img decoding=\"async\" class=\"img_with_fallback___2aHBu feature-icon___3S9eQ\" src=\"https:\/\/brand.assets.adidas.com\/image\/upload\/padding_removable_cf1ca6b7b1.jpg\" alt=\"\" data-auto-id=\"image\" \/><\/p>\n<p class=\"feature-icon-text___3Owgv\">Acolchado extra\u00edble<\/p>\n<p class=\"feature-icon-summary-small___31Rc0\">Acolchado extra\u00edble<\/p>\n<h2 class=\"accordion-title___2sTgR\">Detalles<\/h2>\n<\/div>\n<\/div>\n<div>\n<div class=\"bullets___3bsSs\" data-auto-id=\"specifications-section\" data-testid=\"specifications-section\">\n<ul class=\"gl-list\">\n<li class=\"gl-vspace-bpall-small\">Ajuste de compresi\u00f3n.<\/li>\n<li class=\"gl-vspace-bpall-small\">Construcci\u00f3n de jersey con cuello redondo.<\/li>\n<li class=\"gl-vspace-bpall-small\">AEROREADY 70 % poli\u00e9ster reciclado, 19 % poli\u00e9ster, 11 % elastano interlock.<\/li>\n<li class=\"gl-vspace-bpall-small\">Dobladillo el\u00e1stico superpuesto.<\/li>\n<li class=\"gl-vspace-bpall-small\">X-espalda.<\/li>\n<li class=\"gl-vspace-bpall-small\">Panel trasero de malla.<\/li>\n<li class=\"gl-vspace-bpall-small\">Entrelazar.<\/li>\n<li class=\"gl-vspace-bpall-small\">Color: Pink.<\/li>\n<li class=\"gl-vspace-bpall-small\">Modelo: H23447.<\/li>\n<\/ul>\n<\/div>\n<\/div>\n<\/div>\n<\/div>\n<\/div>\n<\/div>\n<\/div>\n<\/div>\n","protected":false},"excerpt":{"rendered":"<p>MESH BRA Un sujetador de compresi\u00f3n de soporte medio con espalda de malla. Ya sea que est\u00e9s en el gimnasio<\/p>\n","protected":false},"featured_media":72995,"comment_status":"open","ping_status":"closed","template":"","meta":{"nf_dc_page":""},"product_brand":[],"product_cat":[73],"product_tag":[],"class_list":{"0":"post-72994","1":"product","2":"type-product","3":"status-publish","4":"has-post-thumbnail","6":"product_cat-femenino","8":"first","9":"instock","10":"shipping-taxable","11":"purchasable","12":"product-type-simple"},"_links":{"self":[{"href":"https:\/\/brandss.com.py\/index\/wp-json\/wp\/v2\/product\/72994","targetHints":{"allow":["GET"]}}],"collection":[{"href":"https:\/\/brandss.com.py\/index\/wp-json\/wp\/v2\/product"}],"about":[{"href":"https:\/\/brandss.com.py\/index\/wp-json\/wp\/v2\/types\/product"}],"replies":[{"embeddable":true,"href":"https:\/\/brandss.com.py\/index\/wp-json\/wp\/v2\/comments?post=72994"}],"version-history":[{"count":1,"href":"https:\/\/brandss.com.py\/index\/wp-json\/wp\/v2\/product\/72994\/revisions"}],"predecessor-version":[{"id":73001,"href":"https:\/\/brandss.com.py\/index\/wp-json\/wp\/v2\/product\/72994\/revisions\/73001"}],"wp:featuredmedia":[{"embeddable":true,"href":"https:\/\/brandss.com.py\/index\/wp-json\/wp\/v2\/media\/72995"}],"wp:attachment":[{"href":"https:\/\/brandss.com.py\/index\/wp-json\/wp\/v2\/media?parent=72994"}],"wp:term":[{"taxonomy":"product_brand","embeddable":true,"href":"https:\/\/brandss.com.py\/index\/wp-json\/wp\/v2\/product_brand?post=72994"},{"taxonomy":"product_cat","embeddable":true,"href":"https:\/\/brandss.com.py\/index\/wp-json\/wp\/v2\/product_cat?post=72994"},{"taxonomy":"product_tag","embeddable":true,"href":"https:\/\/brandss.com.py\/index\/wp-json\/wp\/v2\/product_tag?post=72994"}],"curies":[{"name":"wp","href":"https:\/\/api.w.org\/{rel}","templated":true}]}}