{"id":73024,"date":"2025-02-25T12:38:42","date_gmt":"2025-02-25T12:38:42","guid":{"rendered":"https:\/\/brandss.com.py\/index\/?post_type=product&#038;p=73024"},"modified":"2025-07-14T10:13:07","modified_gmt":"2025-07-14T10:13:07","slug":"camiseta-casual-masculino-diadora-t-shirt-ss-two-t","status":"publish","type":"product","link":"https:\/\/brandss.com.py\/index\/producto\/camiseta-casual-masculino-diadora-t-shirt-ss-two-t\/","title":{"rendered":"CAMISETA CASUAL MASCULINO DIADORA T-SHIRT-SS-TWO-T"},"content":{"rendered":"<p><img loading=\"lazy\" decoding=\"async\" class=\"\" src=\"https:\/\/cdn.worldvectorlogo.com\/logos\/diadora-2.svg\" alt=\"Diadora Logotipo Vector - Descarga Gratis SVG | Worldvectorlogo\" width=\"217\" height=\"217\" \/><\/p>\n<h1>102.180402-60062<\/h1>\n<p data-start=\"93\" data-end=\"473\">Es la elecci\u00f3n perfecta para quienes buscan un estilo casual con un toque deportivo. Dise\u00f1ada para brindar comodidad y versatilidad, es ideal tanto para el d\u00eda a d\u00eda como para entrenamientos ligeros o actividades al aire libre. Su dise\u00f1o moderno y llamativo, con el logo <strong data-start=\"393\" data-end=\"421\">&#8220;Diadora Athletic Dept.&#8221;<\/strong> en el pecho, le da un toque aut\u00e9ntico y din\u00e1mico.<\/p>\n<h3 data-start=\"475\" data-end=\"501\"><strong data-start=\"479\" data-end=\"499\">Caracter\u00edsticas:<\/strong><\/h3>\n<p data-start=\"502\" data-end=\"1014\">\u2714 <strong data-start=\"504\" data-end=\"523\">Dise\u00f1o ic\u00f3nico:<\/strong> La camiseta presenta un gr\u00e1fico llamativo en el pecho con el logo de <strong data-start=\"593\" data-end=\"604\">Diadora<\/strong>, aportando un estilo deportivo y actual.<br data-start=\"645\" data-end=\"648\" \/>\u2714 <strong data-start=\"650\" data-end=\"677\">Corte cl\u00e1sico y c\u00f3modo:<\/strong> Su ajuste regular permite libertad de movimiento y un look relajado sin perder estilo.<br data-start=\"764\" data-end=\"767\" \/>\u2714 <strong data-start=\"769\" data-end=\"793\">Tejido transpirable:<\/strong> Fabricada con materiales de alta calidad que garantizan frescura y confort durante todo el d\u00eda.<br data-start=\"889\" data-end=\"892\" \/>\u2714 <strong data-start=\"894\" data-end=\"911\">Versatilidad:<\/strong> Ideal para combinar con jeans, joggers o shorts, adapt\u00e1ndose a cualquier ocasi\u00f3n casual o deportiva.<\/p>\n<h3 data-start=\"1016\" data-end=\"1044\"><strong data-start=\"1020\" data-end=\"1042\">Detalles T\u00e9cnicos:<\/strong><\/h3>\n<p data-start=\"1045\" data-end=\"1394\">\u2705 <strong data-start=\"1047\" data-end=\"1060\">Material:<\/strong> 100% algod\u00f3n para una sensaci\u00f3n suave y agradable al tacto.<br data-start=\"1120\" data-end=\"1123\" \/>\u2705 <strong data-start=\"1125\" data-end=\"1135\">Color:<\/strong> Azul marino con detalles en amarillo y blanco, que resaltan el dise\u00f1o gr\u00e1fico.<br data-start=\"1214\" data-end=\"1217\" \/>\u2705 <strong data-start=\"1219\" data-end=\"1254\">Cuello redondo y mangas cortas:<\/strong> Cl\u00e1sico y funcional para mayor comodidad.<br data-start=\"1296\" data-end=\"1299\" \/>\u2705 <strong data-start=\"1301\" data-end=\"1317\">Durabilidad:<\/strong> Costuras reforzadas que garantizan una mayor resistencia al uso frecuente.<\/p>\n<p data-start=\"1396\" data-end=\"1572\">Esta camiseta es perfecta para los amantes del estilo urbano y deportivo, ofreciendo un equilibrio entre moda y funcionalidad. <strong data-start=\"1523\" data-end=\"1570\">\u00a1Ll\u00e9vala y marca la diferencia con Diadora!<\/strong><\/p>\n","protected":false},"excerpt":{"rendered":"<p>102.180402-60062 Es la elecci\u00f3n perfecta para quienes buscan un estilo casual con un toque deportivo. Dise\u00f1ada para brindar comodidad y<\/p>\n","protected":false},"featured_media":73026,"comment_status":"open","ping_status":"closed","template":"","meta":{"nf_dc_page":""},"product_brand":[],"product_cat":[76],"product_tag":[],"class_list":{"0":"post-73024","1":"product","2":"type-product","3":"status-publish","4":"has-post-thumbnail","6":"product_cat-masculino","8":"first","9":"instock","10":"shipping-taxable","11":"purchasable","12":"product-type-simple"},"_links":{"self":[{"href":"https:\/\/brandss.com.py\/index\/wp-json\/wp\/v2\/product\/73024","targetHints":{"allow":["GET"]}}],"collection":[{"href":"https:\/\/brandss.com.py\/index\/wp-json\/wp\/v2\/product"}],"about":[{"href":"https:\/\/brandss.com.py\/index\/wp-json\/wp\/v2\/types\/product"}],"replies":[{"embeddable":true,"href":"https:\/\/brandss.com.py\/index\/wp-json\/wp\/v2\/comments?post=73024"}],"version-history":[{"count":1,"href":"https:\/\/brandss.com.py\/index\/wp-json\/wp\/v2\/product\/73024\/revisions"}],"predecessor-version":[{"id":73027,"href":"https:\/\/brandss.com.py\/index\/wp-json\/wp\/v2\/product\/73024\/revisions\/73027"}],"wp:featuredmedia":[{"embeddable":true,"href":"https:\/\/brandss.com.py\/index\/wp-json\/wp\/v2\/media\/73026"}],"wp:attachment":[{"href":"https:\/\/brandss.com.py\/index\/wp-json\/wp\/v2\/media?parent=73024"}],"wp:term":[{"taxonomy":"product_brand","embeddable":true,"href":"https:\/\/brandss.com.py\/index\/wp-json\/wp\/v2\/product_brand?post=73024"},{"taxonomy":"product_cat","embeddable":true,"href":"https:\/\/brandss.com.py\/index\/wp-json\/wp\/v2\/product_cat?post=73024"},{"taxonomy":"product_tag","embeddable":true,"href":"https:\/\/brandss.com.py\/index\/wp-json\/wp\/v2\/product_tag?post=73024"}],"curies":[{"name":"wp","href":"https:\/\/api.w.org\/{rel}","templated":true}]}}