{"id":73065,"date":"2025-02-25T16:49:52","date_gmt":"2025-02-25T16:49:52","guid":{"rendered":"https:\/\/brandss.com.py\/index\/?post_type=product&#038;p=73065"},"modified":"2025-02-25T16:50:20","modified_gmt":"2025-02-25T16:50:20","slug":"camiseta-casual-masculino-diadora-t-shirt-ss-two-t-2","status":"publish","type":"product","link":"https:\/\/brandss.com.py\/index\/producto\/camiseta-casual-masculino-diadora-t-shirt-ss-two-t-2\/","title":{"rendered":"CAMISETA CASUAL MASCULINO DIADORA T-SHIRT-SS-TWO-T"},"content":{"rendered":"<p><img loading=\"lazy\" decoding=\"async\" class=\"\" src=\"https:\/\/cdn.worldvectorlogo.com\/logos\/diadora-2.svg\" alt=\"Diadora Logotipo Vector - Descarga Gratis SVG | Worldvectorlogo\" width=\"317\" height=\"317\" \/><\/p>\n<h1>102.18042-60147<\/h1>\n<p data-start=\"72\" data-end=\"363\">Es una prenda esencial para quienes buscan comodidad y estilo en su d\u00eda a d\u00eda. Con un dise\u00f1o limpio y minimalista, esta camiseta destaca por su versatilidad, siendo perfecta para combinar con diferentes atuendos, ya sea en un look deportivo o casual.<\/p>\n<p data-start=\"365\" data-end=\"693\">El detalle distintivo de esta camiseta es el <strong data-start=\"410\" data-end=\"441\">logo de Diadora en el pecho<\/strong>, en un tono blanco que contrasta elegantemente con el fondo azul vibrante, otorg\u00e1ndole un aire moderno y sofisticado. Su confecci\u00f3n en <strong data-start=\"577\" data-end=\"604\">algod\u00f3n de alta calidad<\/strong> proporciona una sensaci\u00f3n suave y transpirable, ideal para cualquier estaci\u00f3n del a\u00f1o.<\/p>\n<h3 data-start=\"695\" data-end=\"733\"><strong data-start=\"699\" data-end=\"731\">Caracter\u00edsticas principales:<\/strong><\/h3>\n<p data-start=\"734\" data-end=\"1086\">\u2714 <strong data-start=\"736\" data-end=\"768\">Dise\u00f1o minimalista y moderno<\/strong>, con el ic\u00f3nico logo de Diadora en el lado izquierdo del pecho.<br data-start=\"832\" data-end=\"835\" \/>\u2714 <strong data-start=\"837\" data-end=\"871\">Cuello redondo y mangas cortas<\/strong>, brindando un ajuste cl\u00e1sico y c\u00f3modo.<br data-start=\"910\" data-end=\"913\" \/>\u2714 <strong data-start=\"915\" data-end=\"946\">Tejido suave y transpirable<\/strong>, perfecto para un uso prolongado sin perder comodidad.<br data-start=\"1001\" data-end=\"1004\" \/>\u2714 <strong data-start=\"1006\" data-end=\"1029\">Color azul vibrante<\/strong>, f\u00e1cil de combinar con diferentes estilos y ocasiones.<\/p>\n<h3 data-start=\"1088\" data-end=\"1116\"><strong data-start=\"1092\" data-end=\"1114\">Detalles t\u00e9cnicos:<\/strong><\/h3>\n<p data-start=\"1117\" data-end=\"1394\">\u2705 <strong data-start=\"1119\" data-end=\"1135\">Composici\u00f3n:<\/strong> 100% algod\u00f3n para una mayor suavidad y resistencia.<br data-start=\"1187\" data-end=\"1190\" \/>\u2705 <strong data-start=\"1192\" data-end=\"1203\">Ajuste:<\/strong> Regular fit, proporcionando un equilibrio entre comodidad y estilo.<br data-start=\"1271\" data-end=\"1274\" \/>\u2705 <strong data-start=\"1276\" data-end=\"1286\">Color:<\/strong> Azul con logo blanco.<br data-start=\"1308\" data-end=\"1311\" \/>\u2705 <strong data-start=\"1313\" data-end=\"1328\">Ideal para:<\/strong> Uso diario, entrenamientos ligeros o un look casual y relajado.<\/p>\n<p data-start=\"1396\" data-end=\"1542\">Con esta camiseta, Diadora reafirma su compromiso con la calidad y el dise\u00f1o atemporal, ofreciendo una prenda que se adapta a cualquier ocasi\u00f3n.<\/p>\n<p data-start=\"1544\" data-end=\"1633\">\u00a1A\u00f1\u00e1dela a tu guardarropa y disfruta de la combinaci\u00f3n perfecta entre confort y estilo!<\/p>\n<p>&nbsp;<\/p>\n","protected":false},"excerpt":{"rendered":"<p>102.18042-60147 Es una prenda esencial para quienes buscan comodidad y estilo en su d\u00eda a d\u00eda. Con un dise\u00f1o limpio<\/p>\n","protected":false},"featured_media":73066,"comment_status":"open","ping_status":"closed","template":"","meta":{"nf_dc_page":""},"product_brand":[],"product_cat":[76],"product_tag":[],"class_list":{"0":"post-73065","1":"product","2":"type-product","3":"status-publish","4":"has-post-thumbnail","6":"product_cat-masculino","8":"first","9":"instock","10":"shipping-taxable","11":"purchasable","12":"product-type-simple"},"_links":{"self":[{"href":"https:\/\/brandss.com.py\/index\/wp-json\/wp\/v2\/product\/73065","targetHints":{"allow":["GET"]}}],"collection":[{"href":"https:\/\/brandss.com.py\/index\/wp-json\/wp\/v2\/product"}],"about":[{"href":"https:\/\/brandss.com.py\/index\/wp-json\/wp\/v2\/types\/product"}],"replies":[{"embeddable":true,"href":"https:\/\/brandss.com.py\/index\/wp-json\/wp\/v2\/comments?post=73065"}],"version-history":[{"count":1,"href":"https:\/\/brandss.com.py\/index\/wp-json\/wp\/v2\/product\/73065\/revisions"}],"predecessor-version":[{"id":73067,"href":"https:\/\/brandss.com.py\/index\/wp-json\/wp\/v2\/product\/73065\/revisions\/73067"}],"wp:featuredmedia":[{"embeddable":true,"href":"https:\/\/brandss.com.py\/index\/wp-json\/wp\/v2\/media\/73066"}],"wp:attachment":[{"href":"https:\/\/brandss.com.py\/index\/wp-json\/wp\/v2\/media?parent=73065"}],"wp:term":[{"taxonomy":"product_brand","embeddable":true,"href":"https:\/\/brandss.com.py\/index\/wp-json\/wp\/v2\/product_brand?post=73065"},{"taxonomy":"product_cat","embeddable":true,"href":"https:\/\/brandss.com.py\/index\/wp-json\/wp\/v2\/product_cat?post=73065"},{"taxonomy":"product_tag","embeddable":true,"href":"https:\/\/brandss.com.py\/index\/wp-json\/wp\/v2\/product_tag?post=73065"}],"curies":[{"name":"wp","href":"https:\/\/api.w.org\/{rel}","templated":true}]}}