{"id":73068,"date":"2025-02-25T17:12:36","date_gmt":"2025-02-25T17:12:36","guid":{"rendered":"https:\/\/brandss.com.py\/index\/?post_type=product&#038;p=73068"},"modified":"2025-02-25T17:13:14","modified_gmt":"2025-02-25T17:13:14","slug":"banador-femenino-fila-tri-logo-ii","status":"publish","type":"product","link":"https:\/\/brandss.com.py\/index\/producto\/banador-femenino-fila-tri-logo-ii\/","title":{"rendered":"BA\u00d1ADOR FEMENINO FILA TRI LOGO II"},"content":{"rendered":"<p><img loading=\"lazy\" decoding=\"async\" class=\"\" src=\"https:\/\/1000marcas.net\/wp-content\/uploads\/2019\/12\/logo-Fila.png\" alt=\"Logo de Fila: la historia y el significado del logotipo, la marca y el  s\u00edmbolo. | png, vector\" width=\"77\" height=\"43\" \/><\/p>\n<h1>TRI LOGO II<\/h1>\n<div>Es la pieza ideal para aprovechar al m\u00e1ximo tu tiempo en la playa y la piscina. El dise\u00f1o b\u00e1sico en colores discretos hace que la pieza sea m\u00e1s vers\u00e1til, adem\u00e1s de garantizar mucha comodidad y estilo. El modelo est\u00e1 elaborado en malla de poliamida y cuenta con un forro interno, que evita transparencias y ofrece m\u00e1s seguridad. Cuenta con un estilo racerback que garantiza mayor comodidad y libertad de movimiento. La tela del traje de ba\u00f1o cuenta con tecnolog\u00eda XTRA LIFE, un hilo de elastano con mayor resistencia al cloro, que brinda mayor durabilidad al producto. Tambi\u00e9n cuenta con tecnolog\u00eda Flow, que elimina r\u00e1pidamente el sudor y mantiene el cuerpo a la temperatura ideal para practicar deporte, adem\u00e1s de FPS 50, protegiendo tu piel del sol.<\/div>\n<div>Disfruta El color del producto en las fotos puede cambiar debido al uso del flash o la configuraci\u00f3n de tu monitor.<\/div>\n<div><\/div>\n<h3>Caracter\u00edsticas<\/h3>\n<div><\/div>\n<div>Apto para: deporte, playa<\/div>\n<div>Composici\u00f3n: Cuerpo: 85% Poliamida, 15% Elastano &#8211; Forro: 90% Poliamida, 10% Elastano.<\/div>\n<div>Tipo de tejido: Malla<\/div>\n<div>Cuello: en U<\/div>\n<div>Tecnolog\u00eda: XTRA LIFE, Flow, Diferencial FPS 50 mayor resistencia al cloro<\/div>\n<div class=\"flex flex-col gap-1\"><span class=\"text-[#19191a] text-xs font-bold\"><span>Color: <\/span><\/span><span class=\"text-[#19191a] text-xs\"><span>Violeta<\/span><\/span><\/div>\n<div class=\"flex flex-col gap-1\"><span class=\"text-[#19191a] text-xs font-bold\"><span>G\u00e9nero: <\/span><\/span><span class=\"text-[#19191a] text-xs\"><span>Femenino<\/span><\/span><\/div>\n<div class=\"flex flex-col gap-1\"><span class=\"text-[#19191a] text-xs font-bold\"><span>Modelo: <\/span><\/span><span class=\"text-[#aaa] text-sm\"><span>SM320037_740<\/span><\/span><\/div>\n","protected":false},"excerpt":{"rendered":"<p>TRI LOGO II Es la pieza ideal para aprovechar al m\u00e1ximo tu tiempo en la playa y la piscina. El<\/p>\n","protected":false},"featured_media":73070,"comment_status":"open","ping_status":"closed","template":"","meta":{"nf_dc_page":""},"product_brand":[],"product_cat":[73],"product_tag":[],"class_list":{"0":"post-73068","1":"product","2":"type-product","3":"status-publish","4":"has-post-thumbnail","6":"product_cat-femenino","8":"first","9":"instock","10":"shipping-taxable","11":"purchasable","12":"product-type-simple"},"_links":{"self":[{"href":"https:\/\/brandss.com.py\/index\/wp-json\/wp\/v2\/product\/73068","targetHints":{"allow":["GET"]}}],"collection":[{"href":"https:\/\/brandss.com.py\/index\/wp-json\/wp\/v2\/product"}],"about":[{"href":"https:\/\/brandss.com.py\/index\/wp-json\/wp\/v2\/types\/product"}],"replies":[{"embeddable":true,"href":"https:\/\/brandss.com.py\/index\/wp-json\/wp\/v2\/comments?post=73068"}],"version-history":[{"count":1,"href":"https:\/\/brandss.com.py\/index\/wp-json\/wp\/v2\/product\/73068\/revisions"}],"predecessor-version":[{"id":73073,"href":"https:\/\/brandss.com.py\/index\/wp-json\/wp\/v2\/product\/73068\/revisions\/73073"}],"wp:featuredmedia":[{"embeddable":true,"href":"https:\/\/brandss.com.py\/index\/wp-json\/wp\/v2\/media\/73070"}],"wp:attachment":[{"href":"https:\/\/brandss.com.py\/index\/wp-json\/wp\/v2\/media?parent=73068"}],"wp:term":[{"taxonomy":"product_brand","embeddable":true,"href":"https:\/\/brandss.com.py\/index\/wp-json\/wp\/v2\/product_brand?post=73068"},{"taxonomy":"product_cat","embeddable":true,"href":"https:\/\/brandss.com.py\/index\/wp-json\/wp\/v2\/product_cat?post=73068"},{"taxonomy":"product_tag","embeddable":true,"href":"https:\/\/brandss.com.py\/index\/wp-json\/wp\/v2\/product_tag?post=73068"}],"curies":[{"name":"wp","href":"https:\/\/api.w.org\/{rel}","templated":true}]}}