{"id":73093,"date":"2025-02-25T18:03:54","date_gmt":"2025-02-25T18:03:54","guid":{"rendered":"https:\/\/brandss.com.py\/index\/?post_type=product&#038;p=73093"},"modified":"2025-02-25T18:04:15","modified_gmt":"2025-02-25T18:04:15","slug":"sandalia-masculino-avia-3","status":"publish","type":"product","link":"https:\/\/brandss.com.py\/index\/producto\/sandalia-masculino-avia-3\/","title":{"rendered":"SANDALIA MASCULINO AVIA"},"content":{"rendered":"<p><img loading=\"lazy\" decoding=\"async\" class=\"\" src=\"https:\/\/logowik.com\/content\/uploads\/images\/avia6531.logowik.com.webp\" alt=\"Avia Logo PNG vector in SVG, PDF, AI, CDR format\" width=\"262\" height=\"197\" \/><\/p>\n<h1>12-490323<\/h1>\n<p data-start=\"73\" data-end=\"436\">Combinan dise\u00f1o deportivo, comodidad y resistencia, convirti\u00e9ndose en la opci\u00f3n ideal para quienes buscan un calzado vers\u00e1til para el uso diario o actividades al aire libre. Su construcci\u00f3n ergon\u00f3mica proporciona un ajuste seguro y una pisada estable, mientras que sus materiales transpirables garantizan frescura en cada paso.<\/p>\n<p data-start=\"438\" data-end=\"708\">Gracias a su <strong data-start=\"451\" data-end=\"489\">suela antideslizante y acolchonada<\/strong>, estas sandalias brindan una excelente tracci\u00f3n y amortiguaci\u00f3n, reduciendo el impacto al caminar. Adem\u00e1s, su dise\u00f1o moderno con <strong data-start=\"619\" data-end=\"641\">correas ajustables<\/strong> permite un ajuste personalizado para mayor comodidad y sujeci\u00f3n.<\/p>\n<h3 data-start=\"710\" data-end=\"748\"><strong data-start=\"714\" data-end=\"746\">Caracter\u00edsticas principales:<\/strong><\/h3>\n<p data-start=\"749\" data-end=\"1103\">\u2714 <strong data-start=\"751\" data-end=\"783\">Dise\u00f1o deportivo y funcional<\/strong>, perfecto para cualquier ocasi\u00f3n casual.<br data-start=\"824\" data-end=\"827\" \/>\u2714 <strong data-start=\"829\" data-end=\"871\">Materiales resistentes y transpirables<\/strong>, asegurando frescura y durabilidad.<br data-start=\"907\" data-end=\"910\" \/>\u2714 <strong data-start=\"912\" data-end=\"959\">Suela de goma con tecnolog\u00eda antideslizante<\/strong>, proporcionando estabilidad en diferentes superficies.<br data-start=\"1014\" data-end=\"1017\" \/>\u2714 <strong data-start=\"1019\" data-end=\"1060\">Cierre ajustable con velcro o hebilla<\/strong>, permitiendo un ajuste preciso y seguro.<\/p>\n<h3 data-start=\"1105\" data-end=\"1133\"><strong data-start=\"1109\" data-end=\"1131\">Detalles t\u00e9cnicos:<\/strong><\/h3>\n<p data-start=\"1134\" data-end=\"1463\">\u2705 <strong data-start=\"1136\" data-end=\"1158\">Material exterior:<\/strong> Sint\u00e9tico de alta calidad, resistente al agua y de f\u00e1cil limpieza.<br data-start=\"1225\" data-end=\"1228\" \/>\u2705 <strong data-start=\"1230\" data-end=\"1240\">Suela:<\/strong> Goma flexible con amortiguaci\u00f3n para mayor comodidad al caminar.<br data-start=\"1305\" data-end=\"1308\" \/>\u2705 <strong data-start=\"1310\" data-end=\"1321\">Ajuste:<\/strong> Sistema de correas ajustables para un ajuste ergon\u00f3mico y personalizado.<br data-start=\"1394\" data-end=\"1397\" \/>\u2705 <strong data-start=\"1399\" data-end=\"1414\">Ideal para:<\/strong> Paseos, playa, caminatas ligeras y uso diario.<\/p>\n<p data-start=\"1465\" data-end=\"1596\">Las <strong data-start=\"1469\" data-end=\"1487\">sandalias Avia<\/strong> son la combinaci\u00f3n perfecta entre frescura, estabilidad y dise\u00f1o moderno, ideales para cualquier aventura.<\/p>\n<p data-start=\"1598\" data-end=\"1658\">\u00a1Ll\u00e9valas contigo y experimenta la comodidad en cada paso!<\/p>\n","protected":false},"excerpt":{"rendered":"<p>12-490323 Combinan dise\u00f1o deportivo, comodidad y resistencia, convirti\u00e9ndose en la opci\u00f3n ideal para quienes buscan un calzado vers\u00e1til para el<\/p>\n","protected":false},"featured_media":73094,"comment_status":"open","ping_status":"closed","template":"","meta":{"nf_dc_page":""},"product_brand":[],"product_cat":[76],"product_tag":[],"class_list":{"0":"post-73093","1":"product","2":"type-product","3":"status-publish","4":"has-post-thumbnail","6":"product_cat-masculino","8":"first","9":"instock","10":"shipping-taxable","11":"purchasable","12":"product-type-simple"},"_links":{"self":[{"href":"https:\/\/brandss.com.py\/index\/wp-json\/wp\/v2\/product\/73093","targetHints":{"allow":["GET"]}}],"collection":[{"href":"https:\/\/brandss.com.py\/index\/wp-json\/wp\/v2\/product"}],"about":[{"href":"https:\/\/brandss.com.py\/index\/wp-json\/wp\/v2\/types\/product"}],"replies":[{"embeddable":true,"href":"https:\/\/brandss.com.py\/index\/wp-json\/wp\/v2\/comments?post=73093"}],"version-history":[{"count":1,"href":"https:\/\/brandss.com.py\/index\/wp-json\/wp\/v2\/product\/73093\/revisions"}],"predecessor-version":[{"id":73096,"href":"https:\/\/brandss.com.py\/index\/wp-json\/wp\/v2\/product\/73093\/revisions\/73096"}],"wp:featuredmedia":[{"embeddable":true,"href":"https:\/\/brandss.com.py\/index\/wp-json\/wp\/v2\/media\/73094"}],"wp:attachment":[{"href":"https:\/\/brandss.com.py\/index\/wp-json\/wp\/v2\/media?parent=73093"}],"wp:term":[{"taxonomy":"product_brand","embeddable":true,"href":"https:\/\/brandss.com.py\/index\/wp-json\/wp\/v2\/product_brand?post=73093"},{"taxonomy":"product_cat","embeddable":true,"href":"https:\/\/brandss.com.py\/index\/wp-json\/wp\/v2\/product_cat?post=73093"},{"taxonomy":"product_tag","embeddable":true,"href":"https:\/\/brandss.com.py\/index\/wp-json\/wp\/v2\/product_tag?post=73093"}],"curies":[{"name":"wp","href":"https:\/\/api.w.org\/{rel}","templated":true}]}}