{"id":73113,"date":"2025-02-25T18:31:49","date_gmt":"2025-02-25T18:31:49","guid":{"rendered":"https:\/\/brandss.com.py\/index\/?post_type=product&#038;p=73113"},"modified":"2025-02-25T18:33:00","modified_gmt":"2025-02-25T18:33:00","slug":"bermuda-masculino-umbro-essential-comfy-2","status":"publish","type":"product","link":"https:\/\/brandss.com.py\/index\/producto\/bermuda-masculino-umbro-essential-comfy-2\/","title":{"rendered":"BERMUDA MASCULINO UMBRO ESSENTIAL COMFY"},"content":{"rendered":"<p><img loading=\"lazy\" decoding=\"async\" class=\"\" src=\"https:\/\/upload.wikimedia.org\/wikipedia\/commons\/2\/22\/Umbro_logo_%28current%29.svg\" alt=\"Archivo:Umbro logo (current).svg - Wikipedia, la enciclopedia libre\" width=\"134\" height=\"87\" \/><\/p>\n<h1>ESSENTIAL COMFY<\/h1>\n<p>Vers\u00e1tiles y elegantes, los pantalones deportivos Umbro Essential Comfy para hombre son la opci\u00f3n perfecta y esencial para una variedad de ocasiones. Fabricado en tejido polar ligero de poli\u00e9ster y algod\u00f3n, el modelo tiene un ajuste regular, cintura el\u00e1stica, cord\u00f3n externo para ajuste y bolsillos laterales, y el logotipo de Umbro se muestra en el lado izquierdo.<\/p>\n<p>G\u00e9nero: Masculino.<\/p>\n<p>Color: Marino.<\/p>\n<p>Composici\u00f3n: 50% Poli\u00e9ster &#8211; 50%\u00a0 Algod\u00f3n.<\/p>\n<p>Longitud total: 48 cm.<\/p>\n<p><span class=\"vtex-product-identifier-0-x-product-identifier__label\"><span>Modelo<\/span><\/span><span class=\"vtex-product-identifier-0-x-product-identifier__separator\"><span>:\u00a0<\/span><\/span><span class=\"vtex-product-identifier-0-x-product-identifier__value\"><span>U11L00588-777<\/span><\/span><\/p>\n","protected":false},"excerpt":{"rendered":"<p>ESSENTIAL COMFY Vers\u00e1tiles y elegantes, los pantalones deportivos Umbro Essential Comfy para hombre son la opci\u00f3n perfecta y esencial para<\/p>\n","protected":false},"featured_media":73114,"comment_status":"open","ping_status":"closed","template":"","meta":{"nf_dc_page":""},"product_brand":[],"product_cat":[76],"product_tag":[],"class_list":{"0":"post-73113","1":"product","2":"type-product","3":"status-publish","4":"has-post-thumbnail","6":"product_cat-masculino","8":"first","9":"instock","10":"shipping-taxable","11":"purchasable","12":"product-type-simple"},"_links":{"self":[{"href":"https:\/\/brandss.com.py\/index\/wp-json\/wp\/v2\/product\/73113","targetHints":{"allow":["GET"]}}],"collection":[{"href":"https:\/\/brandss.com.py\/index\/wp-json\/wp\/v2\/product"}],"about":[{"href":"https:\/\/brandss.com.py\/index\/wp-json\/wp\/v2\/types\/product"}],"replies":[{"embeddable":true,"href":"https:\/\/brandss.com.py\/index\/wp-json\/wp\/v2\/comments?post=73113"}],"version-history":[{"count":1,"href":"https:\/\/brandss.com.py\/index\/wp-json\/wp\/v2\/product\/73113\/revisions"}],"predecessor-version":[{"id":73119,"href":"https:\/\/brandss.com.py\/index\/wp-json\/wp\/v2\/product\/73113\/revisions\/73119"}],"wp:featuredmedia":[{"embeddable":true,"href":"https:\/\/brandss.com.py\/index\/wp-json\/wp\/v2\/media\/73114"}],"wp:attachment":[{"href":"https:\/\/brandss.com.py\/index\/wp-json\/wp\/v2\/media?parent=73113"}],"wp:term":[{"taxonomy":"product_brand","embeddable":true,"href":"https:\/\/brandss.com.py\/index\/wp-json\/wp\/v2\/product_brand?post=73113"},{"taxonomy":"product_cat","embeddable":true,"href":"https:\/\/brandss.com.py\/index\/wp-json\/wp\/v2\/product_cat?post=73113"},{"taxonomy":"product_tag","embeddable":true,"href":"https:\/\/brandss.com.py\/index\/wp-json\/wp\/v2\/product_tag?post=73113"}],"curies":[{"name":"wp","href":"https:\/\/api.w.org\/{rel}","templated":true}]}}